{"id":925,"date":"2022-10-17T09:42:51","date_gmt":"2022-10-17T07:42:51","guid":{"rendered":"https:\/\/alfako-stallausstattung.de\/?post_type=product&#038;p=925"},"modified":"2025-02-10T10:29:46","modified_gmt":"2025-02-10T09:29:46","slug":"top-schrank-maxi","status":"publish","type":"product","link":"https:\/\/alfako-stallausstattung.de\/en\/top-schrank-maxi-oben-oeffnend\/","title":{"rendered":"Top cupboard Maxi top opening"},"content":{"rendered":"<p><strong>Top Schrank Maxi oben \u00f6ffnend.<\/strong><\/p>\n<p><span class=\"\">F\u00fcr die Aufbewahrung von Pferdedecken und Schabracken, wenn Sie zu wenig Platz in Ihrem Turnierschrank haben, gibt es passende Top-Schr\u00e4nke f\u00fcr Alfako Maxi Modelle. Diese sind eine perfekte L\u00f6sung f\u00fcr Reiter mit begrenztem Stauraum. Hier sind einige Details zu solchen Top-Schr\u00e4nken:<\/span><\/p>\n<h2 class=\"hover:duration-80 duration-800 mb-2 mt-6 w-fit cursor-pointer text-lg underline decoration-textOff\/25 decoration-1 underline-offset-[5px] hover:text-super hover:decoration-super\/80 hover:underline-offset-[7px] dark:decoration-textOffDark\/30 dark:hover:text-superDark dark:hover:decoration-superDark\/80 transition-all first:mt-3 motion-reduce:transition-none\" data-state=\"closed\">Hauptmerkmale<\/h2>\n<ul class=\"marker:text-textOff list-disc pl-8\">\n<li><span class=\"hover:duration-80 duration-800 cursor-pointer underline decoration-textOff\/25 decoration-1 underline-offset-[4px] hover:text-super hover:decoration-super\/80 hover:underline-offset-[6px] dark:decoration-textOffDark\/30 dark:hover:text-superDark dark:hover:decoration-superDark\/80 transition-all first:mt-3 motion-reduce:transition-none\" data-state=\"closed\"><strong>Zweck<\/strong><\/span><span class=\"\">: Speziell entwickelt f\u00fcr die Aufbewahrung von Schabracken und Pferdedecken.<\/span><\/li>\n<li><span class=\"hover:duration-80 duration-800 cursor-pointer underline decoration-textOff\/25 decoration-1 underline-offset-[4px] hover:text-super hover:decoration-super\/80 hover:underline-offset-[6px] dark:decoration-textOffDark\/30 dark:hover:text-superDark dark:hover:decoration-superDark\/80 transition-all first:mt-3 motion-reduce:transition-none\" data-state=\"closed\"><strong>Ma\u00dfe<\/strong><\/span><span class=\"\">: H\u00f6he 250 mm, Breite 1355 mm und Tiefe 630 mm.<\/span><\/li>\n<li><span class=\"hover:duration-80 duration-800 cursor-pointer underline decoration-textOff\/25 decoration-1 underline-offset-[4px] hover:text-super hover:decoration-super\/80 hover:underline-offset-[6px] dark:decoration-textOffDark\/30 dark:hover:text-superDark dark:hover:decoration-superDark\/80 transition-all first:mt-3 motion-reduce:transition-none\" data-state=\"closed\"><strong>Standardfarbe<\/strong><\/span><span class=\"\">: Schwarz.<\/span><\/li>\n<\/ul>\n<h2 class=\"hover:duration-80 duration-800 mb-2 mt-6 w-fit cursor-pointer text-lg underline decoration-textOff\/25 decoration-1 underline-offset-[5px] hover:text-super hover:decoration-super\/80 hover:underline-offset-[7px] dark:decoration-textOffDark\/30 dark:hover:text-superDark dark:hover:decoration-superDark\/80 transition-all first:mt-3 motion-reduce:transition-none\" data-state=\"closed\">Vorteile<\/h2>\n<ul class=\"marker:text-textOff list-disc pl-8\">\n<li><span class=\"hover:duration-80 duration-800 cursor-pointer underline decoration-textOff\/25 decoration-1 underline-offset-[4px] hover:text-super hover:decoration-super\/80 hover:underline-offset-[6px] dark:decoration-textOffDark\/30 dark:hover:text-superDark dark:hover:decoration-superDark\/80 transition-all first:mt-3 motion-reduce:transition-none\" data-state=\"closed\"><strong>Erh\u00f6hter Stauraum<\/strong><\/span><span class=\"\">: Bietet zus\u00e4tzlichen Platz f\u00fcr Ihre Ausr\u00fcstung.<\/span><\/li>\n<li><span class=\"hover:duration-80 duration-800 cursor-pointer underline decoration-textOff\/25 decoration-1 underline-offset-[4px] hover:text-super hover:decoration-super\/80 hover:underline-offset-[6px] dark:decoration-textOffDark\/30 dark:hover:text-superDark dark:hover:decoration-superDark\/80 transition-all first:mt-3 motion-reduce:transition-none\" data-state=\"closed\"><strong>Praktische Montage<\/strong><\/span><span class=\"\">: Beim Kauf eines geeigneten Turnierschranks kann der Top-Schrank direkt montiert werden. Bei Einzelkauf wird er komplett mit Montageschrauben geliefert.<\/span><\/li>\n<\/ul>\n<h2 class=\"hover:duration-80 duration-800 mb-2 mt-6 w-fit cursor-pointer text-lg underline decoration-textOff\/25 decoration-1 underline-offset-[5px] hover:text-super hover:decoration-super\/80 hover:underline-offset-[7px] dark:decoration-textOffDark\/30 dark:hover:text-superDark dark:hover:decoration-superDark\/80 transition-all first:mt-3 motion-reduce:transition-none\" data-state=\"closed\">Hinweise zur Montage<\/h2>\n<ol class=\"marker:text-textOff list-decimal pl-8\">\n<li><span class=\"\">Setzen Sie die Top Box passgenau auf den Turnierschrank.<\/span><\/li>\n<li><span class=\"\">Markieren Sie die drei Punkt\u00f6ffnungen von der Top Box auf dem Turnierschrank mit einem Marker entsprechend den L\u00f6chern in der Top Box.<\/span><\/li>\n<li><span class=\"\">Bohren Sie drei L\u00f6cher im Turnierschrank mit einem 6,5-mm-Bohrer.<\/span><\/li>\n<li><span class=\"\">Schrauben Sie die Top Box fest mit den drei beiliegenden Schrauben (10'er Maulschl\u00fcssel).<\/span><\/li>\n<\/ol>\n<p><span class=\"\">Diese Informationen helfen Ihnen bei der Auswahl eines passenden Top-Schranks f\u00fcr Ihren Bedarf an zus\u00e4tzlichem Stauraum im Alfako Maxi Turnierschrank zur Aufbewahrung von Pferdedecken und Schabracken<\/span><\/p>\n","protected":false},"excerpt":{"rendered":"<p>A suitable extension for your tournament cabinet. Our perfect top lockers.<\/p>","protected":false},"featured_media":18154,"template":"","meta":{"_seopress_robots_primary_cat":"none","_seopress_titles_title":"","_seopress_titles_desc":"","_seopress_robots_index":""},"product_brand":[],"product_cat":[25,17],"product_tag":[],"class_list":{"0":"post-925","1":"product","2":"type-product","3":"status-publish","4":"has-post-thumbnail","6":"product_cat-top-schrank","7":"product_cat-turnierschrank","9":"first","10":"instock","11":"taxable","12":"shipping-taxable","13":"purchasable","14":"product-type-simple"},"_links":{"self":[{"href":"https:\/\/alfako-stallausstattung.de\/en\/wp-json\/wp\/v2\/product\/925","targetHints":{"allow":["GET"]}}],"collection":[{"href":"https:\/\/alfako-stallausstattung.de\/en\/wp-json\/wp\/v2\/product"}],"about":[{"href":"https:\/\/alfako-stallausstattung.de\/en\/wp-json\/wp\/v2\/types\/product"}],"wp:featuredmedia":[{"embeddable":true,"href":"https:\/\/alfako-stallausstattung.de\/en\/wp-json\/wp\/v2\/media\/18154"}],"wp:attachment":[{"href":"https:\/\/alfako-stallausstattung.de\/en\/wp-json\/wp\/v2\/media?parent=925"}],"wp:term":[{"taxonomy":"product_brand","embeddable":true,"href":"https:\/\/alfako-stallausstattung.de\/en\/wp-json\/wp\/v2\/product_brand?post=925"},{"taxonomy":"product_cat","embeddable":true,"href":"https:\/\/alfako-stallausstattung.de\/en\/wp-json\/wp\/v2\/product_cat?post=925"},{"taxonomy":"product_tag","embeddable":true,"href":"https:\/\/alfako-stallausstattung.de\/en\/wp-json\/wp\/v2\/product_tag?post=925"}],"curies":[{"name":"wp","href":"https:\/\/api.w.org\/{rel}","templated":true}]}}