{"id":18312,"date":"2024-03-05T14:08:30","date_gmt":"2024-03-05T13:08:30","guid":{"rendered":"https:\/\/alfako-stallausstattung.de\/?post_type=product&#038;p=18312"},"modified":"2025-08-01T12:50:26","modified_gmt":"2025-08-01T10:50:26","slug":"turnierschrank-midi-x","status":"publish","type":"product","link":"https:\/\/alfako-stallausstattung.de\/en\/turnierschrank-midi-x\/","title":{"rendered":"Midi X tournament cabinet"},"content":{"rendered":"<p><span class=\"hover:duration-80 duration-800 cursor-pointer underline decoration-textOff\/25 decoration-1 underline-offset-[4px] hover:text-super hover:decoration-super\/80 hover:underline-offset-[6px] dark:decoration-textOffDark\/30 dark:hover:text-superDark dark:hover:decoration-superDark\/80 transition-all first:mt-3 motion-reduce:transition-none\" data-state=\"closed\"><strong>Entdecken Sie den MIDI X Turnierschrank: Eleganz trifft Funktionalit\u00e4t<\/strong><\/span> <span class=\"\">Der MIDI X Turnierschrank ist ein echter Hingucker in der Welt der Reitausr\u00fcstung. Mit einer Kapazit\u00e4t, die sich mit dem MAXI-Modell messen kann, bietet er eine perfekte Kombination aus Stil und Funktionalit\u00e4t. Dieses innovative Design wurde speziell entwickelt, um die Bed\u00fcrfnisse anspruchsvoller Reiter zu erf\u00fcllen.<\/span><\/p>\n<h2 class=\"hover:duration-80 duration-800 mb-2 mt-6 w-fit cursor-pointer text-lg underline decoration-textOff\/25 decoration-1 underline-offset-[5px] hover:text-super hover:decoration-super\/80 hover:underline-offset-[7px] dark:decoration-textOffDark\/30 dark:hover:text-superDark dark:hover:decoration-superDark\/80 transition-all first:mt-3 motion-reduce:transition-none\" data-state=\"closed\"><strong>Gut durchdachte Aufteilung<\/strong><\/h2>\n<p><span class=\"\">Der Turnierschrank \u00fcberzeugt mit seiner intelligenten Aufteilung:<\/span><\/p>\n<ul class=\"marker:text-textOff list-disc pl-8\">\n<li><span class=\"hover:duration-80 duration-800 cursor-pointer underline decoration-textOff\/25 decoration-1 underline-offset-[4px] hover:text-super hover:decoration-super\/80 hover:underline-offset-[6px] dark:decoration-textOffDark\/30 dark:hover:text-superDark dark:hover:decoration-superDark\/80 transition-all first:mt-3 motion-reduce:transition-none\" data-state=\"closed\"><strong>Drei ger\u00e4umige vertikale Schubladen<\/strong><\/span><span class=\"\"> bieten reichlich Platz f\u00fcr Ihre Ausr\u00fcstung.<\/span><\/li>\n<li><span class=\"\">Eine zus\u00e4tzliche verl\u00e4ngerte horizontale Erweiterung erm\u00f6glicht es Ihnen, Ihre Utensilien auf organisierte Weise zu verstauen.<\/span><\/li>\n<\/ul>\n<h2 class=\"hover:duration-80 duration-800 mb-2 mt-6 w-fit cursor-pointer text-lg underline decoration-textOff\/25 decoration-1 underline-offset-[5px] hover:text-super hover:decoration-super\/80 hover:underline-offset-[7px] dark:decoration-textOffDark\/30 dark:hover:text-superDark dark:hover:decoration-superDark\/80 transition-all first:mt-3 motion-reduce:transition-none\" data-state=\"closed\"><strong>Komfort und Sicherheit<\/strong><\/h2>\n<ul class=\"marker:text-textOff list-disc pl-8\">\n<li><span class=\"\">Der Schrank bietet Platz f\u00fcr zwei S\u00e4ttel und sechs ausziehbare Sattelf\u00e4cher, was den Zugriff auf wichtige Ausr\u00fcstungsgegenst\u00e4nde erleichtert.<\/span><\/li>\n<li><span class=\"\">F\u00fcr zus\u00e4tzliche Sicherheit kann der Turnierschrank verschlossen werden.<\/span><\/li>\n<\/ul>\n<h2 class=\"hover:duration-80 duration-800 mb-2 mt-6 w-fit cursor-pointer text-lg underline decoration-textOff\/25 decoration-1 underline-offset-[5px] hover:text-super hover:decoration-super\/80 hover:underline-offset-[7px] dark:decoration-textOffDark\/30 dark:hover:text-superDark dark:hover:decoration-superDark\/80 transition-all first:mt-3 motion-reduce:transition-none\" data-state=\"closed\"><strong>Mobilit\u00e4t ohne Grenzen<\/strong><\/h2>\n<p><span class=\"\">Vier Griffe sowie vier pneumatische R\u00e4der (zwei schwenkbare mit Bremse und zwei feststehende) machen diesen Schrank auch bei voller Beladung extrem leicht beweglich. Die robuste Konstruktion aus pulverbeschichtetem Stahl oder Edelstahl sorgt f\u00fcr Langlebigkeit.<\/span> <span class=\"hover:duration-80 duration-800 cursor-pointer underline decoration-textOff\/25 decoration-1 underline-offset-[4px] hover:text-super hover:decoration-super\/80 hover:underline-offset-[6px] dark:decoration-textOffDark\/30 dark:hover:text-superDark dark:hover:decoration-superDark\/80 transition-all first:mt-3 motion-reduce:transition-none\" data-state=\"closed\"><strong>Technische Details:<\/strong><\/span><\/p>\n<div class=\"w-full overflow-x-auto md:max-w-[90vw] border-borderMain\/50 ring-borderMain\/50 divide-borderMain\/50 dark:divide-borderMainDark\/50 dark:ring-borderMainDark\/50 dark:border-borderMainDark\/50 bg-transparent\">\n<table class=\"border-borderMain dark:border-borderMainDark my-[1em] w-full table-auto border\">\n<thead class=\"bg-offset dark:bg-offsetDark\">\n<tr>\n<th class=\"px-sm py-sm break-normal align-top\">Merkmale<\/th>\n<th class=\"px-sm py-sm break-normal align-top\">Details<\/th>\n<\/tr>\n<\/thead>\n<tbody>\n<tr>\n<td class=\"border-borderMain px-sm dark:border-borderMainDark min-w-[48px] break-normal border\">H\u00f6he<\/td>\n<td class=\"border-borderMain px-sm dark:border-borderMainDark min-w-[48px] break-normal border\">1276 mm bis 1381 mm (je nach Radh\u00f6he)<\/td>\n<\/tr>\n<tr>\n<td class=\"border-borderMain px-sm dark:border-borderMainDark min-w-[48px] break-normal border\">Breite<\/td>\n<td class=\"border-borderMain px-sm dark:border-borderMainDark min-w-[48px] break-normal border\">1122 mm (mit R\u00fccken), 1002 mm (ohne R\u00fccken)<\/td>\n<\/tr>\n<tr>\n<td class=\"border-borderMain px-sm dark:border-borderMainDark min-w-[48px] break-normal border\">Tiefe<\/td>\n<td class=\"border-borderMain px-sm dark:border-borderMainDark min-w-[48px] break-normal border\">635 mm<\/td>\n<\/tr>\n<tr>\n<td class=\"border-borderMain px-sm dark:border-borderMainDark min-w-[48px] break-normal border\">Gewicht<\/td>\n<td class=\"border-borderMain px-sm dark:border-borderMainDark min-w-[48px] break-normal border\">ca. 90 kg<\/td>\n<\/tr>\n<\/tbody>\n<\/table>\n<div class=\"py-xs -mt-[0.5em] flex justify-end\">\n<div><span class=\"HwtZe\" lang=\"de\"><span class=\"jCAhz ChMk0b\"><span class=\"ryNqvb\">H\u00f6he mit 160 mm R\u00e4dern: 1276 mm <\/span><\/span><span class=\"jCAhz ChMk0b\"><span class=\"ryNqvb\">H\u00f6he mit 200mm R\u00e4dern: 1311mm <\/span><\/span><span class=\"jCAhz ChMk0b\"><span class=\"ryNqvb\">H\u00f6he mit 225mm R\u00e4dern: 1338mm <\/span><\/span><span class=\"jCAhz ChMk0b\"><span class=\"ryNqvb\">H\u00f6he mit R\u00e4dern 260 mm: 1381 mm <\/span><\/span><span class=\"jCAhz\"><span class=\"ryNqvb\">H\u00f6he ohne R\u00e4der: 1081 mm <\/span><\/span><span class=\"jCAhz ChMk0b\"><span class=\"ryNqvb\">Breite mit Griffen: 1122 mm <\/span><\/span><span class=\"jCAhz ChMk0b\"><span class=\"ryNqvb\">Breite ohne Griffe: 1002 mm <\/span><\/span><span class=\"jCAhz\"><span class=\"ryNqvb\">Tiefe: 635mm<\/span><\/span><\/span><\/div>\n<\/div>\n<\/div>\n<p><span class=\"hover:duration-80 duration-800 cursor-pointer underline decoration-textOff\/25 decoration-1 underline-offset-[4px] hover:text-super hover:decoration-super\/80 hover:underline-offset-[6px] dark:decoration-textOffDark\/30 dark:hover:text-superDark dark:hover:decoration-superDark\/80 transition-all first:mt-3 motion-reduce:transition-none\" data-state=\"closed\"><strong>Investition in Zufriedenheit:<\/strong><\/span><span class=\"\"> Der MIDI X Turnierschrank ist eine Garantie f\u00fcr alle, die eine perfekte L\u00f6sung zur Aufbewahrung ihrer Reitausr\u00fcstung suchen \u2013 ohne Kompromisse bei Stil und Haltbarkeit einzugehen.<\/span> <span class=\"\">Bitte beachten Sie: Bei Kauf \u00fcber verschiedene Internetportale empfiehlt es sich, vorher den Kundenservice zu kontaktieren. Die Lieferzeit betr\u00e4gt maximal drei Arbeitstage bei Lagerverf\u00fcgbarkeit; ansonsten verl\u00e4ngert sie sich auf etwa vier Wochen.<\/span><\/p>\n","protected":false},"excerpt":{"rendered":"<p>Entdecken Sie den MIDI X Turnierschrank: Eleganz trifft Funktionalit\u00e4t Der MIDI X Turnierschrank ist ein echter Hingucker in der Welt der Reitausr\u00fcstung. Mit einer Kapazit\u00e4t, die sich mit dem MAXI-Modell messen kann, bietet er eine perfekte Kombination aus Stil und Funktionalit\u00e4t. Dieses innovative Design wurde speziell entwickelt, um die Bed\u00fcrfnisse anspruchsvoller Reiter zu erf\u00fcllen. Gut [&hellip;]<\/p>\n","protected":false},"featured_media":18319,"template":"","meta":{"_seopress_robots_primary_cat":"none","_seopress_titles_title":"","_seopress_titles_desc":"","_seopress_robots_index":""},"product_brand":[],"product_cat":[16,17],"product_tag":[],"class_list":{"0":"post-18312","1":"product","2":"type-product","3":"status-publish","4":"has-post-thumbnail","6":"product_cat-stall","7":"product_cat-turnierschrank","9":"first","10":"instock","11":"taxable","12":"shipping-taxable","13":"purchasable","14":"product-type-variable"},"_links":{"self":[{"href":"https:\/\/alfako-stallausstattung.de\/en\/wp-json\/wp\/v2\/product\/18312","targetHints":{"allow":["GET"]}}],"collection":[{"href":"https:\/\/alfako-stallausstattung.de\/en\/wp-json\/wp\/v2\/product"}],"about":[{"href":"https:\/\/alfako-stallausstattung.de\/en\/wp-json\/wp\/v2\/types\/product"}],"wp:featuredmedia":[{"embeddable":true,"href":"https:\/\/alfako-stallausstattung.de\/en\/wp-json\/wp\/v2\/media\/18319"}],"wp:attachment":[{"href":"https:\/\/alfako-stallausstattung.de\/en\/wp-json\/wp\/v2\/media?parent=18312"}],"wp:term":[{"taxonomy":"product_brand","embeddable":true,"href":"https:\/\/alfako-stallausstattung.de\/en\/wp-json\/wp\/v2\/product_brand?post=18312"},{"taxonomy":"product_cat","embeddable":true,"href":"https:\/\/alfako-stallausstattung.de\/en\/wp-json\/wp\/v2\/product_cat?post=18312"},{"taxonomy":"product_tag","embeddable":true,"href":"https:\/\/alfako-stallausstattung.de\/en\/wp-json\/wp\/v2\/product_tag?post=18312"}],"curies":[{"name":"wp","href":"https:\/\/api.w.org\/{rel}","templated":true}]}}