{"id":17732,"date":"2023-06-16T09:00:58","date_gmt":"2023-06-16T07:00:58","guid":{"rendered":"https:\/\/alfako-stallausstattung.de\/?post_type=product&#038;p=17732"},"modified":"2025-02-10T07:19:50","modified_gmt":"2025-02-10T06:19:50","slug":"externe-pferde-sattelstangen-halterung","status":"publish","type":"product","link":"https:\/\/alfako-stallausstattung.de\/en\/externe-pferde-sattelstangen-halterung\/","title":{"rendered":"External Horse Saddle Bar Support"},"content":{"rendered":"<p><span class=\"hover:duration-80 duration-800 cursor-pointer underline decoration-textOff\/25 decoration-1 underline-offset-[4px] hover:text-super hover:decoration-super\/80 hover:underline-offset-[6px] dark:decoration-textOffDark\/30 dark:hover:text-superDark dark:hover:decoration-superDark\/80 transition-all first:mt-3 motion-reduce:transition-none\" data-state=\"closed\"><strong>Externe Pferdesattel-Stangenhalterung - Die L\u00f6sung f\u00fcr Ihren Platzmangel<\/strong><\/span> <span class=\"\">Haben Sie oft Platzmangel im Turnierschrank? Hier ist die L\u00f6sung! Unsere externe Pferdesattel-Stangenhalterung ist speziell f\u00fcr unsere MIDI\/MAXI-Turnierschr\u00e4nke entwickelt worden und bietet eine einfache M\u00f6glichkeit, Ihren Sattel griffbereit zu halten, ohne den Schrank \u00f6ffnen zu m\u00fcssen.<\/span><\/p>\n<h2 class=\"hover:duration-80 duration-800 mb-2 mt-6 w-fit cursor-pointer text-lg underline decoration-textOff\/25 decoration-1 underline-offset-[5px] hover:text-super hover:decoration-super\/80 hover:underline-offset-[7px] dark:decoration-textOffDark\/30 dark:hover:text-superDark dark:hover:decoration-superDark\/80 transition-all first:mt-3 motion-reduce:transition-none\" data-state=\"closed\">Hauptmerkmale<\/h2>\n<ul class=\"marker:text-textOff list-disc pl-8\">\n<li><span class=\"\"><span class=\"hover:duration-80 duration-800 cursor-pointer underline decoration-textOff\/25 decoration-1 underline-offset-[4px] hover:text-super hover:decoration-super\/80 hover:underline-offset-[6px] dark:decoration-textOffDark\/30 dark:hover:text-superDark dark:hover:decoration-superDark\/80 transition-all first:mt-3 motion-reduce:transition-none\" data-state=\"closed\"><strong>Kompatibilit\u00e4t<\/strong><\/span>: Diese Halterung ist kompatibel mit unseren neuen und alten Griffstangen, was sie flexibel einsetzbar macht.<\/span><\/li>\n<li><span class=\"\"><span class=\"hover:duration-80 duration-800 cursor-pointer underline decoration-textOff\/25 decoration-1 underline-offset-[4px] hover:text-super hover:decoration-super\/80 hover:underline-offset-[6px] dark:decoration-textOffDark\/30 dark:hover:text-superDark dark:hover:decoration-superDark\/80 transition-all first:mt-3 motion-reduce:transition-none\" data-state=\"closed\"><strong>Einfache Montage\/Demontage<\/strong><\/span>: Die Halterung kann schnell und einfach montiert oder demontiert werden \u2013 ideal f\u00fcr den t\u00e4glichen Gebrauch.<\/span><\/li>\n<li><span class=\"\"><span class=\"hover:duration-80 duration-800 cursor-pointer underline decoration-textOff\/25 decoration-1 underline-offset-[4px] hover:text-super hover:decoration-super\/80 hover:underline-offset-[6px] dark:decoration-textOffDark\/30 dark:hover:text-superDark dark:hover:decoration-superDark\/80 transition-all first:mt-3 motion-reduce:transition-none\" data-state=\"closed\"><strong>Materialien<\/strong><\/span>: Unsere externe Pferdesattel-Stangenhalterung besteht aus robustem Stahl mit einer pulverbeschichteten Oberfl\u00e4che. Nur in schwarz erh\u00e4ltlich.<\/span><\/li>\n<\/ul>\n<h2 class=\"hover:duration-80 duration-800 mb-2 mt-6 w-fit cursor-pointer text-lg underline decoration-textOff\/25 decoration-1 underline-offset-[5px] hover:text-super hover:decoration-super\/80 hover:underline-offset-[7px] dark:decoration-textOffDark\/30 dark:hover:text-superDark dark:hover:decoration-superDark\/80 transition-all first:mt-3 motion-reduce:transition-none\" data-state=\"closed\">Technische Details<\/h2>\n<div class=\"w-full overflow-x-auto md:max-w-[90vw] border-borderMain\/50 ring-borderMain\/50 divide-borderMain\/50 dark:divide-borderMainDark\/50  dark:ring-borderMainDark\/50 dark:border-borderMainDark\/50 bg-transparent\">\n<table class=\"border-borderMain dark:border-borderMainDark my-[1em] w-full table-auto border\">\n<thead class=\"bg-offset dark:bg-offsetDark\">\n<tr>\n<th class=\"px-sm py-sm break-normal align-top\">Merkmale<\/th>\n<th class=\"px-sm py-sm break-normal align-top\">Details<\/th>\n<\/tr>\n<\/thead>\n<tbody>\n<tr>\n<td class=\"border-borderMain px-sm dark:border-borderMainDark min-w-[48px] break-normal border\">H\u00f6he<\/td>\n<td class=\"border-borderMain px-sm dark:border-borderMainDark min-w-[48px] break-normal border\">176 mm<\/td>\n<\/tr>\n<tr>\n<td class=\"border-borderMain px-sm dark:border-borderMainDark min-w-[48px] break-normal border\">Breite<\/td>\n<td class=\"border-borderMain px-sm dark:border-borderMainDark min-w-[48px] break-normal border\">600 mm<\/td>\n<\/tr>\n<tr>\n<td class=\"border-borderMain px-sm dark:border-borderMainDark min-w-[48px] break-normal border\">Gewicht<\/td>\n<td class=\"border-borderMain px-sm dark:border-borderMainDark min-w-[48px] break-normal border\">1,2 kg<\/td>\n<\/tr>\n<\/tbody>\n<\/table>\n<div class=\"py-xs -mt-[0.5em] flex justify-end\">\n<div><\/div>\n<\/div>\n<\/div>\n<p><span class=\"\">Die Verwendung von Stahl gew\u00e4hrleistet eine hohe Stabilit\u00e4t und Langlebigkeit der Halterung. Eine gute externe Sattelstangenhalterung sollte in der Lage sein, einen Westernsattel zu tragen, der etwa 20 kg wiegen kann<\/span><span class=\"\"><span class=\"whitespace-nowrap\"><a class=\" mr-[2px] citation ml-xs inline\" href=\"https:\/\/alfako-stallausstattung.de\/externe-pferde-sattelstangen-halterung\/\" target=\"_blank\" rel=\"nofollow noopener\" data-state=\"closed\" aria-label=\"Externe Pferdesattel-Stangenhalterung\"><span class=\"relative align-middle undefined -top-px default font-sans text-base text-textMain dark:text-textMainDark selection:bg-super\/50 selection:text-textMain dark:selection:bg-superDuper\/10 dark:selection:text-superDark\"><span class=\"hover:bg-super dark:hover:bg-superDark dark:hover:text-backgroundDark min-w-[1rem] rounded-[0.3125rem] px-[0.3rem] text-center align-middle font-mono text-[0.6rem] tabular-nums hover:text-white py-[0.1875rem] border-borderMain\/50 ring-borderMain\/50 divide-borderMain\/50 dark:divide-borderMainDark\/50  dark:ring-borderMainDark\/50 dark:border-borderMainDark\/50 bg-offsetPlus dark:bg-offsetPlusDark\">4<\/span><\/span><\/a>.<\/span><\/span><\/p>\n<h2 class=\"hover:duration-80 duration-800 mb-2 mt-6 w-fit cursor-pointer text-lg underline decoration-textOff\/25 decoration-1 underline-offset-[5px] hover:text-super hover:decoration-super\/80 hover:underline-offset-[7px] dark:decoration-textOffDark\/30 dark:hover:text-superDark dark:hover:decoration-superDark\/80 transition-all first:mt-3 motion-reduce:transition-none\" data-state=\"closed\">Investition in Zufriedenheit<\/h2>\n<p><span class=\"\">Investieren Sie noch heute in unsere externe Pferdesattel-Stangenhalterung und profitieren Sie von mehr Komfort bei der Aufbewahrung Ihres Reitzubeh\u00f6rs. Der Preis variiert je nach Ausf\u00fchrungsart zwischen etwa 20 Euro f\u00fcr einfache Modelle bis hin zu professionellen Versionen ab ca. 80 Euro<\/span><span class=\"\"><span class=\"whitespace-nowrap\"><a class=\" mr-[2px] citation ml-xs inline\" href=\"https:\/\/alfako-stallausstattung.de\/externe-pferde-sattelstangen-halterung\/\" target=\"_blank\" rel=\"nofollow noopener\" data-state=\"closed\" aria-label=\"Externe Pferdesattel-Stangenhalterung\"><span class=\"relative align-middle undefined -top-px default font-sans text-base text-textMain dark:text-textMainDark selection:bg-super\/50 selection:text-textMain dark:selection:bg-superDuper\/10 dark:selection:text-superDark\"><span class=\"hover:bg-super dark:hover:bg-superDark dark:hover:text-backgroundDark min-w-[1rem] rounded-[0.3125rem] px-[0.3rem] text-center align-middle font-mono text-[0.6rem] tabular-nums hover:text-white py-[0.1875rem] border-borderMain\/50 ring-borderMain\/50 divide-borderMain\/50 dark:divide-borderMainDark\/50  dark:ring-borderMainDark\/50 dark:border-borderMainDark\/50 bg-offsetPlus dark:bg-offsetPlusDark\">4<\/span><\/span><\/a>.<\/span><\/span> <span class=\"hover:duration-80 duration-800 cursor-pointer underline decoration-textOff\/25 decoration-1 underline-offset-[4px] hover:text-super hover:decoration-super\/80 hover:underline-offset-[6px] dark:decoration-textOffDark\/30 dark:hover:text-superDark dark:hover:decoration-superDark\/80 transition-all first:mt-3 motion-reduce:transition-none\" data-state=\"closed\"><strong>Wichtige Hinweise:<\/strong><\/span><span class=\"\"><br \/>\n<\/span> <span class=\"\">Bitte beachten Sie, dass die Sattelstange nicht im Preis enthalten ist.<\/span><span class=\"\"><br \/>\n<\/span> <span class=\"\">Bei einem Kauf \u00fcber verschiedene Internetportale empfiehlt es sich vorab den Kundenservice zu kontaktieren.<\/span><span class=\"\"><br \/>\n<\/span> <span class=\"\">Die Standardlieferzeit betr\u00e4gt maximal drei Arbeitstage bei Lagerverf\u00fcgbarkeit; ansonsten verl\u00e4ngert sie sich auf etwa vier Wochen.<\/span><\/p>\n<p>&nbsp;<\/p>\n<p>&nbsp;<\/p>\n","protected":false},"excerpt":{"rendered":"<p>Externe Pferdesattel-Stangenhalterung - Die L\u00f6sung f\u00fcr Ihren Platzmangel Haben Sie oft Platzmangel im Turnierschrank? Hier ist die L\u00f6sung! Unsere externe Pferdesattel-Stangenhalterung ist speziell f\u00fcr unsere MIDI\/MAXI-Turnierschr\u00e4nke entwickelt worden und bietet eine einfache M\u00f6glichkeit, Ihren Sattel griffbereit zu halten, ohne den Schrank \u00f6ffnen zu m\u00fcssen. Hauptmerkmale Kompatibilit\u00e4t: Diese Halterung ist kompatibel mit unseren neuen und alten [&hellip;]<\/p>\n","protected":false},"featured_media":17735,"template":"","meta":{"_seopress_robots_primary_cat":"none","_seopress_titles_title":"","_seopress_titles_desc":"","_seopress_robots_index":""},"product_brand":[],"product_cat":[17],"product_tag":[],"class_list":{"0":"post-17732","1":"product","2":"type-product","3":"status-publish","4":"has-post-thumbnail","6":"product_cat-turnierschrank","8":"first","9":"instock","10":"taxable","11":"shipping-taxable","12":"purchasable","13":"product-type-simple"},"_links":{"self":[{"href":"https:\/\/alfako-stallausstattung.de\/en\/wp-json\/wp\/v2\/product\/17732","targetHints":{"allow":["GET"]}}],"collection":[{"href":"https:\/\/alfako-stallausstattung.de\/en\/wp-json\/wp\/v2\/product"}],"about":[{"href":"https:\/\/alfako-stallausstattung.de\/en\/wp-json\/wp\/v2\/types\/product"}],"wp:featuredmedia":[{"embeddable":true,"href":"https:\/\/alfako-stallausstattung.de\/en\/wp-json\/wp\/v2\/media\/17735"}],"wp:attachment":[{"href":"https:\/\/alfako-stallausstattung.de\/en\/wp-json\/wp\/v2\/media?parent=17732"}],"wp:term":[{"taxonomy":"product_brand","embeddable":true,"href":"https:\/\/alfako-stallausstattung.de\/en\/wp-json\/wp\/v2\/product_brand?post=17732"},{"taxonomy":"product_cat","embeddable":true,"href":"https:\/\/alfako-stallausstattung.de\/en\/wp-json\/wp\/v2\/product_cat?post=17732"},{"taxonomy":"product_tag","embeddable":true,"href":"https:\/\/alfako-stallausstattung.de\/en\/wp-json\/wp\/v2\/product_tag?post=17732"}],"curies":[{"name":"wp","href":"https:\/\/api.w.org\/{rel}","templated":true}]}}