{"id":17680,"date":"2023-03-15T12:19:48","date_gmt":"2023-03-15T11:19:48","guid":{"rendered":"https:\/\/alfako-stallausstattung.de\/?post_type=product&#038;p=17680"},"modified":"2025-02-07T09:16:52","modified_gmt":"2025-02-07T08:16:52","slug":"turnierschrank-maxi-plus-westernpie","status":"publish","type":"product","link":"https:\/\/alfako-stallausstattung.de\/en\/turnierschrank-maxi-plus-western\/","title":{"rendered":"Tournament cabinet Maxi Plus Western"},"content":{"rendered":"<p><span class=\"hover:duration-80 duration-800 cursor-pointer underline decoration-textOff\/25 decoration-1 underline-offset-[4px] hover:text-super hover:decoration-super\/80 hover:underline-offset-[6px] dark:decoration-textOffDark\/30 dark:hover:text-superDark dark:hover:decoration-superDark\/80 transition-all first:mt-3 motion-reduce:transition-none\" data-state=\"closed\"><strong>Entdecken Sie den TURNIERSCHRANK MAXI PLUS WESTERN: Eleganz und Funktionalit\u00e4t f\u00fcr Western-Enthusiasten<\/strong><\/span> <span class=\"\">Der TURNIERSCHRANK MAXI PLUS WESTERN wurde speziell nach den Vorstellungen und W\u00fcnschen von Western-Reitern entwickelt, die hohe Erwartungen an einen Turnierschrank stellen. Dieser Schrank ist nicht nur extrem ger\u00e4umig, sondern bietet auch ein separat abschlie\u00dfbares Wertfach, um Ihre Dokumente und Wertsachen sicher aufzubewahren.<\/span><\/p>\n<h2 class=\"hover:duration-80 duration-800 mb-2 mt-6 w-fit cursor-pointer text-lg underline decoration-textOff\/25 decoration-1 underline-offset-[5px] hover:text-super hover:decoration-super\/80 hover:underline-offset-[7px] dark:decoration-textOffDark\/30 dark:hover:text-superDark dark:hover:decoration-superDark\/80 transition-all first:mt-3 motion-reduce:transition-none\" data-state=\"closed\"><strong>Gut durchdachte Ausstattung<\/strong><\/h2>\n<ul class=\"marker:text-textOff list-disc pl-8\">\n<li><span class=\"hover:duration-80 duration-800 cursor-pointer underline decoration-textOff\/25 decoration-1 underline-offset-[4px] hover:text-super hover:decoration-super\/80 hover:underline-offset-[6px] dark:decoration-textOffDark\/30 dark:hover:text-superDark dark:hover:decoration-superDark\/80 transition-all first:mt-3 motion-reduce:transition-none\" data-state=\"closed\"><strong>Serienm\u00e4\u00dfiger Spiegel<\/strong><\/span><span class=\"\">: Ideal f\u00fcr letzte Vorbereitungen vor dem Turnier.<\/span><\/li>\n<li><span class=\"hover:duration-80 duration-800 cursor-pointer underline decoration-textOff\/25 decoration-1 underline-offset-[4px] hover:text-super hover:decoration-super\/80 hover:underline-offset-[6px] dark:decoration-textOffDark\/30 dark:hover:text-superDark dark:hover:decoration-superDark\/80 transition-all first:mt-3 motion-reduce:transition-none\" data-state=\"closed\"><strong>Drei ger\u00e4umige vertikale Schubladen<\/strong><\/span><span class=\"\">, wobei die unterste eine spezielle Tragevorrichtung besitzt.<\/span><\/li>\n<li><span class=\"\">Eine zus\u00e4tzliche l\u00e4ngliche horizontale Schublade ist speziell f\u00fcr Schabracken und Decken konzipiert.<\/span><\/li>\n<li><span class=\"\">Drei herausziehbare Leisten mit 12 Kunststoff-Trensenhaltern erleichtern den Zugriff auf wichtige Utensilien.<\/span><\/li>\n<\/ul>\n<h2 class=\"hover:duration-80 duration-800 mb-2 mt-6 w-fit cursor-pointer text-lg underline decoration-textOff\/25 decoration-1 underline-offset-[5px] hover:text-super hover:decoration-super\/80 hover:underline-offset-[7px] dark:decoration-textOffDark\/30 dark:hover:text-superDark dark:hover:decoration-superDark\/80 transition-all first:mt-3 motion-reduce:transition-none\" data-state=\"closed\"><strong>Komfort und Sicherheit<\/strong><\/h2>\n<p><span class=\"\">Der Turnierschrank ist aus Stahl gefertigt und pulverbeschichtet. Er bietet eine hohe Korrosionsbest\u00e4ndigkeit, was ihn zu einer Investition f\u00fcr viele Jahre macht. Der gesamte Schrank kann abgeschlossen werden \u2013 inklusive zwei Schl\u00fcsseln \u2013 um Ihre wertvollen Gegenst\u00e4nde zu sch\u00fctzen.<\/span><\/p>\n<h2 class=\"hover:duration-80 duration-800 mb-2 mt-6 w-fit cursor-pointer text-lg underline decoration-textOff\/25 decoration-1 underline-offset-[5px] hover:text-super hover:decoration-super\/80 hover:underline-offset-[7px] dark:decoration-textOffDark\/30 dark:hover:text-superDark dark:hover:decoration-superDark\/80 transition-all first:mt-3 motion-reduce:transition-none\" data-state=\"closed\"><strong>Mobilit\u00e4t ohne Grenzen<\/strong><\/h2>\n<p><span class=\"\">Vier praktische Griffe sowie vier pneumatische R\u00e4der (zwei Lenkr\u00e4der mit Feststellbremse) sorgen daf\u00fcr, dass der Schrank auch bei voller Beladung leicht beweglich bleibt.<\/span> <span class=\"hover:duration-80 duration-800 cursor-pointer underline decoration-textOff\/25 decoration-1 underline-offset-[4px] hover:text-super hover:decoration-super\/80 hover:underline-offset-[6px] dark:decoration-textOffDark\/30 dark:hover:text-superDark dark:hover:decoration-superDark\/80 transition-all first:mt-3 motion-reduce:transition-none\" data-state=\"closed\"><strong>Technische Details:<\/strong><\/span><\/p>\n<div class=\"w-full overflow-x-auto md:max-w-[90vw] border-borderMain\/50 ring-borderMain\/50 divide-borderMain\/50 dark:divide-borderMainDark\/50  dark:ring-borderMainDark\/50 dark:border-borderMainDark\/50 bg-transparent\">\n<table class=\"border-borderMain dark:border-borderMainDark my-[1em] w-full table-auto border\">\n<thead class=\"bg-offset dark:bg-offsetDark\">\n<tr>\n<th class=\"px-sm py-sm break-normal align-top\">Merkmale<\/th>\n<th class=\"px-sm py-sm break-normal align-top\">Details<\/th>\n<\/tr>\n<\/thead>\n<tbody>\n<tr>\n<td class=\"border-borderMain px-sm dark:border-borderMainDark min-w-[48px] break-normal border\">H\u00f6he<\/td>\n<td class=\"border-borderMain px-sm dark:border-borderMainDark min-w-[48px] break-normal border\">1800 mm (mit R\u00e4dern), 1505 mm (ohne R\u00e4der)<\/td>\n<\/tr>\n<tr>\n<td class=\"border-borderMain px-sm dark:border-borderMainDark min-w-[48px] break-normal border\">Breite<\/td>\n<td class=\"border-borderMain px-sm dark:border-borderMainDark min-w-[48px] break-normal border\">1525 mm (mit Griffen), 1355 mm (ohne Griffe)<\/td>\n<\/tr>\n<tr>\n<td class=\"border-borderMain px-sm dark:border-borderMainDark min-w-[48px] break-normal border\">Tiefe<\/td>\n<td class=\"border-borderMain px-sm dark:border-borderMainDark min-w-[48px] break-normal border\">800 mm<\/td>\n<\/tr>\n<tr>\n<td class=\"border-borderMain px-sm dark:border-borderMainDark min-w-[48px] break-normal border\">Gewicht<\/td>\n<td class=\"border-borderMain px-sm dark:border-borderMainDark min-w-[48px] break-normal border\">ca. 190 kg<\/td>\n<\/tr>\n<\/tbody>\n<\/table>\n<div class=\"py-xs -mt-[0.5em] flex justify-end\">\n<div><\/div>\n<\/div>\n<\/div>\n<p><span class=\"hover:duration-80 duration-800 cursor-pointer underline decoration-textOff\/25 decoration-1 underline-offset-[4px] hover:text-super hover:decoration-super\/80 hover:underline-offset-[6px] dark:decoration-textOffDark\/30 dark:hover:text-superDark dark:hover:decoration-superDark\/80 transition-all first:mt-3 motion-reduce:transition-none\" data-state=\"closed\"><strong>Investition in Zufriedenheit:<\/strong><\/span><span class=\"\"> Der TURNIERSCHRANK MAXI PLUS WESTERN ist eine Garantie f\u00fcr alle anspruchsvollen Reiter \u2013 ohne Kompromisse bei Stil oder Haltbarkeit einzugehen.<\/span><\/p>\n<p>&nbsp;<\/p>\n<p>&nbsp;<\/p>\n<p>&nbsp;<\/p>\n","protected":false},"excerpt":{"rendered":"<p><em>Special design for western riders. Large, spacious and special -show cupboard.<\/em><\/p>","protected":false},"featured_media":17148,"template":"","meta":{"_seopress_robots_primary_cat":"none","_seopress_titles_title":"","_seopress_titles_desc":"","_seopress_robots_index":""},"product_brand":[],"product_cat":[16,17],"product_tag":[],"class_list":{"0":"post-17680","1":"product","2":"type-product","3":"status-publish","4":"has-post-thumbnail","6":"product_cat-stall","7":"product_cat-turnierschrank","9":"first","10":"instock","11":"taxable","12":"shipping-taxable","13":"purchasable","14":"product-type-simple"},"_links":{"self":[{"href":"https:\/\/alfako-stallausstattung.de\/en\/wp-json\/wp\/v2\/product\/17680","targetHints":{"allow":["GET"]}}],"collection":[{"href":"https:\/\/alfako-stallausstattung.de\/en\/wp-json\/wp\/v2\/product"}],"about":[{"href":"https:\/\/alfako-stallausstattung.de\/en\/wp-json\/wp\/v2\/types\/product"}],"wp:featuredmedia":[{"embeddable":true,"href":"https:\/\/alfako-stallausstattung.de\/en\/wp-json\/wp\/v2\/media\/17148"}],"wp:attachment":[{"href":"https:\/\/alfako-stallausstattung.de\/en\/wp-json\/wp\/v2\/media?parent=17680"}],"wp:term":[{"taxonomy":"product_brand","embeddable":true,"href":"https:\/\/alfako-stallausstattung.de\/en\/wp-json\/wp\/v2\/product_brand?post=17680"},{"taxonomy":"product_cat","embeddable":true,"href":"https:\/\/alfako-stallausstattung.de\/en\/wp-json\/wp\/v2\/product_cat?post=17680"},{"taxonomy":"product_tag","embeddable":true,"href":"https:\/\/alfako-stallausstattung.de\/en\/wp-json\/wp\/v2\/product_tag?post=17680"}],"curies":[{"name":"wp","href":"https:\/\/api.w.org\/{rel}","templated":true}]}}