{"id":17549,"date":"2022-12-16T14:28:58","date_gmt":"2022-12-16T13:28:58","guid":{"rendered":"https:\/\/alfako-stallausstattung.de\/?post_type=product&#038;p=17549"},"modified":"2025-02-10T07:39:58","modified_gmt":"2025-02-10T06:39:58","slug":"schloss-fuer-alte-version-turnierschrank-mini-midi-maxi","status":"publish","type":"product","link":"https:\/\/alfako-stallausstattung.de\/en\/schloss-fuer-turnierschrank-midi-maxi-kopie\/","title":{"rendered":"LOCK FOR OLD VERSION TOURNAMENT CABINET MINI, MIDI, MAXI"},"content":{"rendered":"<p><span class=\"hover:duration-80 duration-800 cursor-pointer underline decoration-textOff\/25 decoration-1 underline-offset-[4px] hover:text-super hover:decoration-super\/80 hover:underline-offset-[6px] dark:decoration-textOffDark\/30 dark:hover:text-superDark dark:hover:decoration-superDark\/80 transition-all first:mt-3 motion-reduce:transition-none\" data-state=\"closed\"><strong>Schloss f\u00fcr Turnierschrank - Alte Version<\/strong><\/span> <span class=\"\">Entdecken Sie das klassische a<\/span>lte <strong>Schlossversion<\/strong> \u2013 quadratisch<\/p>\n<p><span class=\"\">Schloss f\u00fcr Ihre MINI, MIDI und MAXI-Turnierschr\u00e4nke. Diese alte Version ist quadratisch gestaltet und bietet eine zuverl\u00e4ssige Sicherheitsl\u00f6sung f\u00fcr Ihren wertvollen Reitausr\u00fcstungsschrank.<\/span><\/p>\n<h2 class=\"hover:duration-80 duration-800 mb-2 mt-6 w-fit cursor-pointer text-lg underline decoration-textOff\/25 decoration-1 underline-offset-[5px] hover:text-super hover:decoration-super\/80 hover:underline-offset-[7px] dark:decoration-textOffDark\/30 dark:hover:text-superDark dark:hover:decoration-superDark\/80 transition-all first:mt-3 motion-reduce:transition-none\" data-state=\"closed\">Hauptmerkmale<\/h2>\n<ul class=\"marker:text-textOff list-disc pl-8\">\n<li><span class=\"\"><span class=\"hover:duration-80 duration-800 cursor-pointer underline decoration-textOff\/25 decoration-1 underline-offset-[4px] hover:text-super hover:decoration-super\/80 hover:underline-offset-[6px] dark:decoration-textOffDark\/30 dark:hover:text-superDark dark:hover:decoration-superDark\/80 transition-all first:mt-3 motion-reduce:transition-none\" data-state=\"closed\"><strong>Kompatibilit\u00e4t<\/strong><\/span>: Das Schloss ist kompatibel mit allen MINI, MIDI und MAXI-Turnierschr\u00e4nken, was es ideal f\u00fcr den Einsatz in verschiedenen Umgebungen macht.<\/span><\/li>\n<li><span class=\"\"><span class=\"hover:duration-80 duration-800 cursor-pointer underline decoration-textOff\/25 decoration-1 underline-offset-[4px] hover:text-super hover:decoration-super\/80 hover:underline-offset-[6px] dark:decoration-textOffDark\/30 dark:hover:text-superDark dark:hover:decoration-superDark\/80 transition-all first:mt-3 motion-reduce:transition-none\" data-state=\"closed\"><strong>Sicherheit<\/strong><\/span>: Die robuste Konstruktion des Schlosses gew\u00e4hrleistet eine hohe Sicherheit gegen unbefugten Zugriff auf Ihren Schrank.<\/span><\/li>\n<li><span class=\"\"><span class=\"hover:duration-80 duration-800 cursor-pointer underline decoration-textOff\/25 decoration-1 underline-offset-[4px] hover:text-super hover:decoration-super\/80 hover:underline-offset-[6px] dark:decoration-textOffDark\/30 dark:hover:text-superDark dark:hover:decoration-superDark\/80 transition-all first:mt-3 motion-reduce:transition-none\" data-state=\"closed\"><strong>Zubeh\u00f6r<\/strong><\/span>: Das Schloss wird komplett mit einem Schl\u00fcsseln geliefert, was den Komfort erh\u00f6ht und sicherstellt, dass Sie immer einen Ersatzschl\u00fcssel zur Hand haben.<\/span><\/li>\n<\/ul>\n<p>&nbsp;<\/p>\n","protected":false},"excerpt":{"rendered":"<p>Our old proven lock for all older tournament cabinets Mini\/Midi\/Maxi.<\/p>","protected":false},"featured_media":18010,"template":"","meta":{"_seopress_robots_primary_cat":"none","_seopress_titles_title":"","_seopress_titles_desc":"","_seopress_robots_index":""},"product_brand":[],"product_cat":[24,17],"product_tag":[],"class_list":{"0":"post-17549","1":"product","2":"type-product","3":"status-publish","4":"has-post-thumbnail","6":"product_cat-schloss","7":"product_cat-turnierschrank","9":"first","10":"instock","11":"taxable","12":"shipping-taxable","13":"purchasable","14":"product-type-simple"},"_links":{"self":[{"href":"https:\/\/alfako-stallausstattung.de\/en\/wp-json\/wp\/v2\/product\/17549","targetHints":{"allow":["GET"]}}],"collection":[{"href":"https:\/\/alfako-stallausstattung.de\/en\/wp-json\/wp\/v2\/product"}],"about":[{"href":"https:\/\/alfako-stallausstattung.de\/en\/wp-json\/wp\/v2\/types\/product"}],"wp:featuredmedia":[{"embeddable":true,"href":"https:\/\/alfako-stallausstattung.de\/en\/wp-json\/wp\/v2\/media\/18010"}],"wp:attachment":[{"href":"https:\/\/alfako-stallausstattung.de\/en\/wp-json\/wp\/v2\/media?parent=17549"}],"wp:term":[{"taxonomy":"product_brand","embeddable":true,"href":"https:\/\/alfako-stallausstattung.de\/en\/wp-json\/wp\/v2\/product_brand?post=17549"},{"taxonomy":"product_cat","embeddable":true,"href":"https:\/\/alfako-stallausstattung.de\/en\/wp-json\/wp\/v2\/product_cat?post=17549"},{"taxonomy":"product_tag","embeddable":true,"href":"https:\/\/alfako-stallausstattung.de\/en\/wp-json\/wp\/v2\/product_tag?post=17549"}],"curies":[{"name":"wp","href":"https:\/\/api.w.org\/{rel}","templated":true}]}}