{"id":17487,"date":"2022-12-15T09:00:22","date_gmt":"2022-12-15T08:00:22","guid":{"rendered":"https:\/\/alfako-stallausstattung.de\/?post_type=product&#038;p=17487"},"modified":"2026-05-04T09:22:55","modified_gmt":"2026-05-04T07:22:55","slug":"deckenhalter-10-stueck","status":"publish","type":"product","link":"https:\/\/alfako-stallausstattung.de\/en\/deckenhalter-10-stueck\/","title":{"rendered":"CEILING HOLDERS 10 pieces"},"content":{"rendered":"<p><span class=\"hover:duration-80 duration-800 cursor-pointer underline decoration-textOff\/25 decoration-1 underline-offset-[4px] hover:text-super hover:decoration-super\/80 hover:underline-offset-[6px] dark:decoration-textOffDark\/30 dark:hover:text-superDark dark:hover:decoration-superDark\/80 transition-all first:mt-3 motion-reduce:transition-none\" data-state=\"delayed-open\" aria-describedby=\"radix-:r76t:\"><strong>Deckenhalter - F\u00fcr Ordnung und Struktur im Stall<\/strong><\/span> <span class=\"\">Dieser Deckenhalter wird an der Box oder Wand montiert und verf\u00fcgt \u00fcber 2 integrierte Trensenhaken. Er sorgt f\u00fcr Ordnung und Struktur in der Sattelkammer oder im Sattelschrank, indem er das ordentliche Verstauen von Reitequipment wie Pferdedecken, Satteldecken und Schabracken erleichtert. Der Deckenhalter kann sowohl zur Lagerung als auch zur Trocknung von Decken verwendet werden.<\/span><\/p>\n<h2 class=\"hover:duration-80 duration-800 mb-2 mt-6 w-fit cursor-pointer text-lg underline decoration-textOff\/25 decoration-1 underline-offset-[5px] hover:text-super hover:decoration-super\/80 hover:underline-offset-[7px] dark:decoration-textOffDark\/30 dark:hover:text-superDark dark:hover:decoration-superDark\/80 transition-all first:mt-3 motion-reduce:transition-none\" data-state=\"closed\">Hauptmerkmale<\/h2>\n<ul class=\"marker:text-textOff list-disc pl-8\">\n<li><span class=\"hover:duration-80 duration-800 cursor-pointer underline decoration-textOff\/25 decoration-1 underline-offset-[4px] hover:text-super hover:decoration-super\/80 hover:underline-offset-[6px] dark:decoration-textOffDark\/30 dark:hover:text-superDark dark:hover:decoration-superDark\/80 transition-all first:mt-3 motion-reduce:transition-none\" data-state=\"closed\"><strong>Wand- oder Boxenmontage<\/strong><\/span><span class=\"\">: Kann flexibel an der Boxenwand oder einer anderen Wand im Stall montiert werden.<\/span><\/li>\n<li><span class=\"hover:duration-80 duration-800 cursor-pointer underline decoration-textOff\/25 decoration-1 underline-offset-[4px] hover:text-super hover:decoration-super\/80 hover:underline-offset-[6px] dark:decoration-textOffDark\/30 dark:hover:text-superDark dark:hover:decoration-superDark\/80 transition-all first:mt-3 motion-reduce:transition-none\" data-state=\"closed\"><strong>Integrierte Trensenhaken<\/strong><\/span><span class=\"\">: Verf\u00fcgt zus\u00e4tzlich \u00fcber 2 Haken zur Aufbewahrung von Trensen.<\/span><\/li>\n<li><span class=\"hover:duration-80 duration-800 cursor-pointer underline decoration-textOff\/25 decoration-1 underline-offset-[4px] hover:text-super hover:decoration-super\/80 hover:underline-offset-[6px] dark:decoration-textOffDark\/30 dark:hover:text-superDark dark:hover:decoration-superDark\/80 transition-all first:mt-3 motion-reduce:transition-none\" data-state=\"closed\"><strong>Ordnung und Struktur<\/strong><\/span><span class=\"\">: Hilft, Reitequipment ordentlich und \u00fcbersichtlich zu verstauen.<\/span><\/li>\n<li><span class=\"hover:duration-80 duration-800 cursor-pointer underline decoration-textOff\/25 decoration-1 underline-offset-[4px] hover:text-super hover:decoration-super\/80 hover:underline-offset-[6px] dark:decoration-textOffDark\/30 dark:hover:text-superDark dark:hover:decoration-superDark\/80 transition-all first:mt-3 motion-reduce:transition-none\" data-state=\"closed\"><strong>Vielseitig einsetzbar<\/strong><\/span><span class=\"\">: Geeignet zur Lagerung und Trocknung von Decken.<\/span><\/li>\n<li><span class=\"hover:duration-80 duration-800 cursor-pointer underline decoration-textOff\/25 decoration-1 underline-offset-[4px] hover:text-super hover:decoration-super\/80 hover:underline-offset-[6px] dark:decoration-textOffDark\/30 dark:hover:text-superDark dark:hover:decoration-superDark\/80 transition-all first:mt-3 motion-reduce:transition-none\" data-state=\"closed\"><strong>Verschiedene Ausf\u00fchrungen<\/strong><\/span><span class=\"\">: Deckenhalter sind in verschiedenen Arten, Farben, Gr\u00f6\u00dfen und Materialien erh\u00e4ltlich.<\/span><\/li>\n<\/ul>\n<h2 class=\"hover:duration-80 duration-800 mb-2 mt-6 w-fit cursor-pointer text-lg underline decoration-textOff\/25 decoration-1 underline-offset-[5px] hover:text-super hover:decoration-super\/80 hover:underline-offset-[7px] dark:decoration-textOffDark\/30 dark:hover:text-superDark dark:hover:decoration-superDark\/80 transition-all first:mt-3 motion-reduce:transition-none\" data-state=\"closed\">Vorteile<\/h2>\n<ul class=\"marker:text-textOff list-disc pl-8\">\n<li><span class=\"hover:duration-80 duration-800 cursor-pointer underline decoration-textOff\/25 decoration-1 underline-offset-[4px] hover:text-super hover:decoration-super\/80 hover:underline-offset-[6px] dark:decoration-textOffDark\/30 dark:hover:text-superDark dark:hover:decoration-superDark\/80 transition-all first:mt-3 motion-reduce:transition-none\" data-state=\"closed\"><strong>Platzsparend<\/strong><\/span><span class=\"\">: Optimiert die Nutzung des verf\u00fcgbaren Platzes im Stall.<\/span><\/li>\n<li><span class=\"hover:duration-80 duration-800 cursor-pointer underline decoration-textOff\/25 decoration-1 underline-offset-[4px] hover:text-super hover:decoration-super\/80 hover:underline-offset-[6px] dark:decoration-textOffDark\/30 dark:hover:text-superDark dark:hover:decoration-superDark\/80 transition-all first:mt-3 motion-reduce:transition-none\" data-state=\"closed\"><strong>Schutz der Ausr\u00fcstung<\/strong><\/span><span class=\"\">: Verhindert Besch\u00e4digungen und Verschmutzungen der Decken.<\/span><\/li>\n<li><span class=\"hover:duration-80 duration-800 cursor-pointer underline decoration-textOff\/25 decoration-1 underline-offset-[4px] hover:text-super hover:decoration-super\/80 hover:underline-offset-[6px] dark:decoration-textOffDark\/30 dark:hover:text-superDark dark:hover:decoration-superDark\/80 transition-all first:mt-3 motion-reduce:transition-none\" data-state=\"closed\"><strong>Schneller Zugriff<\/strong><\/span><span class=\"\">: Erm\u00f6glicht einen schnellen und einfachen Zugriff auf die ben\u00f6tigten Decken und Trensen.<\/span><\/li>\n<li><span class=\"hover:duration-80 duration-800 cursor-pointer underline decoration-textOff\/25 decoration-1 underline-offset-[4px] hover:text-super hover:decoration-super\/80 hover:underline-offset-[6px] dark:decoration-textOffDark\/30 dark:hover:text-superDark dark:hover:decoration-superDark\/80 transition-all first:mt-3 motion-reduce:transition-none\" data-state=\"closed\"><strong>Flexibilit\u00e4t<\/strong><\/span><span class=\"\">: Der Aufh\u00e4ngeort kann je nach Bedarf gew\u00e4hlt werden.<\/span><\/li>\n<\/ul>\n<h2 class=\"hover:duration-80 duration-800 mb-2 mt-6 w-fit cursor-pointer text-lg underline decoration-textOff\/25 decoration-1 underline-offset-[5px] hover:text-super hover:decoration-super\/80 hover:underline-offset-[7px] dark:decoration-textOffDark\/30 dark:hover:text-superDark dark:hover:decoration-superDark\/80 transition-all first:mt-3 motion-reduce:transition-none\" data-state=\"closed\">Technische Details<\/h2>\n<div class=\"w-full overflow-x-auto md:max-w-[90vw] border-borderMain\/50 ring-borderMain\/50 divide-borderMain\/50 dark:divide-borderMainDark\/50 dark:ring-borderMainDark\/50 dark:border-borderMainDark\/50 bg-transparent\">\n<table class=\"border-borderMain dark:border-borderMainDark my-[1em] w-full table-auto border\">\n<thead class=\"bg-offset dark:bg-offsetDark\">\n<tr>\n<th class=\"px-sm py-sm break-normal align-top\">Merkmal<\/th>\n<th class=\"px-sm py-sm break-normal align-top\">Details<\/th>\n<\/tr>\n<\/thead>\n<tbody>\n<tr>\n<td class=\"border-borderMain px-sm dark:border-borderMainDark min-w-[48px] break-normal border\">Montage<\/td>\n<td class=\"border-borderMain px-sm dark:border-borderMainDark min-w-[48px] break-normal border\">Wand- oder Boxenmontage<\/td>\n<\/tr>\n<tr>\n<td class=\"border-borderMain px-sm dark:border-borderMainDark min-w-[48px] break-normal border\">Zus\u00e4tzliche Haken<\/td>\n<td class=\"border-borderMain px-sm dark:border-borderMainDark min-w-[48px] break-normal border\">2 integrierte Trensenhaken<\/td>\n<\/tr>\n<tr>\n<td class=\"border-borderMain px-sm dark:border-borderMainDark min-w-[48px] break-normal border\">Materialien<\/td>\n<td class=\"border-borderMain px-sm dark:border-borderMainDark min-w-[48px] break-normal border\">(Nicht angegeben, typischerweise Metall oder Kunststoff)<\/td>\n<\/tr>\n<tr>\n<td class=\"border-borderMain px-sm dark:border-borderMainDark min-w-[48px] break-normal border\">Gr\u00f6\u00dfen<\/td>\n<td class=\"border-borderMain px-sm dark:border-borderMainDark min-w-[48px] break-normal border\">Kleine Halterung (f\u00fcr eine Decke) bis gro\u00dfe Halterung (f\u00fcr bis zu 10 Decken)<\/td>\n<\/tr>\n<\/tbody>\n<\/table>\n<div class=\"py-xs -mt-[0.5em] flex justify-end\">\n<div><\/div>\n<\/div>\n<\/div>\n<h2 class=\"hover:duration-80 duration-800 mb-2 mt-6 w-fit cursor-pointer text-lg underline decoration-textOff\/25 decoration-1 underline-offset-[5px] hover:text-super hover:decoration-super\/80 hover:underline-offset-[7px] dark:decoration-textOffDark\/30 dark:hover:text-superDark dark:hover:decoration-superDark\/80 transition-all first:mt-3 motion-reduce:transition-none\" data-state=\"closed\">Investition in Zufriedenheit<\/h2>\n<p><span class=\"\">Investieren Sie in diesen Deckenhalter, um Ihren Stall ordentlich zu halten und Ihre Reitausr\u00fcstung optimal zu sch\u00fctzen.<\/span> <span class=\"hover:duration-80 duration-800 cursor-pointer underline decoration-textOff\/25 decoration-1 underline-offset-[4px] hover:text-super hover:decoration-super\/80 hover:underline-offset-[6px] dark:decoration-textOffDark\/30 dark:hover:text-superDark dark:hover:decoration-superDark\/80 transition-all first:mt-3 motion-reduce:transition-none\" data-state=\"closed\"><strong>Wichtige Hinweise zum Kauf:<\/strong><\/span><span class=\"\"><br \/>\n<\/span> <span class=\"\">Bitte beachten Sie bei einem Kauf \u00fcber verschiedene Internetportale: Kontaktieren Sie vorab den Kundenservice.<\/span><span class=\"\"><br \/>\n<\/span> <span class=\"\">Die Standardlieferzeit betr\u00e4gt maximal drei Arbeitstage bei Lagerverf\u00fcgbarkeit; andernfalls verl\u00e4ngert sie sich auf etwa vier Wochen.<\/span><\/p>\n<p>&nbsp;<\/p>\n<p><span style=\"font-weight: 400;\">Mit einem Deckenhalter f\u00fcr das Pferd kann man Pferdedecken ordentlich aufbewahren, l\u00fcften und trocknen. Deckenhalter werden vor der Box aufgeh\u00e4ngt oder sind zur Wandmontage gedacht. Die Deckenhalter sind platzsparend, stabil und praktisch. Kleine Halter sind f\u00fcr eine Decke und gro\u00dfe Halter f\u00fcr mehrere Decken geeignet.<\/span><\/p>\n<p><span style=\"font-weight: 400;\">Die Aufbewahrungsm\u00f6glichkeit f\u00fcr Decken erleichtert es Reitern, ihr Reitequipment wie Pferdedecken, Satteldecken sowie Schabracken sauber und ordentlich aufzubewahren. Pferdedeckenhalter h\u00e4ngen entweder starr oder sind schwenkbar. Wir von Alfako verkaufen in unserem Onlineshop eine Deckenhalterung in drei verschiedenen Farben mit zwei integrierten Haken f\u00fcr das Aufh\u00e4ngen von Trensen, Halftern oder Jacken.<\/span><\/p>\n<h2><span style=\"font-weight: 400;\">Welche Arten von Deckenhaltern f\u00fcr den Stall gibt es?<\/span><\/h2>\n<p><span style=\"font-weight: 400;\">F\u00fcr den Stall gibt es verschiedene Arten von Deckenhaltern, wie den Schabrackenhalter zum Einh\u00e4ngen, den zur Wandmontage, den mit Kette und den mit Schwenkarmen. Neben herk\u00f6mmlichen Deckenhaltern gibt es eine Deckenleiter, einen Deckenst\u00e4nder und beheizte Deckenhalterungen.<\/span><\/p>\n<p><span style=\"font-weight: 400;\">Die 7 Arten von Deckenhaltern f\u00fcr den Stall stellt die folgende Liste detailliert vor.<\/span><b><\/b><\/p>\n<ul>\n<li><b>Deckenhalter zum Einh\u00e4ngen: <\/b><span style=\"font-weight: 400;\">Deckenb\u00fcgel zum Einh\u00e4ngen sind mobile Halterungen, die einfach an bestehende Vorrichtungen wie die Pferdebox eingeh\u00e4ngt werden. Schabrackenhalter zum Einh\u00e4ngen bed\u00fcrfen keiner aufwendigen Montage und sind ideal f\u00fcr Mietboxen geeignet.<\/span><\/li>\n<li><b>Deckenhalter zur Wandmontage: <\/b><span style=\"font-weight: 400;\">Pferdedeckenhalter zur Wandmontage werden fest an der Wand angebracht und sind daher sehr platzsparend. Schabrackenhalterungen zur Wandmontage sind sehr stabil und belastbar, weshalb sie sich besonders gut f\u00fcr schwere Decken eignen.<\/span><b>\u00a0<\/b><\/li>\n<li><b>Deckenhalter mit Kette: <\/b><span style=\"font-weight: 400;\">Deckenhalterungen mit Kette sind mit einer verstellbaren Kette und einem Karabinerhaken ausgestattet. Deckenb\u00fcgel mit Kette sind flexibel einsetzbar, da sie an beliebigen Orten aufgeh\u00e4ngt werden k\u00f6nnen und die Montage kein Bohren ben\u00f6tigt.<\/span><\/li>\n<li><b>Deckenhalter mit Schwenkarmen: <\/b><span style=\"font-weight: 400;\">Deckenhalter mit Schwenkarmen sind zum Beispiel 3-armig, 5-armig, 6-armig oder mit 10 B\u00fcgeln erh\u00e4ltlich. Schabrackenhalter mit Schwenkarmen haben eine gro\u00dfe Kapazit\u00e4t und es ist m\u00f6glich, viele Decken gleichzeitig aufzuh\u00e4ngen. Die Schwenkfunktion an der Deckenhalterung erlaubt es, einzelne Arme auszurichten und die Decken besser zug\u00e4nglich zu machen.<\/span><\/li>\n<li><b>Deckenleiter: <\/b><span style=\"font-weight: 400;\">Deckenleiter sind leiterartige Konstruktionen, an denen mehrere Decken hintereinander platzsparend aufgeh\u00e4ngt werden. Deckenleiter eignen sich optimal f\u00fcr enge G\u00e4nge oder kleinere St\u00e4lle. Eine Deckenleiter erm\u00f6glicht eine einfache und problemlose Trocknung vieler Decken.<\/span><\/li>\n<li><b>Deckenst\u00e4nder: <\/b><span style=\"font-weight: 400;\">Gro\u00dfe Deckenst\u00e4nder sind frei stehende, gro\u00dfe Gestelle, auf denen bis zu 10 Pferdedecken Platz haben. Deckenst\u00e4nder sind flexibel einsetzbar, da bei ihnen kein Bohren notwendig ist und man sie so an einem beliebigen Ort im Stall aufbauen kann.<\/span><\/li>\n<li><b>Beheizter Deckenhalter: <\/b><span style=\"font-weight: 400;\">Ein beheizter Deckenhalter ist selbststehend und sorgt daf\u00fcr, dass Decken darauf schnell trocknen. Die Trocknung der Pferdedecken auf dem Pferdedeckenhalter erm\u00f6glicht weniger Feuchtigkeit, was die Schimmelbildung und einen muffigen Geruch vermeidet.<\/span><\/li>\n<li style=\"list-style-type: none;\"><\/li>\n<\/ul>\n<h2><span style=\"font-weight: 400;\">Was sind die Vorteile eines Deckenhalters im Stall?<\/span><\/h2>\n<p><span style=\"font-weight: 400;\">Die Vorteile eines Deckenhalters im Stall sind die Platzersparnis, die verschiedenen Designs und einfache Montage. Deckenhalter sorgen f\u00fcr Ordnung im Stall, sch\u00fctzen die Pferdedecken und erm\u00f6glichen einen schnellen Zugriff auf die Decken. Auf Schabrackenhaltern trocknen Decken schneller und sie erh\u00f6hen die Effizienz.<\/span><\/p>\n<p><span style=\"font-weight: 400;\">Alle Vorteile eines Deckenhalters im Stall zeigt die nachstehende Liste im Detail.<\/span><\/p>\n<ul>\n<li><b>Platzersparnis:<\/b><span style=\"font-weight: 400;\"> Deckenhalter erm\u00f6glichen eine Platzersparnis, da die Decken an der Wand oder an der Raumdecke h\u00e4ngen. Mit einer Deckenhalterung lagert man mehrere Decken an einem Ort, verbessert dadurch die Organisation im Stall und erleichtert den Stallalltag.\u00a0<\/span><\/li>\n<li><b>Verschiedene Designs:<\/b><span style=\"font-weight: 400;\"> Pferdedeckenhalter gibt es in verschiedenen Designs, Farben, Ausf\u00fchrungen und Gr\u00f6\u00dfen. Schabrackenhalterungen gibt es f\u00fcr eine Pferdedecke oder mehrere Schabracken mit unterschiedlichen Befestigungsm\u00f6glichkeiten und f\u00fcr verschiedene Arten von Pferdedecken.<\/span><\/li>\n<li><b>Einfache Montage:<\/b><span style=\"font-weight: 400;\"> Schabrackenhalter zeichnen sich durch die einfache Montage aus, da sie unkompliziert und nur mit wenigen bis keinen Werkzeugen aufgeh\u00e4ngt werden. Der Befestigungsort der Deckenb\u00fcgel ist flexibel zu w\u00e4hlen.<\/span><\/li>\n<li><b>Sorgt f\u00fcr Ordnung im Stall: <\/b><span style=\"font-weight: 400;\">Ein Deckenhalter sorgt f\u00fcr Ordnung im Stall, denn mit der Halterung hat jede Decke ihren festen Platz. Mit Deckenhaltern werden Pferdedecken nicht in einer Ecke oder auf dem Boden aufbewahrt.<\/span><\/li>\n<li><b>Sch\u00fctzt die Decken:<\/b><span style=\"font-weight: 400;\"> Ein Pferdedeckenhalter sch\u00fctzt die Decken vor Schmutz, Feuchtigkeit und Rissen. Decken h\u00e4ngen gesch\u00fctzt vor Bodenfeuchtigkeit auf dem Deckenb\u00fcgel und bleiben daher l\u00e4nger im guten Zustand.<\/span><\/li>\n<li><b>Erm\u00f6glicht einen schnellen Zugriff: <\/b><span style=\"font-weight: 400;\">Ein Schabrackenhalter erm\u00f6glicht einen schnellen Zugriff auf die Pferdedecken, denn die Halterungen werden an gut zug\u00e4nglichen Orten angebracht. Mit dem Pferdedeckenhalter in der Stallgasse wird ein st\u00e4ndiges Suchen der Pferdedecken verhindert.<\/span><\/li>\n<li><b>Decken trocknen schneller: <\/b><span style=\"font-weight: 400;\">Decken trocknen auf Deckenhaltern schneller, da die Luftzirkulation auf den Halterungen besser ist als in einem Deckenstapel. Trotz der Schabrackenhalterung sollte der Raum mit den Decken gut bel\u00fcftet sein.<\/span><\/li>\n<li><b>Erh\u00f6ht die Effizienz: <\/b><span style=\"font-weight: 400;\">Ein Pferdedeckenhalter erh\u00f6ht die Effizienz im Stall, da er schwenkbar ist, Extra-Haken f\u00fcr weiteres Equipment hat, \u00fcberall aufgeh\u00e4ngt werden kann und die Ausr\u00fcstung schnell griffbereit ist. Deckenb\u00fcgel im Stall verringern den Stress und sparen Zeit.<\/span><\/li>\n<li><b>Robustes Material:<\/b><span style=\"font-weight: 400;\"> Schabrackenhalter weisen ein robustes Material auf, was sie langlebig macht. Die meisten Pferdedeckenhalter sind aus pulverbeschichtetem Metall oder hochwertigem Kunststoff hergestellt, was sie widerstandsf\u00e4hig gegen Feuchtigkeit, witterungsbest\u00e4ndig und wasserfest macht.<\/span><\/li>\n<li><b>Verstellbar:<\/b><span style=\"font-weight: 400;\"> Einige Modelle der Deckenhalter sind in der L\u00e4nge verstellbar und lassen sich wahlweise ausziehen. Auf verstellbaren Deckenhalterungen haben ein bis zwei Schabracken nebeneinander oder eine gro\u00dfe Abschwitzdecke Platz.<\/span><\/li>\n<\/ul>\n<h2><span style=\"font-weight: 400;\">Wie werden Deckenhalter im Stall aufgeh\u00e4ngt?<\/span><\/h2>\n<p><span style=\"font-weight: 400;\">Deckenhalter im Stall werden vor der Box oder im Anh\u00e4nger aufgeh\u00e4ngt, an einer beliebigen Wand montiert, an der Decke der Sattelkammer mit einem Haken installiert oder im Inneren des Sattelschranks mit Schrauben befestigt. Station\u00e4re Deckenhalter werden mit vorgebohrten L\u00f6chern oder Befestigungsringen aufgeh\u00e4ngt.<\/span><\/p>\n<p><span style=\"font-weight: 400;\">Es gibt Schabrackenhalter mit einem festen Stand, die frei stehend am gew\u00fcnschten Ort im Stall aufgestellt werden. Einige Modelle bieten die M\u00f6glichkeit, den Deckenb\u00fcgel flexibel zu verschieben, w\u00e4hrend andere fest montiert werden m\u00fcssen. Entscheiden Sie sich vor dem Kauf eines Deckenhalters, wo Sie die Deckenhalterung aufstellen oder befestigen m\u00f6chten, damit Sie das passende Modell w\u00e4hlen.<\/span><\/p>\n<h2><span style=\"font-weight: 400;\">Was muss man beim Kauf eines Deckenhalters im Stall beachten?<\/span><\/h2>\n<p><span style=\"font-weight: 400;\">Beim Kauf eines Deckenhalters muss man beachten, dass die passende Gr\u00f6\u00dfe je nach Anzahl der zu lagernden Decken und die richtige Art der Halterung gew\u00e4hlt wird. Vor dem Kauf des Deckenhalters ist zu \u00fcberlegen, wie viele Decken an welchem Ort und f\u00fcr welchen Zweck gelagert werden sollen.<\/span><\/p>\n<p><span style=\"font-weight: 400;\">M\u00f6chten Sie nur eine Pferdedecke direkt vor der Pferdebox aufbewahren, gen\u00fcgt ein einfacher Deckenb\u00fcgel zum Einh\u00e4ngen. Besitzen Sie viele Pferdedecken, ben\u00f6tigen Sie eine gro\u00dfe Halterung mit mehreren B\u00fcgeln. M\u00f6chten Sie die Halterung in erster Linie zum Trocknen verwenden, ist der Kauf eines frei stehenden Trockners f\u00fcr Pferdedecken zu empfehlen.<\/span><\/p>\n<p><span style=\"font-weight: 400;\">Informieren Sie sich \u00fcber die Gr\u00f6\u00dfe der gew\u00fcnschten Deckenhalterung und schaffen Sie entsprechend viel Platz im Stall. Ber\u00fccksichtigen Sie den Ort, an dem Sie die Schabrackenhalterung montieren oder aufstellen m\u00f6chten, denn je nach Au\u00dfen- und Innenbereich m\u00fcssen verschiedene Materialien f\u00fcr den Pferdedeckenhalter gew\u00e4hlt werden.\u00a0<\/span><\/p>\n<h2><span style=\"font-weight: 400;\">Deckenhalter von Alfako<\/span><\/h2>\n<p><span style=\"font-weight: 400;\">Der Deckenhalter von Alfako f\u00fcr Pferde ist eine Halterung zur Wandmontage aus pulverbeschichtetem Metall. Unser Deckenb\u00fcgel ist in Gr\u00fcn, Blau sowie Silber erh\u00e4ltlich und verf\u00fcgt \u00fcber zwei integrierte Trensenhaken. Die Deckenhalterung von Alfako ist 70 cm breit und wiegt 1660g. Eine Lieferung umfasst 10 Deckenhalter.\u00a0<\/span><\/p>\n<p><span style=\"font-weight: 400;\">Bei Alfako haben wir neben einem klassischen Deckenhalter auch Sattelhalter und Trensenhalter im Sortiment. Haben Sie Fragen zu unserem Deckenhalter oder anderen Produkten von Alfako, dann kontaktieren Sie uns gerne \u00fcber das Kontaktformular auf unserer Website. Alternativ zum Kontaktformular setzen Sie sich mit uns per E-Mail an info@alfako.de oder per Telefon an 01522 287 33 46 mit uns in Verbindung.<\/span><\/p>\n","protected":false},"excerpt":{"rendered":"<p>Sturdy ceiling bracket with two hooks.<\/p>","protected":false},"featured_media":17989,"template":"","meta":{"_seopress_robots_primary_cat":"none","_seopress_titles_title":"","_seopress_titles_desc":"","_seopress_robots_index":""},"product_brand":[],"product_cat":[16],"product_tag":[],"class_list":{"0":"post-17487","1":"product","2":"type-product","3":"status-publish","4":"has-post-thumbnail","6":"product_cat-stall","8":"first","9":"instock","10":"taxable","11":"shipping-taxable","12":"purchasable","13":"product-type-simple"},"_links":{"self":[{"href":"https:\/\/alfako-stallausstattung.de\/en\/wp-json\/wp\/v2\/product\/17487","targetHints":{"allow":["GET"]}}],"collection":[{"href":"https:\/\/alfako-stallausstattung.de\/en\/wp-json\/wp\/v2\/product"}],"about":[{"href":"https:\/\/alfako-stallausstattung.de\/en\/wp-json\/wp\/v2\/types\/product"}],"wp:featuredmedia":[{"embeddable":true,"href":"https:\/\/alfako-stallausstattung.de\/en\/wp-json\/wp\/v2\/media\/17989"}],"wp:attachment":[{"href":"https:\/\/alfako-stallausstattung.de\/en\/wp-json\/wp\/v2\/media?parent=17487"}],"wp:term":[{"taxonomy":"product_brand","embeddable":true,"href":"https:\/\/alfako-stallausstattung.de\/en\/wp-json\/wp\/v2\/product_brand?post=17487"},{"taxonomy":"product_cat","embeddable":true,"href":"https:\/\/alfako-stallausstattung.de\/en\/wp-json\/wp\/v2\/product_cat?post=17487"},{"taxonomy":"product_tag","embeddable":true,"href":"https:\/\/alfako-stallausstattung.de\/en\/wp-json\/wp\/v2\/product_tag?post=17487"}],"curies":[{"name":"wp","href":"https:\/\/api.w.org\/{rel}","templated":true}]}}