{"id":17459,"date":"2025-12-09T13:51:40","date_gmt":"2025-12-09T12:51:40","guid":{"rendered":"https:\/\/alfako-stallausstattung.de\/?post_type=product&#038;p=17459"},"modified":"2025-12-11T11:41:16","modified_gmt":"2025-12-11T10:41:16","slug":"hindernisschiene-10-stueck","status":"publish","type":"product","link":"https:\/\/alfako-stallausstattung.de\/en\/hindernisschiene-10-stueck\/","title":{"rendered":"OBSTACLE RAIL 10 pieces"},"content":{"rendered":"<p><span class=\"hover:duration-80 duration-800 cursor-pointer underline decoration-textOff\/25 decoration-1 underline-offset-[4px] hover:text-super hover:decoration-super\/80 hover:underline-offset-[6px] dark:decoration-textOffDark\/30 dark:hover:text-superDark dark:hover:decoration-superDark\/80 transition-all first:mt-3 motion-reduce:transition-none\" data-state=\"closed\"><strong>Hindernisschiene - Stabil und langlebig f\u00fcr Ihren Reitplatz<\/strong><\/span> <span class=\"\">Diese Hindernisschiene ist die ideale Erg\u00e4nzung f\u00fcr Ihre Hindernisst\u00e4nder. Sie ist sehr langlebig, solide und von hoher Qualit\u00e4t. Gefertigt aus feuerverzinktem Schwarzblech, bietet sie eine sichere und stabile Basis zum Auflegen Ihrer Hindernisstangen.<\/span><\/p>\n<h2 class=\"hover:duration-80 duration-800 mb-2 mt-6 w-fit cursor-pointer text-lg underline decoration-textOff\/25 decoration-1 underline-offset-[5px] hover:text-super hover:decoration-super\/80 hover:underline-offset-[7px] dark:decoration-textOffDark\/30 dark:hover:text-superDark dark:hover:decoration-superDark\/80 transition-all first:mt-3 motion-reduce:transition-none\" data-state=\"closed\">Hauptmerkmale<\/h2>\n<ul class=\"marker:text-textOff list-disc pl-8\">\n<li><span class=\"hover:duration-80 duration-800 cursor-pointer underline decoration-textOff\/25 decoration-1 underline-offset-[4px] hover:text-super hover:decoration-super\/80 hover:underline-offset-[6px] dark:decoration-textOffDark\/30 dark:hover:text-superDark dark:hover:decoration-superDark\/80 transition-all first:mt-3 motion-reduce:transition-none\" data-state=\"closed\"><strong>Hochwertiges Material:<\/strong><\/span><span class=\"\"> Aus feuerverzinktem Schwarzblech gefertigt, ist die Schiene besonders robust und widerstandsf\u00e4hig.<\/span><\/li>\n<li><span class=\"hover:duration-80 duration-800 cursor-pointer underline decoration-textOff\/25 decoration-1 underline-offset-[4px] hover:text-super hover:decoration-super\/80 hover:underline-offset-[6px] dark:decoration-textOffDark\/30 dark:hover:text-superDark dark:hover:decoration-superDark\/80 transition-all first:mt-3 motion-reduce:transition-none\" data-state=\"closed\"><strong>Einfacher Aufbau:<\/strong><\/span><span class=\"\"> Die Hindernisschiene erm\u00f6glicht einen stabilen und einfachen Aufbau von Hindernissen.<\/span><\/li>\n<li><span class=\"hover:duration-80 duration-800 cursor-pointer underline decoration-textOff\/25 decoration-1 underline-offset-[4px] hover:text-super hover:decoration-super\/80 hover:underline-offset-[6px] dark:decoration-textOffDark\/30 dark:hover:text-superDark dark:hover:decoration-superDark\/80 transition-all first:mt-3 motion-reduce:transition-none\" data-state=\"closed\"><strong>Flexibilit\u00e4t:<\/strong><\/span><span class=\"\"> Dank des Schl\u00fcsselloch-Systems k\u00f6nnen Sie die H\u00f6he der Stangen am Hindernis problemlos variieren.<\/span><\/li>\n<li><span class=\"hover:duration-80 duration-800 cursor-pointer underline decoration-textOff\/25 decoration-1 underline-offset-[4px] hover:text-super hover:decoration-super\/80 hover:underline-offset-[6px] dark:decoration-textOffDark\/30 dark:hover:text-superDark dark:hover:decoration-superDark\/80 transition-all first:mt-3 motion-reduce:transition-none\" data-state=\"closed\"><strong>Sichere Befestigung:<\/strong><\/span><span class=\"\"> Die Schiene wird mit Schrauben am Hindernisst\u00e4nder befestigt.<\/span><\/li>\n<\/ul>\n<h2 class=\"hover:duration-80 duration-800 mb-2 mt-6 w-fit cursor-pointer text-lg underline decoration-textOff\/25 decoration-1 underline-offset-[5px] hover:text-super hover:decoration-super\/80 hover:underline-offset-[7px] dark:decoration-textOffDark\/30 dark:hover:text-superDark dark:hover:decoration-superDark\/80 transition-all first:mt-3 motion-reduce:transition-none\" data-state=\"closed\">Vorteile<\/h2>\n<ul class=\"marker:text-textOff list-disc pl-8\">\n<li><span class=\"hover:duration-80 duration-800 cursor-pointer underline decoration-textOff\/25 decoration-1 underline-offset-[4px] hover:text-super hover:decoration-super\/80 hover:underline-offset-[6px] dark:decoration-textOffDark\/30 dark:hover:text-superDark dark:hover:decoration-superDark\/80 transition-all first:mt-3 motion-reduce:transition-none\" data-state=\"closed\"><strong>Stabilit\u00e4t:<\/strong><\/span><span class=\"\"> Bietet eine sichere und stabile Basis zum Auflegen der Hindernisstangen.<\/span><\/li>\n<li><span class=\"hover:duration-80 duration-800 cursor-pointer underline decoration-textOff\/25 decoration-1 underline-offset-[4px] hover:text-super hover:decoration-super\/80 hover:underline-offset-[6px] dark:decoration-textOffDark\/30 dark:hover:text-superDark dark:hover:decoration-superDark\/80 transition-all first:mt-3 motion-reduce:transition-none\" data-state=\"closed\"><strong>Flexibilit\u00e4t:<\/strong><\/span><span class=\"\"> Erm\u00f6glicht das einfache Variieren der H\u00f6he der Hindernisstangen.<\/span><\/li>\n<li><span class=\"hover:duration-80 duration-800 cursor-pointer underline decoration-textOff\/25 decoration-1 underline-offset-[4px] hover:text-super hover:decoration-super\/80 hover:underline-offset-[6px] dark:decoration-textOffDark\/30 dark:hover:text-superDark dark:hover:decoration-superDark\/80 transition-all first:mt-3 motion-reduce:transition-none\" data-state=\"closed\"><strong>Langlebigkeit:<\/strong><\/span><span class=\"\"> Das hochwertige Material sorgt f\u00fcr eine lange Lebensdauer der Schiene.<\/span><\/li>\n<li><span class=\"hover:duration-80 duration-800 cursor-pointer underline decoration-textOff\/25 decoration-1 underline-offset-[4px] hover:text-super hover:decoration-super\/80 hover:underline-offset-[6px] dark:decoration-textOffDark\/30 dark:hover:text-superDark dark:hover:decoration-superDark\/80 transition-all first:mt-3 motion-reduce:transition-none\" data-state=\"closed\"><strong>Einfache Montage:<\/strong><\/span><span class=\"\"> Die Schiene l\u00e4sst sich schnell und einfach am Hindernisst\u00e4nder befestigen.<\/span><\/li>\n<\/ul>\n<h2 class=\"hover:duration-80 duration-800 mb-2 mt-6 w-fit cursor-pointer text-lg underline decoration-textOff\/25 decoration-1 underline-offset-[5px] hover:text-super hover:decoration-super\/80 hover:underline-offset-[7px] dark:decoration-textOffDark\/30 dark:hover:text-superDark dark:hover:decoration-superDark\/80 transition-all first:mt-3 motion-reduce:transition-none\" data-state=\"closed\">Technische Details<\/h2>\n<ul class=\"marker:text-textOff list-disc pl-8\">\n<li><span class=\"hover:duration-80 duration-800 cursor-pointer underline decoration-textOff\/25 decoration-1 underline-offset-[4px] hover:text-super hover:decoration-super\/80 hover:underline-offset-[6px] dark:decoration-textOffDark\/30 dark:hover:text-superDark dark:hover:decoration-superDark\/80 transition-all first:mt-3 motion-reduce:transition-none\" data-state=\"closed\"><strong>Material:<\/strong><\/span><span class=\"\"> Feuerverzinktes Schwarzblech<\/span><\/li>\n<li><span class=\"hover:duration-80 duration-800 cursor-pointer underline decoration-textOff\/25 decoration-1 underline-offset-[4px] hover:text-super hover:decoration-super\/80 hover:underline-offset-[6px] dark:decoration-textOffDark\/30 dark:hover:text-superDark dark:hover:decoration-superDark\/80 transition-all first:mt-3 motion-reduce:transition-none\" data-state=\"closed\"><strong>Befestigung:<\/strong><\/span><span class=\"\"> Mit Schrauben am Hindernisst\u00e4nder<\/span><\/li>\n<li><span class=\"hover:duration-80 duration-800 cursor-pointer underline decoration-textOff\/25 decoration-1 underline-offset-[4px] hover:text-super hover:decoration-super\/80 hover:underline-offset-[6px] dark:decoration-textOffDark\/30 dark:hover:text-superDark dark:hover:decoration-superDark\/80 transition-all first:mt-3 motion-reduce:transition-none\" data-state=\"closed\"><strong>System:<\/strong><\/span><span class=\"\"> Schl\u00fcsselloch-System zur variablen H\u00f6henverstellung<\/span><\/li>\n<li><span class=\"hover:duration-80 duration-800 cursor-pointer underline decoration-textOff\/25 decoration-1 underline-offset-[4px] hover:text-super hover:decoration-super\/80 hover:underline-offset-[6px] dark:decoration-textOffDark\/30 dark:hover:text-superDark dark:hover:decoration-superDark\/80 transition-all first:mt-3 motion-reduce:transition-none\" data-state=\"closed\"><strong>L\u00e4nge:<\/strong><\/span><span class=\"\"> 150 cm<\/span><\/li>\n<\/ul>\n<h2 class=\"hover:duration-80 duration-800 mb-2 mt-6 w-fit cursor-pointer text-lg underline decoration-textOff\/25 decoration-1 underline-offset-[5px] hover:text-super hover:decoration-super\/80 hover:underline-offset-[7px] dark:decoration-textOffDark\/30 dark:hover:text-superDark dark:hover:decoration-superDark\/80 transition-all first:mt-3 motion-reduce:transition-none\" data-state=\"closed\">Einsatzm\u00f6glichkeiten<\/h2>\n<p><span class=\"\">Die Hindernisschiene eignet sich ideal zum Aufbau von Hindernissen auf dem Reitplatz. Sie wird an den Hindernisst\u00e4ndern befestigt und dient als Aufnahme f\u00fcr die Stangenauflagen. Durch das Schl\u00fcsselloch-System k\u00f6nnen Sie die H\u00f6he der Stangen individuell anpassen.<\/span><\/p>\n<h2 class=\"hover:duration-80 duration-800 mb-2 mt-6 w-fit cursor-pointer text-lg underline decoration-textOff\/25 decoration-1 underline-offset-[5px] hover:text-super hover:decoration-super\/80 hover:underline-offset-[7px] dark:decoration-textOffDark\/30 dark:hover:text-superDark dark:hover:decoration-superDark\/80 transition-all first:mt-3 motion-reduce:transition-none\" data-state=\"closed\">Investition in Zufriedenheit<\/h2>\n<p><span class=\"\">Investieren Sie in diese hochwertige Hindernisschiene und erleichtern Sie sich den Aufbau Ihrer Hindernisse auf dem Reitplatz. Unsere Hindernisschiene von Alfako besteht aus feuerverzinktem Schwarzblech, ist 150 cm lang und wird mit Schrauben an dem Hindernisst\u00e4nder befestigt. Sie ist sehr widerstandsf\u00e4hig und weist eine hohe Qualit\u00e4t auf.<\/span> <span class=\"hover:duration-80 duration-800 cursor-pointer underline decoration-textOff\/25 decoration-1 underline-offset-[4px] hover:text-super hover:decoration-super\/80 hover:underline-offset-[6px] dark:decoration-textOffDark\/30 dark:hover:text-superDark dark:hover:decoration-superDark\/80 transition-all first:mt-3 motion-reduce:transition-none\" data-state=\"closed\"><strong>Wichtige Hinweise zum Kauf:<\/strong><\/span><\/p>\n<ul class=\"marker:text-textOff list-disc pl-8\">\n<li><span class=\"\">Bitte beachten Sie bei einem Kauf \u00fcber verschiedene Internetportale: Kontaktieren Sie vorab den Kundenservice.<\/span><\/li>\n<li><span class=\"\">Die Standardlieferzeit betr\u00e4gt maximal drei Arbeitstage bei Lagerverf\u00fcgbarkeit; andernfalls verl\u00e4ngert sie sich auf etwa vier Wochen.<\/span><\/li>\n<\/ul>\n<h2><span style=\"font-weight: 400;\">Hindernisschiene aus feuerverzinktem Schwarzblech | Alfako<\/span><\/h2>\n<p><span style=\"font-weight: 400;\">Eine Hindernisschiene wird am Hindernis angeschraubt oder angesteckt und dient mit dem 24 mm Schl\u00fcssellochsystem der einfachen Befestigung von Stangenauflagen. Unsere Hindernisschiene besteht aus feuerverzinktem Schwarzblech und ist 150 cm lang. Eine Hindernisschiene dient dem stabilen Aufbau von Hindernissen.<\/span><\/p>\n<p><span style=\"font-weight: 400;\">Hindernisschienen eignen sich vor allem bei Hindernisst\u00e4ndern aus Holz, da sie in Stahlst\u00e4ndern in den meisten F\u00e4llen bereits integriert sind. In unserem Sortiment verkaufen wir eine Hindernisschiene im praktischen 10er-Pack f\u00fcr die einfache Errichtung eines gesamten Parcours mit verschiedenen Hindernissen.<\/span><\/p>\n<h2><span style=\"font-weight: 400;\">Hindernisschiene von Alfako<\/span><\/h2>\n<p><span style=\"font-weight: 400;\">Die Hindernisschiene von Alfako mit Schl\u00fcssellochsystem wird mit Schrauben an dem Hindernisst\u00e4nder befestigt. Unsere Hindernisschiene ist aufgrund des hochwertigen Schwarzblechs sehr widerstandsf\u00e4hig, weist eine hohe Qualit\u00e4t auf und sorgt daf\u00fcr, dass die Schiene auch bei h\u00e4ufigem Gebrauch ihre Stabilit\u00e4t h\u00e4lt.<\/span><\/p>\n<p><span style=\"font-weight: 400;\">Die Alfako Hindernisschiene l\u00e4sst sich einfach montieren und garantiert eine sichere Befestigung der Hindernisschienen. Unsere Hindernisschiene erm\u00f6glicht dank des durchdachten Schl\u00fcssellochsystems ein schnelles Austauschen oder Justieren der Hindernisschienen, was den Aufbau der Hindernisse erheblich erleichtert.<\/span><\/p>\n<h2><span style=\"font-weight: 400;\">Wann nutzt man Hindernisschienen?<\/span><\/h2>\n<p><span style=\"font-weight: 400;\">Hindernisschienen nutzt man, wenn man Hindernisse und Parcours auf dem Reitplatz oder in der Reithalle aufbauen m\u00f6chte. Hindernisschienen kommen besonders dann zum Einsatz, wenn man die H\u00f6he von Spr\u00fcngen individuell einstellen m\u00f6chte. Eine Hindernisschiene wird sowohl im Training als auch im Turnieraufbau genutzt.<\/span><\/p>\n<p><span style=\"font-weight: 400;\">Eine Hindernisschiene fungiert als Befestigung f\u00fcr die Stangenauflagen beim Hindernisspringen im Pferdesport. Die Hindernisschiene sorgt daf\u00fcr, dass die Stangen in der Hindernisauflage zwar sicher aufliegen, bei einem leichten Kontakt mit dem Pferd dennoch herunterfallen, um Verletzungen zu vermeiden.<\/span><\/p>\n<h2><span style=\"font-weight: 400;\">Wie werden Hindernisschienen befestigt?<\/span><\/h2>\n<p><span style=\"font-weight: 400;\">Hindernisschienen werden mit Schrauben oder per Stecksystem am Hindernisst\u00e4nder befestigt. Bei einigen Hindernisschienen ist es m\u00f6glich, die Schiene mittels passgenauer Steckverbindungen am Hindernisst\u00e4nder anzubringen. Gibt es keine Steckverbindungen, wird die Schiene fest mit dem St\u00e4nder verschraubt.<\/span><\/p>\n<p><span style=\"font-weight: 400;\">Sowohl beim Schrauben als auch beim Stecksystem handelt es sich um eine schnelle, sichere und flexible Montage der Hindernisschiene, die bei Bedarf leicht wieder gel\u00f6st oder ausgetauscht werden kann. Dank der stabilen Konstruktion der Befestigung bleiben die Hindernisschienen auch bei h\u00e4ufigem Auf- und Abbau robust und zuverl\u00e4ssig.<\/span><\/p>\n<h2><span style=\"font-weight: 400;\">Wie lang ist eine Hindernisschiene?<\/span><\/h2>\n<p><span style=\"font-weight: 400;\">Eine Hindernisschiene ist in den meisten F\u00e4llen 50 cm, 75 cm oder 150 cm lang. Hindernisschienen aus Kunststoff sind \u00fcberwiegend k\u00fcrzer als Hindernisschienen aus verzinktem Stahl. Der Schl\u00fcssellochdurchmesser der Hindernisschienen betr\u00e4gt gr\u00f6\u00dftenteils 24 mm und die Breite der Schiene etwa 5 cm.<\/span><\/p>\n<p><span style=\"font-weight: 400;\">Bei einigen Hindernisschienen ist es m\u00f6glich, mehrere Schienen per Stecksystem aneinanderzureihen, um sie am Hindernis zu verl\u00e4ngern und die L\u00e4nge der Schiene nach Bedarf flexibel anzupassen. Die passende L\u00e4nge der Hindernisschiene w\u00e4hlt man entsprechend der ben\u00f6tigten Anzahl der Schl\u00fcssell\u00f6cher f\u00fcr die Stangenauflagen.<\/span><\/p>\n<h2><span style=\"font-weight: 400;\">Was sind die Vorteile von Hindernisschienen?<\/span><\/h2>\n<p><span style=\"font-weight: 400;\">Die Vorteile von Hindernisschienen sind, dass sie eine hohe Stabilit\u00e4t bieten und leicht zu transportieren sowie witterungsbest\u00e4ndig sind. Hindernisschienen sind flexibel in der Nutzung, bieten mehr Sicherheit und haben eine lange Lebensdauer. Hindernisschienen sind optimal f\u00fcr das Springtraining geeignet.<\/span><\/p>\n<p><span style=\"font-weight: 400;\">Die nachfolgende Liste pr\u00e4sentiert detailliert, was die Vorteile von Hindernisschienen sind.<\/span><b><\/b><\/p>\n<ul>\n<li aria-level=\"1\"><b>Hohe Stabilit\u00e4t: <\/b><span style=\"font-weight: 400;\">Hindernisschienen bieten eine hohe Stabilit\u00e4t, da sie aus einem robusten Material bestehen und durch ihre Bauweise daf\u00fcr sorgen, dass sowohl die Hindernisauflagen als auch die Hindernisstangen sicher am Hindernis befestigt sind.<\/span><\/li>\n<li aria-level=\"1\"><b>Leicht zu transportieren: <\/b><span style=\"font-weight: 400;\">Hindernisschienen sind leicht zu transportieren, denn sie haben in den meisten F\u00e4llen ein Eigengewicht von h\u00f6chstens 1 kg. Hindernisschienen k\u00f6nnen aufgrund des geringen Gewichts sogar von Kindern transportiert werden.<\/span><\/li>\n<li aria-level=\"1\"><b>Witterungsbest\u00e4ndig: <\/b><span style=\"font-weight: 400;\">Hindernisschienen sind witterungsbest\u00e4ndig, denn die meisten Schienen sind f\u00fcr den Au\u00dfenbereich konzipiert. Hindernisschienen sind resistent gegen\u00fcber Korrosion, UV-Strahlung und unterschiedlichem Wetter.<\/span><\/li>\n<li aria-level=\"1\"><b>Flexible Nutzung: <\/b><span style=\"font-weight: 400;\">Hindernisschienen sind flexibel in der Nutzung, denn sie erm\u00f6glichen eine bedarfsgerechte Anpassung der Hindernish\u00f6he durch das Schl\u00fcssellochsystem.<\/span><\/li>\n<li aria-level=\"1\"><b>Bieten mehr Sicherheit: <\/b><span style=\"font-weight: 400;\">Hindernisschienen bieten mehr Sicherheit, da sie f\u00fcr eine sichere und massive Basis zum Auflegen der Hindernisstangen sorgen. Durch die robuste Befestigung der Schiene am Hindernisst\u00e4nder werden Pferde nicht verletzt.<\/span><\/li>\n<li aria-level=\"1\"><b>Lange Lebensdauer: <\/b><span style=\"font-weight: 400;\">Hindernisschienen haben eine lange Lebensdauer, da das hochwertige Material aus feuerverzinktem Stahl oder Kunststoff f\u00fcr eine hohe Langlebigkeit der Schiene bei jedem Wetter sorgt.<\/span><\/li>\n<li aria-level=\"1\"><b>Einfach aufzubauen: <\/b><span style=\"font-weight: 400;\">Hindernisschienen sind einfach aufzubauen, da sie sich schnell, stabil und einfach am Hindernisst\u00e4nder mit Schrauben oder per Einstecksystem befestigen lassen.\u00a0<\/span><\/li>\n<\/ul>\n<p><span style=\"font-weight: 400;\">Investieren Sie in unsere erstklassige Hindernisschiene und erleichtern Sie sich den Aufbau Ihrer Hindernisse auf dem Reitplatz. Falls noch Fragen zu der Hindernisschiene oder zu anderen Produkten unseres Sortiments aufkommen sollten, dann nehmen Sie gerne Kontakt zu uns \u00fcber das Kontaktformular auf unserer Website auf. Wir helfen Ihnen gerne weiter!<\/span><\/p>\n","protected":false},"excerpt":{"rendered":"<p>Hot-dip galvanised obstacle rail.<\/p>","protected":false},"featured_media":18181,"template":"","meta":{"_seopress_robots_primary_cat":"none","_seopress_titles_title":"","_seopress_titles_desc":"","_seopress_robots_index":""},"product_brand":[],"product_cat":[21],"product_tag":[],"class_list":{"0":"post-17459","1":"product","2":"type-product","3":"status-publish","4":"has-post-thumbnail","6":"product_cat-reitplatz","8":"first","9":"instock","10":"taxable","11":"shipping-taxable","12":"purchasable","13":"product-type-simple"},"_links":{"self":[{"href":"https:\/\/alfako-stallausstattung.de\/en\/wp-json\/wp\/v2\/product\/17459","targetHints":{"allow":["GET"]}}],"collection":[{"href":"https:\/\/alfako-stallausstattung.de\/en\/wp-json\/wp\/v2\/product"}],"about":[{"href":"https:\/\/alfako-stallausstattung.de\/en\/wp-json\/wp\/v2\/types\/product"}],"wp:featuredmedia":[{"embeddable":true,"href":"https:\/\/alfako-stallausstattung.de\/en\/wp-json\/wp\/v2\/media\/18181"}],"wp:attachment":[{"href":"https:\/\/alfako-stallausstattung.de\/en\/wp-json\/wp\/v2\/media?parent=17459"}],"wp:term":[{"taxonomy":"product_brand","embeddable":true,"href":"https:\/\/alfako-stallausstattung.de\/en\/wp-json\/wp\/v2\/product_brand?post=17459"},{"taxonomy":"product_cat","embeddable":true,"href":"https:\/\/alfako-stallausstattung.de\/en\/wp-json\/wp\/v2\/product_cat?post=17459"},{"taxonomy":"product_tag","embeddable":true,"href":"https:\/\/alfako-stallausstattung.de\/en\/wp-json\/wp\/v2\/product_tag?post=17459"}],"curies":[{"name":"wp","href":"https:\/\/api.w.org\/{rel}","templated":true}]}}