{"id":17417,"date":"2022-12-13T13:41:52","date_gmt":"2022-12-13T12:41:52","guid":{"rendered":"https:\/\/alfako-stallausstattung.de\/?post_type=product&#038;p=17417"},"modified":"2026-05-04T09:42:27","modified_gmt":"2026-05-04T07:42:27","slug":"sattelstaender-aus-aluminium","status":"publish","type":"product","link":"https:\/\/alfako-stallausstattung.de\/en\/sattelstaender-aus-aluminium\/","title":{"rendered":"ALUMINIUM SADDLE STAND"},"content":{"rendered":"<div class=\"mb-md\">\n<div class=\"relative default font-sans text-base text-textMain dark:text-textMainDark selection:bg-super\/50 selection:text-textMain dark:selection:bg-superDuper\/10 dark:selection:text-superDark\">\n<div class=\"min-w-0 break-words [word-break:break-word]\">\n<div dir=\"auto\">\n<div class=\"prose text-pretty dark:prose-invert inline leading-normal break-words min-w-0 [word-break:break-word]\">\n<h2 class=\"hover:duration-80 duration-800 mb-2 mt-6 w-fit cursor-pointer text-lg underline decoration-textOff\/25 decoration-1 underline-offset-[5px] hover:text-super hover:decoration-super\/80 hover:underline-offset-[7px] dark:decoration-textOffDark\/30 dark:hover:text-superDark dark:hover:decoration-superDark\/80 transition-all first:mt-3 motion-reduce:transition-none\" data-state=\"closed\">SATTELST\u00c4NDER AUS ALUMINIUM: Sch\u00fctzen Sie Ihren Sattel<\/h2>\n<p><span class=\"\">Verf\u00fcgbar in drei Farben: gr\u00fcn, silber und blau<\/span> <span class=\"\">Gewicht Aluminium 4,10 kg<\/span> <span class=\"\">Ein Sattelst\u00e4nder ist die ideale L\u00f6sung, um Ihren Sattelbaum und das Leder zu sch\u00fctzen und eine ordentliche Aufbewahrung zu gew\u00e4hrleisten. Vermeiden Sie die Lagerung auf dem Boden, um Besch\u00e4digungen vorzubeugen.<\/span><\/p>\n<h2 class=\"hover:duration-80 duration-800 mb-2 mt-6 w-fit cursor-pointer text-lg underline decoration-textOff\/25 decoration-1 underline-offset-[5px] hover:text-super hover:decoration-super\/80 hover:underline-offset-[7px] dark:decoration-textOffDark\/30 dark:hover:text-superDark dark:hover:decoration-superDark\/80 transition-all first:mt-3 motion-reduce:transition-none\" data-state=\"closed\">Was ist ein Sattelst\u00e4nder?<\/h2>\n<p><span class=\"\">Ein Sattelst\u00e4nder ist ein Gestell, das speziell f\u00fcr die Lagerung von S\u00e4tteln entwickelt wurde. Er bietet eine sichere und ordentliche Aufbewahrungsm\u00f6glichkeit, die das Leder schont und f\u00fcr eine gute Bel\u00fcftung sorgt. Einige Modelle sind zusammenklappbar und somit platzsparend.<\/span> <span class=\"\">Sattelst\u00e4nder sind in verschiedenen Materialien (Stahl oder Aluminium) und Farben erh\u00e4ltlich. Die Form ist in der Regel einem Sattel nachempfunden, um einen optimalen Halt zu gew\u00e4hrleisten.<\/span><\/p>\n<h2 class=\"hover:duration-80 duration-800 mb-2 mt-6 w-fit cursor-pointer text-lg underline decoration-textOff\/25 decoration-1 underline-offset-[5px] hover:text-super hover:decoration-super\/80 hover:underline-offset-[7px] dark:decoration-textOffDark\/30 dark:hover:text-superDark dark:hover:decoration-superDark\/80 transition-all first:mt-3 motion-reduce:transition-none\" data-state=\"closed\">Wo stehen Sattelst\u00e4nder?<\/h2>\n<p><span class=\"\">Sattelst\u00e4nder k\u00f6nnen flexibel in der Sattelkammer, am Putzplatz, im Sattelschrank, auf dem Reitplatz, in der Stallgasse oder in der Reithalle platziert werden.<\/span><\/p>\n<h2 class=\"hover:duration-80 duration-800 mb-2 mt-6 w-fit cursor-pointer text-lg underline decoration-textOff\/25 decoration-1 underline-offset-[5px] hover:text-super hover:decoration-super\/80 hover:underline-offset-[7px] dark:decoration-textOffDark\/30 dark:hover:text-superDark dark:hover:decoration-superDark\/80 transition-all first:mt-3 motion-reduce:transition-none\" data-state=\"closed\">Vorteile von Sattelst\u00e4ndern<\/h2>\n<ul class=\"marker:text-textOff list-disc pl-8\">\n<li><span class=\"hover:duration-80 duration-800 cursor-pointer underline decoration-textOff\/25 decoration-1 underline-offset-[4px] hover:text-super hover:decoration-super\/80 hover:underline-offset-[6px] dark:decoration-textOffDark\/30 dark:hover:text-superDark dark:hover:decoration-superDark\/80 transition-all first:mt-3 motion-reduce:transition-none\" data-state=\"closed\"><strong>Flexibilit\u00e4t:<\/strong><\/span><span class=\"\"> \u00dcberall aufstellbar.<\/span><\/li>\n<li><span class=\"hover:duration-80 duration-800 cursor-pointer underline decoration-textOff\/25 decoration-1 underline-offset-[4px] hover:text-super hover:decoration-super\/80 hover:underline-offset-[6px] dark:decoration-textOffDark\/30 dark:hover:text-superDark dark:hover:decoration-superDark\/80 transition-all first:mt-3 motion-reduce:transition-none\" data-state=\"closed\"><strong>Ordnung:<\/strong><\/span><span class=\"\"> Vermeidet Unordnung in Sattelkammer und Sattelschrank.<\/span><\/li>\n<li><span class=\"hover:duration-80 duration-800 cursor-pointer underline decoration-textOff\/25 decoration-1 underline-offset-[4px] hover:text-super hover:decoration-super\/80 hover:underline-offset-[6px] dark:decoration-textOffDark\/30 dark:hover:text-superDark dark:hover:decoration-superDark\/80 transition-all first:mt-3 motion-reduce:transition-none\" data-state=\"closed\"><strong>Schutz:<\/strong><\/span><span class=\"\"> Schont das Sattelleder und verhindert Abnutzung.<\/span><\/li>\n<li><span class=\"hover:duration-80 duration-800 cursor-pointer underline decoration-textOff\/25 decoration-1 underline-offset-[4px] hover:text-super hover:decoration-super\/80 hover:underline-offset-[6px] dark:decoration-textOffDark\/30 dark:hover:text-superDark dark:hover:decoration-superDark\/80 transition-all first:mt-3 motion-reduce:transition-none\" data-state=\"closed\"><strong>Zusatzfunktionen:<\/strong><\/span><span class=\"\"> Viele Modelle bieten Ablagem\u00f6glichkeiten f\u00fcr Reitzubeh\u00f6r.<\/span><\/li>\n<li><span class=\"hover:duration-80 duration-800 cursor-pointer underline decoration-textOff\/25 decoration-1 underline-offset-[4px] hover:text-super hover:decoration-super\/80 hover:underline-offset-[6px] dark:decoration-textOffDark\/30 dark:hover:text-superDark dark:hover:decoration-superDark\/80 transition-all first:mt-3 motion-reduce:transition-none\" data-state=\"closed\"><strong>Mobilit\u00e4t:<\/strong><\/span><span class=\"\"> Sattelwagen mit Rollen erm\u00f6glichen den Transport von mehreren S\u00e4tteln und Zubeh\u00f6r.<\/span><\/li>\n<\/ul>\n<h2 class=\"hover:duration-80 duration-800 mb-2 mt-6 w-fit cursor-pointer text-lg underline decoration-textOff\/25 decoration-1 underline-offset-[5px] hover:text-super hover:decoration-super\/80 hover:underline-offset-[7px] dark:decoration-textOffDark\/30 dark:hover:text-superDark dark:hover:decoration-superDark\/80 transition-all first:mt-3 motion-reduce:transition-none\" data-state=\"closed\">Farben<\/h2>\n<p><span class=\"\">Sattelst\u00e4nder sind in verschiedenen Farben erh\u00e4ltlich, darunter Gr\u00fcn, Rot, Blau, Silber und Schwarz.<\/span><\/p>\n<h2 class=\"hover:duration-80 duration-800 mb-2 mt-6 w-fit cursor-pointer text-lg underline decoration-textOff\/25 decoration-1 underline-offset-[5px] hover:text-super hover:decoration-super\/80 hover:underline-offset-[7px] dark:decoration-textOffDark\/30 dark:hover:text-superDark dark:hover:decoration-superDark\/80 transition-all first:mt-3 motion-reduce:transition-none\" data-state=\"closed\">Zubeh\u00f6rlagerung<\/h2>\n<p><span class=\"\">Neben dem Sattel k\u00f6nnen oft auch Trensen und weiteres Zubeh\u00f6r am Sattelst\u00e4nder befestigt oder in integrierten F\u00e4chern gelagert werden.<\/span><\/p>\n<h2 class=\"hover:duration-80 duration-800 mb-2 mt-6 w-fit cursor-pointer text-lg underline decoration-textOff\/25 decoration-1 underline-offset-[5px] hover:text-super hover:decoration-super\/80 hover:underline-offset-[7px] dark:decoration-textOffDark\/30 dark:hover:text-superDark dark:hover:decoration-superDark\/80 transition-all first:mt-3 motion-reduce:transition-none\" data-state=\"closed\">Alfako Sattelst\u00e4nder<\/h2>\n<p><span class=\"\">Unser Alfako Sattelst\u00e4nder ist eine ideale Erg\u00e4nzung f\u00fcr Ihren Stall:<\/span><\/p>\n<ul class=\"marker:text-textOff list-disc pl-8\">\n<li><span class=\"hover:duration-80 duration-800 cursor-pointer underline decoration-textOff\/25 decoration-1 underline-offset-[4px] hover:text-super hover:decoration-super\/80 hover:underline-offset-[6px] dark:decoration-textOffDark\/30 dark:hover:text-superDark dark:hover:decoration-superDark\/80 transition-all first:mt-3 motion-reduce:transition-none\" data-state=\"closed\"><strong>Farben:<\/strong><\/span><span class=\"\"> Silber, Blau und Gr\u00fcn<\/span><\/li>\n<li><span class=\"hover:duration-80 duration-800 cursor-pointer underline decoration-textOff\/25 decoration-1 underline-offset-[4px] hover:text-super hover:decoration-super\/80 hover:underline-offset-[6px] dark:decoration-textOffDark\/30 dark:hover:text-superDark dark:hover:decoration-superDark\/80 transition-all first:mt-3 motion-reduce:transition-none\" data-state=\"closed\"><strong>Abmessungen:<\/strong><\/span><span class=\"\"> 83 cm hoch, 60 cm breit, 50 cm tief<\/span><\/li>\n<li><span class=\"hover:duration-80 duration-800 cursor-pointer underline decoration-textOff\/25 decoration-1 underline-offset-[4px] hover:text-super hover:decoration-super\/80 hover:underline-offset-[6px] dark:decoration-textOffDark\/30 dark:hover:text-superDark dark:hover:decoration-superDark\/80 transition-all first:mt-3 motion-reduce:transition-none\" data-state=\"closed\"><strong>Material:<\/strong><\/span><span class=\"\"> Wahlweise Stahl oder Aluminium<\/span>\n<ul class=\"marker:text-textOff list-disc\">\n<li><span class=\"\">Aluminium: ca. 4 kg<\/span><\/li>\n<li><span class=\"\">Stahl: ca. 9 kg<\/span><\/li>\n<\/ul>\n<\/li>\n<\/ul>\n<p><span class=\"\">Besuchen Sie unsere Website, um unser Sortiment an Sattelst\u00e4ndern und Sattelwagen zu entdecken. Bei Fragen stehen wir Ihnen gerne \u00fcber unser Kontaktformular zur Verf\u00fcgung. Wir freuen uns \u00fcber Ihre Bewertung!<\/span><\/p>\n<h2><span style=\"font-weight: 400;\">Sattelst\u00e4nder: Sattelgestell Pferd | Alfako<\/span><\/h2>\n<p><span style=\"font-weight: 400;\">Sattelst\u00e4nder sind Gestelle zum Aufstellen f\u00fcr die Lagerung von S\u00e4tteln, aber auch von Zaumzeug oder Halftern von Pferden. Hochwertige Sattelhalter sind gro\u00df, mobil und in vielen F\u00e4llen klappbar. Es gibt Holz-Sattelst\u00e4nder, Sattelbutler aus Metall oder aus Aluminium. Sattelgestelle haben mehrere Farben neben schwarz.<\/span><\/p>\n<p><span style=\"font-weight: 400;\">Sattelgestelle sind ohne R\u00e4der ausgestattet und f\u00fcr Westerns\u00e4ttel sowie f\u00fcr englische S\u00e4ttel geeignet. Sattelst\u00e4nder haben ein bis vier Halterungen f\u00fcr S\u00e4ttel und haben in den meisten F\u00e4llen die Form eines Sattels, um eine optimale Aufbewahrung sowie einen sicheren Halt des Sattels zu gew\u00e4hrleisten. Wir von Alfako verkaufen einen Sattelst\u00e4nder in drei Farben und zwei verschiedenen Materialien, der Ihren Sattel optimal vor Abnutzung sch\u00fctzt.<\/span><\/p>\n<h2><span style=\"font-weight: 400;\">Welche Sattelst\u00e4nder gibt es?<\/span><\/h2>\n<p><span style=\"font-weight: 400;\">Es gibt Sattelst\u00e4nder f\u00fcr einen Sattel, Sattelst\u00e4nder f\u00fcr mehrere S\u00e4ttel, Sattelgestelle mit Ablagegitter und Sattelb\u00f6cke mit integriertem Trensenhalter. Sattelst\u00e4nder sind frei stehend und auf den meisten Ausf\u00fchrungen der St\u00e4nder kann man S\u00e4ttel aller Art aufbewahren.<\/span><\/p>\n<p><span style=\"font-weight: 400;\">Welche Sattelst\u00e4nder es gibt, zeigt die folgende Liste im Detail.<\/span><b><\/b><\/p>\n<ul>\n<li><b>Sattelst\u00e4nder f\u00fcr einen Sattel: <\/b><span style=\"font-weight: 400;\">Sattelst\u00e4nder f\u00fcr einen Sattel ist ein einfacher St\u00e4nder, der sehr kompakt und ideal f\u00fcr kleine Sattelkammern ist. Sattelst\u00e4nder mit Platz f\u00fcr einen Sattel bieten eine g\u00fcnstigere L\u00f6sung und haben ein leichtes Eigengewicht, weshalb sie leicht zu transportieren sind.<\/span><\/li>\n<li><b>Sattelst\u00e4nder f\u00fcr mehrere S\u00e4ttel: <\/b><span style=\"font-weight: 400;\">Ein Sattelst\u00e4nder f\u00fcr mehrere S\u00e4ttel ist ein gro\u00dfes Gestell mit 2 - 3 Halterungen. Mit Sattelst\u00e4ndern f\u00fcr mehrere S\u00e4ttel lagert man die S\u00e4ttel \u00fcbereinander. Ein Sattelgestell f\u00fcr mehrere S\u00e4ttel spart t\u00e4glich Zeit, weil alle S\u00e4ttel an einem Ort stehen.<\/span><\/li>\n<li><b>Sattelst\u00e4nder mit Ablagegitter: <\/b><span style=\"font-weight: 400;\">Sattelgestelle mit Ablagegitter haben eine zus\u00e4tzliche Ablagefl\u00e4che unterhalb der Sattelhalterung. Ein Sattelgestell mit Ablagegitter bietet neben S\u00e4tteln zus\u00e4tzlichen Platz f\u00fcr beispielsweise Decken, Gamaschen oder B\u00fcrsten.<\/span><\/li>\n<li><b>Sattelst\u00e4nder mit Trensenhalter: <\/b><span style=\"font-weight: 400;\">Ein Sattelbock mit Trensenhalter ist ein St\u00e4nder, der zus\u00e4tzlich eigene Haken oder Halterungen f\u00fcr Trensen und Halfter aufweist. Mit einem Sattelbock mit integriertem Trensenhalter hat man eine Komplettl\u00f6sung und es ist kein extra Haken f\u00fcr das Zaumzeug an der Wand n\u00f6tig.<\/span><\/li>\n<\/ul>\n<h2><span style=\"font-weight: 400;\">Was sind die Vorteile von Sattelst\u00e4ndern?<\/span><\/h2>\n<p><span style=\"font-weight: 400;\">Die Hauptvorteile von Sattelst\u00e4ndern sind, dass sie einfach zu montieren sind, eine ordnungsgem\u00e4\u00dfe Aufbewahrung der S\u00e4ttel erm\u00f6glichen sowie robust und leicht zu versetzen sind. Sattelst\u00e4nder bieten eine optimale Platzersparnis, sind klappbar, mehrstufig und haben eine hohe Stabilit\u00e4t.<\/span><\/p>\n<p><span style=\"font-weight: 400;\">Alle Vorteile von Sattelst\u00e4ndern pr\u00e4sentiert die nachstehende Liste detailliert.<\/span><b><\/b><\/p>\n<ul>\n<li><b>Einfach zu montieren: <\/b><span style=\"font-weight: 400;\">Sattelst\u00e4nder sind einfach zu montieren, da die meisten Modelle entweder vormontiert oder mit wenigen Schrauben schnell aufgebaut sind. Die einfache Montage des Sattelst\u00e4nders ist im Stallalltag praktisch, denn es erfordert kein Spezialwerkzeug.<\/span><\/li>\n<li><b>Ordnungsgem\u00e4\u00dfe Aufbewahrung: <\/b><span style=\"font-weight: 400;\">Sattelgestelle bieten eine ordnungsgem\u00e4\u00dfe Aufbewahrung des Sattels, denn er verteilt das Gewicht gleichm\u00e4\u00dfig, verhindert Druckstellen und schont das Material sowie den Sattelbaum. Ein gut geformtes Sattelgestell erm\u00f6glicht ausreichende Luftzirkulation bei Feuchtigkeit.<\/span><\/li>\n<li><b>Robust:<\/b><span style=\"font-weight: 400;\"> Sattelb\u00f6cke sind robust, da sie aus pulverbeschichtetem Stahl, massivem Holz oder stabilen Aluminium bestehen. Hochwertige Sattelb\u00f6cke sind speziell f\u00fcr den Stallalltag ausgelegt und aufgrund ihres Materials sehr langlebig. Die feste Konstruktion verhindert das Umkippen des Sattelbocks.\u00a0<\/span><\/li>\n<li><b>Leicht zu versetzen:<\/b><span style=\"font-weight: 400;\"> Sattelst\u00e4nder sind leicht zu versetzen, denn sie sind entweder zusammenklappbar oder leicht im Gewicht. Mobile Sattelst\u00e4nder sind flexibel nutzbar, da sie an jedem Ort aufstellbar sind und auch auf Turnieren mitgenommen werden k\u00f6nnen. Sattelst\u00e4nder werden im Stall, Anh\u00e4nger oder Sattelkammer genutzt.<\/span><\/li>\n<li aria-level=\"1\"><b>Optimale Platzersparnis: <\/b><span style=\"font-weight: 400;\">Sattelgestelle bieten eine optimale Platzersparnis, da die St\u00e4nder eine vertikale Nutzung des Raums erm\u00f6glichen. Auf einem Sattelgestell werden S\u00e4ttel \u00fcbereinander auf Halterungen gelagert, was eine klare Struktur und weniger Unordnung auf dem Boden gew\u00e4hrleistet.\u00a0<\/span><\/li>\n<li aria-level=\"1\"><b>Klappbar:<\/b><span style=\"font-weight: 400;\"> Viele Ausf\u00fchrungen von Sattelb\u00f6cken sind klappbar und lassen sich bei Nichtgebrauch platzsparend verstauen. Klappbare Sattelb\u00f6cke passen in Autos oder Anh\u00e4nger und sind auch ideal f\u00fcr die vor\u00fcbergehende Nutzung geeignet. Die zusammenklappbare Funktion macht die Sattelb\u00f6cke f\u00fcr den Transport mobil.<\/span><\/li>\n<li aria-level=\"1\"><b>Mehrstufig:<\/b><span style=\"font-weight: 400;\"> Sattelst\u00e4nder sind oft mehrstufig und haben 3 Etagen oder mehr. Mehrstufige Sattelst\u00e4nder erm\u00f6glichen die Lagerung mehrerer S\u00e4ttel auf engem Raum. Sattelst\u00e4nder mit mehreren Etagen eignen sich f\u00fcr Reitschulen, Stallgemeinschaften oder f\u00fcr Reiter mit mehreren S\u00e4tteln.<\/span><\/li>\n<li aria-level=\"1\"><b>Hohe Stabilit\u00e4t:<\/b><span style=\"font-weight: 400;\"> Sattelgestelle haben eine hohe Stabilit\u00e4t, da sie \u00fcber eine breite Standfl\u00e4che verf\u00fcgen. Einige Modelle von Sattelgestellen haben rutschfeste F\u00fc\u00dfe oder integrierte Bodenschoner. Die meisten Sattelgestelle haben eine kippsichere Konstruktion, was besonders wichtig bei schweren Dressur- und Springs\u00e4tteln ist.<\/span><\/li>\n<li aria-level=\"1\"><b>Platz f\u00fcr weiteres Zubeh\u00f6r:<\/b><span style=\"font-weight: 400;\"> Einige Varianten von Sattelb\u00f6cken haben Platz f\u00fcr weiteres Zubeh\u00f6r neben S\u00e4tteln. Sattelb\u00f6cke mit zus\u00e4tzlichen Stauraum bieten Platz f\u00fcr beispielsweise Trense, Halfter, Strick, Ausbinder, Putzbox, Reitausr\u00fcstung, Pferdedecken und Schabracken.<\/span><\/li>\n<li aria-level=\"1\"><b>F\u00fcr Lagerung und Pflege geeignet: <\/b><span style=\"font-weight: 400;\">Sattelst\u00e4nder sind sowohl f\u00fcr die Lagerung als auch f\u00fcr die Pflege des Sattels geeignet. Ein Sattelst\u00e4nder erm\u00f6glicht das bequeme Putzen und Einfetten des Sattels, wobei er den Sattel in der passenden Arbeitsh\u00f6he h\u00e4lt. F\u00fcr die Lagerung des Sattels vermeidet man mit dem Sattelst\u00e4nder den Bodenkontakt, um den Sattel vor Schmutz sowie Feuchtigkeit zu sch\u00fctzen.<\/span><\/li>\n<\/ul>\n<h2><span style=\"font-weight: 400;\">Wie gro\u00df sind Sattelst\u00e4nder?<\/span><\/h2>\n<p><span style=\"font-weight: 400;\">Sattelst\u00e4nder sind in der H\u00f6he zwischen 55 cm und 175 cm und in der L\u00e4nge zwischen 50 cm und 76 cm gro\u00df. Sattelb\u00f6cke mit Platz f\u00fcr 1 Sattel sind 55 cm bis 90 cm hoch. Sattelgestelle mit Platz f\u00fcr 2 S\u00e4ttel sind etwa 100 cm bis 130 cm hoch und Sattelst\u00e4nder mit Platz f\u00fcr 3 S\u00e4ttel ungef\u00e4hr 170 cm bis 175 cm.<\/span><\/p>\n<p><span style=\"font-weight: 400;\">Hat das Sattelgestell eine zus\u00e4tzliche Ablagem\u00f6glichkeit f\u00fcr Reitequipment unter dem Sattelhalter, ist dieser St\u00e4nder in den meisten F\u00e4llen breiter als Sattelst\u00e4nder ohne Ablage. Entscheidet man sich f\u00fcr einen Sattelbutler mit schwenkbaren Armen, ist zu ber\u00fccksichtigen, dass die Arme ausreichend Platz auf beiden Seiten ben\u00f6tigen.<\/span><\/p>\n<h2><span style=\"font-weight: 400;\">Wo stellt man Sattelst\u00e4nder auf?<\/span><\/h2>\n<p><span style=\"font-weight: 400;\">Man stellt Sattelst\u00e4nder am Putzplatz oder in der Stallgasse und bei Nichtbenutzung im Sattelschrank oder in der Sattelkammer auf. Der Aufstellungsort des Sattelst\u00e4nders ist wegen des geringen Gewichts flexibel. Sattelb\u00f6cke sollten an einem gut bel\u00fcfteten Ort gelagert werden, um Feuchtigkeit am Sattel zu vermeiden.<\/span><\/p>\n<p><span style=\"font-weight: 400;\">Sattelgestelle werden im Gegensatz zum Sattelhalter nicht an der Wand befestigt, sondern stehen mit einem festen Stand auf dem Boden. Der Sattelbock ist aufgrund der klappbaren Funktion und der flexiblen Aufstellung f\u00fcr den privaten Gebrauch im Stall sowie auf Turnieren geeignet. Unterwegs werden Sattelst\u00e4nder im Auto oder im Anh\u00e4nger aufgestellt.<\/span><\/p>\n<h2><span style=\"font-weight: 400;\">Aus welchem Material sind Sattelst\u00e4nder?<\/span><\/h2>\n<p><span style=\"font-weight: 400;\">Sattelst\u00e4nder sind aus Aluminium, Stahl oder Holz. Sattelst\u00e4nder bestehen aus robustem Material mit rostbest\u00e4ndiger Beschichtung. Aluminium-Sattelst\u00e4nder sind leicht, mobil und rostfrei. Stahl-Sattelst\u00e4nder sind sehr stabil, tragf\u00e4hig und langlebig. Holz-Sattelst\u00e4nder sind optisch warm und klassisch.<\/span><\/p>\n<p><span style=\"font-weight: 400;\">Ber\u00fccksichtigen Sie, dass Sattelb\u00f6cke aus Aluminium nicht so stabil wie Metall sind und sich leichter verformen. Bei Sattelgestellen aus Stahl ist zu beachten, dass sie h\u00e4rter sind und der Metallkontakt den Sattel st\u00e4rker beanspruchen kann. Bedenken Sie, dass Sattelst\u00e4nder aus Holz feuchtigkeitsempfindlich sind und bei schlechter Konstruktion wackeln.<\/span><\/p>\n<h2><span style=\"font-weight: 400;\">Worauf sollte man beim Kauf eines Sattelst\u00e4nders achten?<\/span><\/h2>\n<p><span style=\"font-weight: 400;\">Beim Kauf eines Sattelst\u00e4nders sind die Materialauswahl, die Qualit\u00e4t und die Passform zu beachten. Das Material des Sattelst\u00e4nders sollte stabil sein, am besten aus Metall oder hochwertigem Kunststoff. Das Sattelgestell sollte sauber verarbeitet sein, damit er sicher steht und eine zuverl\u00e4ssige Lagerung erm\u00f6glicht.<\/span><\/p>\n<p><span style=\"font-weight: 400;\">Der ausgew\u00e4hlte Sattelbock sollte zur Gr\u00f6\u00dfe und Form des eigenen Sattels passen, damit die Halterung keine Kratzer oder Druckstellen am Sattel bei der Lagerung verursacht. Zus\u00e4tzliche praktische Eigenschaften wie rutschfeste F\u00fc\u00dfe oder ein klappbares Design machen die Nutzung des Sattelgestells komfortabler und sollten beim Kauf in Erw\u00e4gung gezogen werden.<\/span><\/p>\n<h2><span style=\"font-weight: 400;\">Sattelst\u00e4nder von Alfako<\/span><\/h2>\n<p><span style=\"font-weight: 400;\">Der praktische Sattelst\u00e4nder von Alfako ist verf\u00fcgbar in drei Farben: gr\u00fcn, silber und blau. Unser Sattelst\u00e4nder eignet sich optimal als Erweiterung f\u00fcr Ihren Stall, da er handlich und in verschiedenen Materialien sowie Gewichten erh\u00e4ltlich ist. Der Alfako Sattelbock ist 83 cm hoch, 60 cm breit und 50 cm lang.<\/span><\/p>\n<p><span style=\"font-weight: 400;\">Auf dem Alfako Sattelgestell hat ein Sattel Platz. Wir bieten unsere Sattelst\u00e4nder in Stahl und Aluminium an, wobei die Aluminium-Variante 4 kg schwer und die Stahl-Variante 9 kg ist. Neben Sattelb\u00f6cken finden Sie in unserem Onlineshop Sattelwagen, wobei es sich um Sattelst\u00e4nder mit Rollen f\u00fcr den einfachen Transport handelt.<\/span><\/p>\n<p><span style=\"font-weight: 400;\">Haben Sie weitere Fragen zu unserem Sattelst\u00e4nder oder zu anderen Produkten von Alfako, dann kontaktieren Sie uns gerne \u00fcber das Kontaktformular auf unserer Website. Als Alternative zum Kontaktformular k\u00f6nnen Sie bei Fragen und Anregungen uns eine E-Mail an info@alfako.de schreiben oder uns anrufen unter 01522 287 33 46.<\/span><\/p>\n<p>&nbsp;<\/p>\n<\/div>\n<\/div>\n<\/div>\n<\/div>\n<\/div>\n","protected":false},"excerpt":{"rendered":"<p>Beautiful saddle stand. Foldable, made of lightweight aluminium.<\/p>","protected":false},"featured_media":18172,"template":"","meta":{"_seopress_robots_primary_cat":"none","_seopress_titles_title":"","_seopress_titles_desc":"","_seopress_robots_index":""},"product_brand":[],"product_cat":[16],"product_tag":[],"class_list":{"0":"post-17417","1":"product","2":"type-product","3":"status-publish","4":"has-post-thumbnail","6":"product_cat-stall","8":"first","9":"instock","10":"taxable","11":"shipping-taxable","12":"purchasable","13":"product-type-variable"},"_links":{"self":[{"href":"https:\/\/alfako-stallausstattung.de\/en\/wp-json\/wp\/v2\/product\/17417","targetHints":{"allow":["GET"]}}],"collection":[{"href":"https:\/\/alfako-stallausstattung.de\/en\/wp-json\/wp\/v2\/product"}],"about":[{"href":"https:\/\/alfako-stallausstattung.de\/en\/wp-json\/wp\/v2\/types\/product"}],"wp:featuredmedia":[{"embeddable":true,"href":"https:\/\/alfako-stallausstattung.de\/en\/wp-json\/wp\/v2\/media\/18172"}],"wp:attachment":[{"href":"https:\/\/alfako-stallausstattung.de\/en\/wp-json\/wp\/v2\/media?parent=17417"}],"wp:term":[{"taxonomy":"product_brand","embeddable":true,"href":"https:\/\/alfako-stallausstattung.de\/en\/wp-json\/wp\/v2\/product_brand?post=17417"},{"taxonomy":"product_cat","embeddable":true,"href":"https:\/\/alfako-stallausstattung.de\/en\/wp-json\/wp\/v2\/product_cat?post=17417"},{"taxonomy":"product_tag","embeddable":true,"href":"https:\/\/alfako-stallausstattung.de\/en\/wp-json\/wp\/v2\/product_tag?post=17417"}],"curies":[{"name":"wp","href":"https:\/\/api.w.org\/{rel}","templated":true}]}}