{"id":17411,"date":"2022-12-13T13:09:48","date_gmt":"2022-12-13T12:09:48","guid":{"rendered":"https:\/\/alfako-stallausstattung.de\/?post_type=product&#038;p=17411"},"modified":"2025-02-10T09:42:22","modified_gmt":"2025-02-10T08:42:22","slug":"17411","status":"publish","type":"product","link":"https:\/\/alfako-stallausstattung.de\/en\/produkt\/17411\/","title":{"rendered":"STEEL SADDLE STAND"},"content":{"rendered":"<h2 class=\"hover:duration-80 duration-800 mb-2 mt-6 w-fit cursor-pointer text-lg underline decoration-textOff\/25 decoration-1 underline-offset-[5px] hover:text-super hover:decoration-super\/80 hover:underline-offset-[7px] dark:decoration-textOffDark\/30 dark:hover:text-superDark dark:hover:decoration-superDark\/80 transition-all first:mt-3 motion-reduce:transition-none\" data-state=\"closed\">SATTELST\u00c4NDER AUS STAHL: Robuster Schutz f\u00fcr Ihren Sattel<\/h2>\n<p><span class=\"\">Verf\u00fcgbar in drei Farben: gr\u00fcn, silber und blau<\/span> <span class=\"\">Gewicht Stahl 9,10 kg<\/span> <span class=\"\">Ein Sattelst\u00e4nder aus Stahl ist die ideale L\u00f6sung, um Ihren Sattel sicher und schonend aufzubewahren. Er bietet Stabilit\u00e4t und Schutz vor Besch\u00e4digungen und tr\u00e4gt zur Werterhaltung Ihres Sattels bei.<\/span><\/p>\n<h2 class=\"hover:duration-80 duration-800 mb-2 mt-6 w-fit cursor-pointer text-lg underline decoration-textOff\/25 decoration-1 underline-offset-[5px] hover:text-super hover:decoration-super\/80 hover:underline-offset-[7px] dark:decoration-textOffDark\/30 dark:hover:text-superDark dark:hover:decoration-superDark\/80 transition-all first:mt-3 motion-reduce:transition-none\" data-state=\"closed\">Was ist ein Sattelst\u00e4nder?<\/h2>\n<p><span class=\"\">Ein Sattelst\u00e4nder ist eine St\u00fctzvorrichtung, die speziell f\u00fcr die Lagerung von S\u00e4tteln entwickelt wurde. Er erm\u00f6glicht eine ordentliche und platzsparende Aufbewahrung und sch\u00fctzt den Sattel vor Verformungen und Besch\u00e4digungen.<\/span><\/p>\n<h2 class=\"hover:duration-80 duration-800 mb-2 mt-6 w-fit cursor-pointer text-lg underline decoration-textOff\/25 decoration-1 underline-offset-[5px] hover:text-super hover:decoration-super\/80 hover:underline-offset-[7px] dark:decoration-textOffDark\/30 dark:hover:text-superDark dark:hover:decoration-superDark\/80 transition-all first:mt-3 motion-reduce:transition-none\" data-state=\"closed\">Hauptmerkmale eines Stahl Sattelst\u00e4nders<\/h2>\n<ul class=\"marker:text-textOff list-disc pl-8\">\n<li><span class=\"hover:duration-80 duration-800 cursor-pointer underline decoration-textOff\/25 decoration-1 underline-offset-[4px] hover:text-super hover:decoration-super\/80 hover:underline-offset-[6px] dark:decoration-textOffDark\/30 dark:hover:text-superDark dark:hover:decoration-superDark\/80 transition-all first:mt-3 motion-reduce:transition-none\" data-state=\"closed\"><strong>Material:<\/strong><\/span><span class=\"\"> Stahl (robust und langlebig)<\/span><\/li>\n<li><span class=\"hover:duration-80 duration-800 cursor-pointer underline decoration-textOff\/25 decoration-1 underline-offset-[4px] hover:text-super hover:decoration-super\/80 hover:underline-offset-[6px] dark:decoration-textOffDark\/30 dark:hover:text-superDark dark:hover:decoration-superDark\/80 transition-all first:mt-3 motion-reduce:transition-none\" data-state=\"closed\"><strong>Gewicht:<\/strong><\/span><span class=\"\"> 9,10 kg<\/span><\/li>\n<li><span class=\"hover:duration-80 duration-800 cursor-pointer underline decoration-textOff\/25 decoration-1 underline-offset-[4px] hover:text-super hover:decoration-super\/80 hover:underline-offset-[6px] dark:decoration-textOffDark\/30 dark:hover:text-superDark dark:hover:decoration-superDark\/80 transition-all first:mt-3 motion-reduce:transition-none\" data-state=\"closed\"><strong>Farben:<\/strong><\/span><span class=\"\"> Verf\u00fcgbar in Gr\u00fcn, Silber und Blau<\/span><\/li>\n<li><span class=\"hover:duration-80 duration-800 cursor-pointer underline decoration-textOff\/25 decoration-1 underline-offset-[4px] hover:text-super hover:decoration-super\/80 hover:underline-offset-[6px] dark:decoration-textOffDark\/30 dark:hover:text-superDark dark:hover:decoration-superDark\/80 transition-all first:mt-3 motion-reduce:transition-none\" data-state=\"closed\"><strong>Stabilit\u00e4t:<\/strong><\/span><span class=\"\"> Bietet eine sichere und stabile Auflagefl\u00e4che f\u00fcr den Sattel.<\/span><\/li>\n<li><span class=\"hover:duration-80 duration-800 cursor-pointer underline decoration-textOff\/25 decoration-1 underline-offset-[4px] hover:text-super hover:decoration-super\/80 hover:underline-offset-[6px] dark:decoration-textOffDark\/30 dark:hover:text-superDark dark:hover:decoration-superDark\/80 transition-all first:mt-3 motion-reduce:transition-none\" data-state=\"closed\"><strong>Form:<\/strong><\/span><span class=\"\"> Ergonomische Form, die die nat\u00fcrliche Form des Sattels unterst\u00fctzt und Druckstellen vermeidet.<\/span><\/li>\n<\/ul>\n<h2 class=\"hover:duration-80 duration-800 mb-2 mt-6 w-fit cursor-pointer text-lg underline decoration-textOff\/25 decoration-1 underline-offset-[5px] hover:text-super hover:decoration-super\/80 hover:underline-offset-[7px] dark:decoration-textOffDark\/30 dark:hover:text-superDark dark:hover:decoration-superDark\/80 transition-all first:mt-3 motion-reduce:transition-none\" data-state=\"closed\">Vorteile eines Stahl Sattelst\u00e4nders<\/h2>\n<ul class=\"marker:text-textOff list-disc pl-8\">\n<li><span class=\"hover:duration-80 duration-800 cursor-pointer underline decoration-textOff\/25 decoration-1 underline-offset-[4px] hover:text-super hover:decoration-super\/80 hover:underline-offset-[6px] dark:decoration-textOffDark\/30 dark:hover:text-superDark dark:hover:decoration-superDark\/80 transition-all first:mt-3 motion-reduce:transition-none\" data-state=\"closed\"><strong>Schutz:<\/strong><\/span><span class=\"\"> Sch\u00fctzt den Sattel vor Besch\u00e4digungen, Schmutz und Feuchtigkeit.<\/span><\/li>\n<li><span class=\"hover:duration-80 duration-800 cursor-pointer underline decoration-textOff\/25 decoration-1 underline-offset-[4px] hover:text-super hover:decoration-super\/80 hover:underline-offset-[6px] dark:decoration-textOffDark\/30 dark:hover:text-superDark dark:hover:decoration-superDark\/80 transition-all first:mt-3 motion-reduce:transition-none\" data-state=\"closed\"><strong>Langlebigkeit:<\/strong><\/span><span class=\"\"> Stahl ist ein robustes Material, das eine lange Lebensdauer gew\u00e4hrleistet.<\/span><\/li>\n<li><span class=\"hover:duration-80 duration-800 cursor-pointer underline decoration-textOff\/25 decoration-1 underline-offset-[4px] hover:text-super hover:decoration-super\/80 hover:underline-offset-[6px] dark:decoration-textOffDark\/30 dark:hover:text-superDark dark:hover:decoration-superDark\/80 transition-all first:mt-3 motion-reduce:transition-none\" data-state=\"closed\"><strong>Stabilit\u00e4t:<\/strong><\/span><span class=\"\"> Bietet eine sichere und kippfeste Aufbewahrung.<\/span><\/li>\n<li><span class=\"hover:duration-80 duration-800 cursor-pointer underline decoration-textOff\/25 decoration-1 underline-offset-[4px] hover:text-super hover:decoration-super\/80 hover:underline-offset-[6px] dark:decoration-textOffDark\/30 dark:hover:text-superDark dark:hover:decoration-superDark\/80 transition-all first:mt-3 motion-reduce:transition-none\" data-state=\"closed\"><strong>Ordnung:<\/strong><\/span><span class=\"\"> Sorgt f\u00fcr Ordnung in der Sattelkammer oder am Putzplatz.<\/span><\/li>\n<li><span class=\"hover:duration-80 duration-800 cursor-pointer underline decoration-textOff\/25 decoration-1 underline-offset-[4px] hover:text-super hover:decoration-super\/80 hover:underline-offset-[6px] dark:decoration-textOffDark\/30 dark:hover:text-superDark dark:hover:decoration-superDark\/80 transition-all first:mt-3 motion-reduce:transition-none\" data-state=\"closed\"><strong>Werterhaltung:<\/strong><\/span><span class=\"\"> Tr\u00e4gt zur Werterhaltung des Sattels bei, indem es Verformungen und Besch\u00e4digungen verhindert.<\/span><\/li>\n<li><span class=\"hover:duration-80 duration-800 cursor-pointer underline decoration-textOff\/25 decoration-1 underline-offset-[4px] hover:text-super hover:decoration-super\/80 hover:underline-offset-[6px] dark:decoration-textOffDark\/30 dark:hover:text-superDark dark:hover:decoration-superDark\/80 transition-all first:mt-3 motion-reduce:transition-none\" data-state=\"closed\"><strong>Hygiene:<\/strong><\/span><span class=\"\"> Der Sattel kommt nicht mit dem Boden in Ber\u00fchrung<\/span><\/li>\n<\/ul>\n<h2 class=\"hover:duration-80 duration-800 mb-2 mt-6 w-fit cursor-pointer text-lg underline decoration-textOff\/25 decoration-1 underline-offset-[5px] hover:text-super hover:decoration-super\/80 hover:underline-offset-[7px] dark:decoration-textOffDark\/30 dark:hover:text-superDark dark:hover:decoration-superDark\/80 transition-all first:mt-3 motion-reduce:transition-none\" data-state=\"closed\">Einsatzm\u00f6glichkeiten<\/h2>\n<ul class=\"marker:text-textOff list-disc pl-8\">\n<li><span class=\"hover:duration-80 duration-800 cursor-pointer underline decoration-textOff\/25 decoration-1 underline-offset-[4px] hover:text-super hover:decoration-super\/80 hover:underline-offset-[6px] dark:decoration-textOffDark\/30 dark:hover:text-superDark dark:hover:decoration-superDark\/80 transition-all first:mt-3 motion-reduce:transition-none\" data-state=\"closed\"><strong>Sattelkammer:<\/strong><\/span><span class=\"\"> Zur ordentlichen Aufbewahrung der S\u00e4ttel.<\/span><\/li>\n<li><span class=\"hover:duration-80 duration-800 cursor-pointer underline decoration-textOff\/25 decoration-1 underline-offset-[4px] hover:text-super hover:decoration-super\/80 hover:underline-offset-[6px] dark:decoration-textOffDark\/30 dark:hover:text-superDark dark:hover:decoration-superDark\/80 transition-all first:mt-3 motion-reduce:transition-none\" data-state=\"closed\"><strong>Putzplatz:<\/strong><\/span><span class=\"\"> Zum kurzzeitigen Abstellen des Sattels w\u00e4hrend der Pferdepflege.<\/span><\/li>\n<li><span class=\"hover:duration-80 duration-800 cursor-pointer underline decoration-textOff\/25 decoration-1 underline-offset-[4px] hover:text-super hover:decoration-super\/80 hover:underline-offset-[6px] dark:decoration-textOffDark\/30 dark:hover:text-superDark dark:hover:decoration-superDark\/80 transition-all first:mt-3 motion-reduce:transition-none\" data-state=\"closed\"><strong>Stallgasse:<\/strong><\/span><span class=\"\"> F\u00fcr die Lagerung von S\u00e4tteln in der N\u00e4he der Pferdeboxen.<\/span><\/li>\n<li><span class=\"hover:duration-80 duration-800 cursor-pointer underline decoration-textOff\/25 decoration-1 underline-offset-[4px] hover:text-super hover:decoration-super\/80 hover:underline-offset-[6px] dark:decoration-textOffDark\/30 dark:hover:text-superDark dark:hover:decoration-superDark\/80 transition-all first:mt-3 motion-reduce:transition-none\" data-state=\"closed\"><strong>Mobile Nutzung:<\/strong><\/span><span class=\"\"> Eignet sich auch zum Auffrischen eines Sattels oder f\u00fcr kleinere Reparaturen<\/span><\/li>\n<\/ul>\n<h2 class=\"hover:duration-80 duration-800 mb-2 mt-6 w-fit cursor-pointer text-lg underline decoration-textOff\/25 decoration-1 underline-offset-[5px] hover:text-super hover:decoration-super\/80 hover:underline-offset-[7px] dark:decoration-textOffDark\/30 dark:hover:text-superDark dark:hover:decoration-superDark\/80 transition-all first:mt-3 motion-reduce:transition-none\" data-state=\"closed\">Wer braucht einen Sattelst\u00e4nder aus Stahl?<\/h2>\n<ul class=\"marker:text-textOff list-disc pl-8\">\n<li><span class=\"\">Reiter, die Wert auf eine sichere und schonende Lagerung ihrer S\u00e4ttel legen.<\/span><\/li>\n<li><span class=\"\">Pferdebesitzer, die ihre S\u00e4ttel vor Besch\u00e4digungen sch\u00fctzen m\u00f6chten.<\/span><\/li>\n<li><span class=\"\">Stallbetreiber, die eine ordentliche und platzsparende Aufbewahrungsm\u00f6glichkeit suchen.<\/span><\/li>\n<li><span class=\"\">Reiter die nach einer L\u00f6sung f\u00fcr die Pflege und kleinere Reparaturen des Sattels suchen<\/span><\/li>\n<\/ul>\n<h2 class=\"hover:duration-80 duration-800 mb-2 mt-6 w-fit cursor-pointer text-lg underline decoration-textOff\/25 decoration-1 underline-offset-[5px] hover:text-super hover:decoration-super\/80 hover:underline-offset-[7px] dark:decoration-textOffDark\/30 dark:hover:text-superDark dark:hover:decoration-superDark\/80 transition-all first:mt-3 motion-reduce:transition-none\" data-state=\"closed\">Zus\u00e4tzliche Informationen<\/h2>\n<p><span class=\"\">Auch das Material des Sattelst\u00e4nders\u00a0k\u00f6nnen Sie frei w\u00e4hlen. Ob Sie sich f\u00fcr Stahl oder Aluminium entscheiden, bleibt Ihnen \u00fcberlassen. Die Aluminium-Variante ist 4 kg schwer und die Stahl-Variante 9 kg.<\/span> <span class=\"\">Sattelst\u00e4nder gibt es nicht nur in verschiedenen Materialien (Stahl oder Metall), sondern auch in den verschiedensten Farben - das kann gr\u00fcn, rot und blau, jedoch auch silber oder klassisch schwarz sein. Die Farbe des Sattelst\u00e4nders\u00a0w\u00e4hlen Reiter nach ihrer eigenen Pr\u00e4ferenz.<\/span> <span class=\"\">Entdecken Sie jetzt unseren hochwertigen Sattelst\u00e4nder aus Stahl in den Farben Gr\u00fcn, Silber und Blau und sorgen Sie f\u00fcr eine optimale Aufbewahrung Ihres wertvollen Sattels! Bei Fragen stehen wir Ihnen gerne zur Verf\u00fcgung.<\/span><\/p>\n","protected":false},"excerpt":{"rendered":"<p>Beautiful saddle stand. Foldable made of steel.<\/p>","protected":false},"featured_media":18172,"template":"","meta":{"_seopress_robots_primary_cat":"none","_seopress_titles_title":"","_seopress_titles_desc":"","_seopress_robots_index":""},"product_brand":[],"product_cat":[16],"product_tag":[],"class_list":{"0":"post-17411","1":"product","2":"type-product","3":"status-publish","4":"has-post-thumbnail","6":"product_cat-stall","8":"first","9":"instock","10":"taxable","11":"shipping-taxable","12":"purchasable","13":"product-type-variable"},"_links":{"self":[{"href":"https:\/\/alfako-stallausstattung.de\/en\/wp-json\/wp\/v2\/product\/17411","targetHints":{"allow":["GET"]}}],"collection":[{"href":"https:\/\/alfako-stallausstattung.de\/en\/wp-json\/wp\/v2\/product"}],"about":[{"href":"https:\/\/alfako-stallausstattung.de\/en\/wp-json\/wp\/v2\/types\/product"}],"wp:featuredmedia":[{"embeddable":true,"href":"https:\/\/alfako-stallausstattung.de\/en\/wp-json\/wp\/v2\/media\/18172"}],"wp:attachment":[{"href":"https:\/\/alfako-stallausstattung.de\/en\/wp-json\/wp\/v2\/media?parent=17411"}],"wp:term":[{"taxonomy":"product_brand","embeddable":true,"href":"https:\/\/alfako-stallausstattung.de\/en\/wp-json\/wp\/v2\/product_brand?post=17411"},{"taxonomy":"product_cat","embeddable":true,"href":"https:\/\/alfako-stallausstattung.de\/en\/wp-json\/wp\/v2\/product_cat?post=17411"},{"taxonomy":"product_tag","embeddable":true,"href":"https:\/\/alfako-stallausstattung.de\/en\/wp-json\/wp\/v2\/product_tag?post=17411"}],"curies":[{"name":"wp","href":"https:\/\/api.w.org\/{rel}","templated":true}]}}