{"id":17206,"date":"2022-12-12T10:09:55","date_gmt":"2022-12-12T09:09:55","guid":{"rendered":"https:\/\/alfako-stallausstattung.de\/?post_type=product&#038;p=17206"},"modified":"2025-02-07T09:25:33","modified_gmt":"2025-02-07T08:25:33","slug":"turnierschrank-maxi-comfort-safe-edition","status":"publish","type":"product","link":"https:\/\/alfako-stallausstattung.de\/en\/turnierschrank-maxi-comfort-safe-edition\/","title":{"rendered":"Tournament cabinet Maxi Comfort safe Edition"},"content":{"rendered":"<p><span class=\"hover:duration-80 duration-800 cursor-pointer underline decoration-textOff\/25 decoration-1 underline-offset-[4px] hover:text-super hover:decoration-super\/80 hover:underline-offset-[6px] dark:decoration-textOffDark\/30 dark:hover:text-superDark dark:hover:decoration-superDark\/80 transition-all first:mt-3 motion-reduce:transition-none\" data-state=\"closed\"><strong>Entdecken Sie den TURNIERSCHRANK MAXI COMFORT \u201dSAFE EDITION\u201d: Sicherheit auf h\u00f6chstem Niveau<\/strong><\/span> <span class=\"\">Der TURNIERSCHRANK MAXI COMFORT \u201dSAFE EDITION\u201d wurde speziell entwickelt, um die Sicherheit Ihres Sattels bei Reitturnieren zu gew\u00e4hrleisten. Da die Nachfrage nach sicheren L\u00f6sungen stetig steigt, haben wir uns entschieden, einen Turnierschrank zu entwerfen, der keine Kompromisse bei der Sicherheit eingeht \u2013 und das zu einem fairen Preis.<\/span><\/p>\n<h2 class=\"hover:duration-80 duration-800 mb-2 mt-6 w-fit cursor-pointer text-lg underline decoration-textOff\/25 decoration-1 underline-offset-[5px] hover:text-super hover:decoration-super\/80 hover:underline-offset-[7px] dark:decoration-textOffDark\/30 dark:hover:text-superDark dark:hover:decoration-superDark\/80 transition-all first:mt-3 motion-reduce:transition-none\" data-state=\"closed\"><strong>Gut durchdachte Ausstattung<\/strong><\/h2>\n<ul class=\"marker:text-textOff list-disc pl-8\">\n<li><span class=\"hover:duration-80 duration-800 cursor-pointer underline decoration-textOff\/25 decoration-1 underline-offset-[4px] hover:text-super hover:decoration-super\/80 hover:underline-offset-[6px] dark:decoration-textOffDark\/30 dark:hover:text-superDark dark:hover:decoration-superDark\/80 transition-all first:mt-3 motion-reduce:transition-none\" data-state=\"closed\"><strong>Drei ger\u00e4umige vertikale Schubladen<\/strong><\/span><span class=\"\"> bieten reichlich Platz f\u00fcr Ihre Ausr\u00fcstung.<\/span><\/li>\n<li><span class=\"\">Eine l\u00e4ngliche horizontale Schublade ist speziell f\u00fcr Polster und Decken konzipiert.<\/span><\/li>\n<li><span class=\"\">Drei herausziehbare Leisten mit 12 Kunststoff-Trensenhaltern erleichtern den Zugriff auf wichtige Utensilien.<\/span><\/li>\n<\/ul>\n<h2 class=\"hover:duration-80 duration-800 mb-2 mt-6 w-fit cursor-pointer text-lg underline decoration-textOff\/25 decoration-1 underline-offset-[5px] hover:text-super hover:decoration-super\/80 hover:underline-offset-[7px] dark:decoration-textOffDark\/30 dark:hover:text-superDark dark:hover:decoration-superDark\/80 transition-all first:mt-3 motion-reduce:transition-none\" data-state=\"closed\"><strong>Komfort und Sicherheit<\/strong><\/h2>\n<p><span class=\"\">Der Turnierschrank ist aus hochwertigem Stahl gefertigt und pulverbeschichtet. Er bietet eine verst\u00e4rkte T\u00fcr sowie einen verst\u00e4rkten Rahmen, was ihn extrem widerstandsf\u00e4hig gegen Aufbruch macht. Ein Safe-artiger Schlie\u00dfmechanismus verhindert das Rei\u00dfen des Schlosses selbst bei Besch\u00e4digung. Der gesamte Schrank kann abgeschlossen werden.<\/span><\/p>\n<h2 class=\"hover:duration-80 duration-800 mb-2 mt-6 w-fit cursor-pointer text-lg underline decoration-textOff\/25 decoration-1 underline-offset-[5px] hover:text-super hover:decoration-super\/80 hover:underline-offset-[7px] dark:decoration-textOffDark\/30 dark:hover:text-superDark dark:hover:decoration-superDark\/80 transition-all first:mt-3 motion-reduce:transition-none\" data-state=\"closed\"><strong>Mobilit\u00e4t ohne Grenzen<\/strong><\/h2>\n<p><span class=\"\">Vier praktische Griffe sowie vier pneumatische R\u00e4der (zwei Lenkr\u00e4der mit Feststellbremse) im Durchmesser von 260 mm sorgen daf\u00fcr, dass der Schrank auch bei voller Beladung leicht beweglich bleibt. Optional sind ein Aufsatzschrank Maxi und eine passende Schutzplane erh\u00e4ltlich.<\/span> <span class=\"hover:duration-80 duration-800 cursor-pointer underline decoration-textOff\/25 decoration-1 underline-offset-[4px] hover:text-super hover:decoration-super\/80 hover:underline-offset-[6px] dark:decoration-textOffDark\/30 dark:hover:text-superDark dark:hover:decoration-superDark\/80 transition-all first:mt-3 motion-reduce:transition-none\" data-state=\"closed\"><strong>Technische Details:<\/strong><\/span><\/p>\n<div class=\"w-full overflow-x-auto md:max-w-[90vw] border-borderMain\/50 ring-borderMain\/50 divide-borderMain\/50 dark:divide-borderMainDark\/50 dark:ring-borderMainDark\/50 dark:border-borderMainDark\/50 bg-transparent\">\n<table class=\"border-borderMain dark:border-borderMainDark my-[1em] w-full table-auto border\">\n<thead class=\"bg-offset dark:bg-offsetDark\">\n<tr>\n<th class=\"px-sm py-sm break-normal align-top\">Merkmale<\/th>\n<th class=\"px-sm py-sm break-normal align-top\">Details<\/th>\n<\/tr>\n<\/thead>\n<tbody>\n<tr>\n<td class=\"border-borderMain px-sm dark:border-borderMainDark min-w-[48px] break-normal border\">H\u00f6he<\/td>\n<td class=\"border-borderMain px-sm dark:border-borderMainDark min-w-[48px] break-normal border\">1405 mm (mit R\u00e4dern), 1105 mm (ohne R\u00e4der)<\/td>\n<\/tr>\n<tr>\n<td class=\"border-borderMain px-sm dark:border-borderMainDark min-w-[48px] break-normal border\">Breite<\/td>\n<td class=\"border-borderMain px-sm dark:border-borderMainDark min-w-[48px] break-normal border\">1525 mm (mit Griffen), 1355 mm (ohne Griffe)<\/td>\n<\/tr>\n<tr>\n<td class=\"border-borderMain px-sm dark:border-borderMainDark min-w-[48px] break-normal border\">Tiefe<\/td>\n<td class=\"border-borderMain px-sm dark:border-borderMainDark min-w-[48px] break-normal border\">630 mm<\/td>\n<\/tr>\n<tr>\n<td class=\"border-borderMain px-sm dark:border-borderMainDark min-w-[48px] break-normal border\">Gewicht<\/td>\n<td class=\"border-borderMain px-sm dark:border-borderMainDark min-w-[48px] break-normal border\">ca. 130 kg<\/td>\n<\/tr>\n<\/tbody>\n<\/table>\n<div class=\"py-xs -mt-[0.5em] flex justify-end\">\n<div><\/div>\n<\/div>\n<\/div>\n<p><span class=\"hover:duration-80 duration-800 cursor-pointer underline decoration-textOff\/25 decoration-1 underline-offset-[4px] hover:text-super hover:decoration-super\/80 hover:underline-offset-[6px] dark:decoration-textOffDark\/30 dark:hover:text-superDark dark:hover:decoration-superDark\/80 transition-all first:mt-3 motion-reduce:transition-none\" data-state=\"closed\"><strong>Investition in Zufriedenheit:<\/strong><\/span><span class=\"\"> Der TURNIERSCHRANK MAXI COMFORT \u201dSAFE EDITION\u201d ist eine Garantie f\u00fcr alle anspruchsvollen Reiter \u2013 ohne Kompromisse bei Stil oder Haltbarkeit einzugehen. Erh\u00e4ltlich in silberner Farbe mit dem Produktcode AL.360S<\/span><\/p>\n","protected":false},"excerpt":{"rendered":"<p>Secure, large and elegant tournament locker. Made to ensure the safety of your equipment.<\/p>","protected":false},"featured_media":18193,"template":"","meta":{"_seopress_robots_primary_cat":"none","_seopress_titles_title":"","_seopress_titles_desc":"","_seopress_robots_index":""},"product_brand":[],"product_cat":[16,17],"product_tag":[],"class_list":{"0":"post-17206","1":"product","2":"type-product","3":"status-publish","4":"has-post-thumbnail","6":"product_cat-stall","7":"product_cat-turnierschrank","9":"first","10":"instock","11":"taxable","12":"shipping-taxable","13":"purchasable","14":"product-type-variable"},"_links":{"self":[{"href":"https:\/\/alfako-stallausstattung.de\/en\/wp-json\/wp\/v2\/product\/17206","targetHints":{"allow":["GET"]}}],"collection":[{"href":"https:\/\/alfako-stallausstattung.de\/en\/wp-json\/wp\/v2\/product"}],"about":[{"href":"https:\/\/alfako-stallausstattung.de\/en\/wp-json\/wp\/v2\/types\/product"}],"wp:featuredmedia":[{"embeddable":true,"href":"https:\/\/alfako-stallausstattung.de\/en\/wp-json\/wp\/v2\/media\/18193"}],"wp:attachment":[{"href":"https:\/\/alfako-stallausstattung.de\/en\/wp-json\/wp\/v2\/media?parent=17206"}],"wp:term":[{"taxonomy":"product_brand","embeddable":true,"href":"https:\/\/alfako-stallausstattung.de\/en\/wp-json\/wp\/v2\/product_brand?post=17206"},{"taxonomy":"product_cat","embeddable":true,"href":"https:\/\/alfako-stallausstattung.de\/en\/wp-json\/wp\/v2\/product_cat?post=17206"},{"taxonomy":"product_tag","embeddable":true,"href":"https:\/\/alfako-stallausstattung.de\/en\/wp-json\/wp\/v2\/product_tag?post=17206"}],"curies":[{"name":"wp","href":"https:\/\/api.w.org\/{rel}","templated":true}]}}