{"id":17098,"date":"2022-12-09T11:19:36","date_gmt":"2022-12-09T10:19:36","guid":{"rendered":"https:\/\/alfako-stallausstattung.de\/?post_type=product&#038;p=17098"},"modified":"2025-02-10T10:05:28","modified_gmt":"2025-02-10T09:05:28","slug":"schutzplanen-mini-economy-mit-top-schrank-oben-oeffnend","status":"publish","type":"product","link":"https:\/\/alfako-stallausstattung.de\/en\/schutzplanen-mini-economy-mit-top-schrank-oben-oeffnend\/","title":{"rendered":"Protective tarpaulins Mini Economy with top opening cabinet"},"content":{"rendered":"<p><strong>Passende Schutzplanen f\u00fcr unsere Mini Economy mit Top Schrank oben \u00f6ffnend.<\/strong><\/p>\n<p><span class=\"\">F\u00fcr Ihren Alfako Mini Economy Turnierschrank mit einem Top-Schrank, der oben \u00f6ffnet, gibt es passende Schutzplanen, die speziell entwickelt wurden, um Ihren wertvollen Reitausr\u00fcstungsschrank vor den Elementen zu sch\u00fctzen und ihn stilvoll zu pr\u00e4sentieren. Hier sind einige Details zu solchen Schutzplanen:<\/span><\/p>\n<h2 class=\"hover:duration-80 duration-800 mb-2 mt-6 w-fit cursor-pointer text-lg underline decoration-textOff\/25 decoration-1 underline-offset-[5px] hover:text-super hover:decoration-super\/80 hover:underline-offset-[7px] dark:decoration-textOffDark\/30 dark:hover:text-superDark dark:hover:decoration-superDark\/80 transition-all first:mt-3 motion-reduce:transition-none\" data-state=\"closed\">Hauptmerkmale<\/h2>\n<ul class=\"marker:text-textOff list-disc pl-8\">\n<li><span class=\"hover:duration-80 duration-800 cursor-pointer underline decoration-textOff\/25 decoration-1 underline-offset-[4px] hover:text-super hover:decoration-super\/80 hover:underline-offset-[6px] dark:decoration-textOffDark\/30 dark:hover:text-superDark dark:hover:decoration-superDark\/80 transition-all first:mt-3 motion-reduce:transition-none\" data-state=\"closed\"><strong>Robustes Material<\/strong><\/span><span class=\"\">: Die Schutzplanen sind aus atmungsaktiven und robusten Materialien gefertigt und bieten effektiven Schutz vor Unwettern und Schmutz.<\/span><\/li>\n<li><span class=\"hover:duration-80 duration-800 cursor-pointer underline decoration-textOff\/25 decoration-1 underline-offset-[4px] hover:text-super hover:decoration-super\/80 hover:underline-offset-[6px] dark:decoration-textOffDark\/30 dark:hover:text-superDark dark:hover:decoration-superDark\/80 transition-all first:mt-3 motion-reduce:transition-none\" data-state=\"closed\"><strong>Praktische Handhabung<\/strong><\/span><span class=\"\">: Sie verf\u00fcgen oft \u00fcber einfache Verschl\u00fcsse oder Klettverschl\u00fcsse, die das \u00d6ffnen und Schlie\u00dfen erleichtern.<\/span><\/li>\n<li><span class=\"hover:duration-80 duration-800 cursor-pointer underline decoration-textOff\/25 decoration-1 underline-offset-[4px] hover:text-super hover:decoration-super\/80 hover:underline-offset-[6px] dark:decoration-textOffDark\/30 dark:hover:text-superDark dark:hover:decoration-superDark\/80 transition-all first:mt-3 motion-reduce:transition-none\" data-state=\"closed\"><strong>Farbgebung<\/strong><\/span><span class=\"\">: Erh\u00e4ltlich sind diese Planen in verschiedenen Farben wie silber (RAL 9006), schwarz, blau (RAL 5002) und gr\u00fcn (RAL 6029).<\/span><\/li>\n<\/ul>\n<h2 class=\"hover:duration-80 duration-800 mb-2 mt-6 w-fit cursor-pointer text-lg underline decoration-textOff\/25 decoration-1 underline-offset-[5px] hover:text-super hover:decoration-super\/80 hover:underline-offset-[7px] dark:decoration-textOffDark\/30 dark:hover:text-superDark dark:hover:decoration-superDark\/80 transition-all first:mt-3 motion-reduce:transition-none\" data-state=\"closed\">Vorteile<\/h2>\n<ul class=\"marker:text-textOff list-disc pl-8\">\n<li><span class=\"hover:duration-80 duration-800 cursor-pointer underline decoration-textOff\/25 decoration-1 underline-offset-[4px] hover:text-super hover:decoration-super\/80 hover:underline-offset-[6px] dark:decoration-textOffDark\/30 dark:hover:text-superDark dark:hover:decoration-superDark\/80 transition-all first:mt-3 motion-reduce:transition-none\" data-state=\"closed\"><strong>Witterungsschutz<\/strong><\/span><span class=\"\">: Bieten effektiven Schutz vor Regen, Sonne und Staub.<\/span><\/li>\n<li><span class=\"hover:duration-80 duration-800 cursor-pointer underline decoration-textOff\/25 decoration-1 underline-offset-[4px] hover:text-super hover:decoration-super\/80 hover:underline-offset-[6px] dark:decoration-textOffDark\/30 dark:hover:text-superDark dark:hover:decoration-superDark\/80 transition-all first:mt-3 motion-reduce:transition-none\" data-state=\"closed\"><strong>Langlebigkeit<\/strong><\/span><span class=\"\">: Das robuste Material gew\u00e4hrleistet eine lange Lebensdauer der Plane.<\/span><\/li>\n<li><span class=\"hover:duration-80 duration-800 cursor-pointer underline decoration-textOff\/25 decoration-1 underline-offset-[4px] hover:text-super hover:decoration-super\/80 hover:underline-offset-[6px] dark:decoration-textOffDark\/30 dark:hover:text-superDark dark:hover:decoration-superDark\/80 transition-all first:mt-3 motion-reduce:transition-none\" data-state=\"closed\"><strong>Stilvolles Design<\/strong><\/span><span class=\"\">: Passend zur Farbe Ihres Turnierschranks sorgen sie f\u00fcr ein harmonisches Erscheinungsbild.<\/span><\/li>\n<\/ul>\n<h2 class=\"hover:duration-80 duration-800 mb-2 mt-6 w-fit cursor-pointer text-lg underline decoration-textOff\/25 decoration-1 underline-offset-[5px] hover:text-super hover:decoration-super\/80 hover:underline-offset-[7px] dark:decoration-textOffDark\/30 dark:hover:text-superDark dark:hover:decoration-superDark\/80 transition-all first:mt-3 motion-reduce:transition-none\" data-state=\"closed\">Kaufinformationen<\/h2>\n<p><span class=\"\">Beim Kauf \u00fcber verschiedene Internetportale sollten Sie den Kundenservice kontaktieren. Die Lieferzeit kann je nach Lagerverf\u00fcgbarkeit variieren.<\/span> <span class=\"\">Diese Informationen helfen Ihnen bei der Auswahl einer passenden Schutzplane f\u00fcr Ihren Alfako Mini Economy Turnierschrank mit Top-Schrank oben \u00f6ffnend. Beachten Sie jedoch, dass spezifische Modelle mit einem Top-Schrank oben \u00f6ffnend m\u00f6glicherweise nicht direkt angeboten werden; daher k\u00f6nnte es sich um eine Anpassung handeln oder m\u00fcssen Sie auf Modelle zur\u00fcckgreifen, die \u00e4hnliche Funktion bieten<\/span><\/p>\n","protected":false},"excerpt":{"rendered":"<p>Protection from dirt. Perfect fit in every situation. Our practical and beautiful protective tarpaulins.<\/p>","protected":false},"featured_media":17505,"template":"","meta":{"_seopress_robots_primary_cat":"none","_seopress_titles_title":"","_seopress_titles_desc":"","_seopress_robots_index":""},"product_brand":[],"product_cat":[22,16],"product_tag":[],"class_list":{"0":"post-17098","1":"product","2":"type-product","3":"status-publish","4":"has-post-thumbnail","6":"product_cat-schutzplane","7":"product_cat-stall","9":"first","10":"instock","11":"taxable","12":"shipping-taxable","13":"purchasable","14":"product-type-variable"},"_links":{"self":[{"href":"https:\/\/alfako-stallausstattung.de\/en\/wp-json\/wp\/v2\/product\/17098","targetHints":{"allow":["GET"]}}],"collection":[{"href":"https:\/\/alfako-stallausstattung.de\/en\/wp-json\/wp\/v2\/product"}],"about":[{"href":"https:\/\/alfako-stallausstattung.de\/en\/wp-json\/wp\/v2\/types\/product"}],"wp:featuredmedia":[{"embeddable":true,"href":"https:\/\/alfako-stallausstattung.de\/en\/wp-json\/wp\/v2\/media\/17505"}],"wp:attachment":[{"href":"https:\/\/alfako-stallausstattung.de\/en\/wp-json\/wp\/v2\/media?parent=17098"}],"wp:term":[{"taxonomy":"product_brand","embeddable":true,"href":"https:\/\/alfako-stallausstattung.de\/en\/wp-json\/wp\/v2\/product_brand?post=17098"},{"taxonomy":"product_cat","embeddable":true,"href":"https:\/\/alfako-stallausstattung.de\/en\/wp-json\/wp\/v2\/product_cat?post=17098"},{"taxonomy":"product_tag","embeddable":true,"href":"https:\/\/alfako-stallausstattung.de\/en\/wp-json\/wp\/v2\/product_tag?post=17098"}],"curies":[{"name":"wp","href":"https:\/\/api.w.org\/{rel}","templated":true}]}}