{"id":16906,"date":"2022-12-06T10:25:41","date_gmt":"2022-12-06T09:25:41","guid":{"rendered":"https:\/\/alfako-stallausstattung.de\/?post_type=product&#038;p=16906"},"modified":"2025-02-10T10:20:54","modified_gmt":"2025-02-10T09:20:54","slug":"maus-stop-blech","status":"publish","type":"product","link":"https:\/\/alfako-stallausstattung.de\/en\/maus-stop-blech\/","title":{"rendered":"Mouse Stop Tin Midi"},"content":{"rendered":"<div class=\"mb-md\">\n<div class=\"relative default font-sans text-base text-textMain dark:text-textMainDark selection:bg-super\/50 selection:text-textMain dark:selection:bg-superDuper\/10 dark:selection:text-superDark\">\n<div class=\"min-w-0 break-words [word-break:break-word]\">\n<div dir=\"auto\">\n<div class=\"prose text-pretty dark:prose-invert inline leading-normal break-words min-w-0 [word-break:break-word]\"><span class=\"\">Um den Zugang zur unteren Schublade Ihrer Turnierschr\u00e4nke gegen unerw\u00fcnschte M\u00e4use zu verschlie\u00dfen, gibt es spezielle Bleche. Diese sind eine praktische L\u00f6sung, um Ihren Reitausr\u00fcstungsschrank sicher zu halten. Hier sind einige Details zu diesen Blechen:<\/span><\/p>\n<h2 class=\"hover:duration-80 duration-800 mb-2 mt-6 w-fit cursor-pointer text-lg underline decoration-textOff\/25 decoration-1 underline-offset-[5px] hover:text-super hover:decoration-super\/80 hover:underline-offset-[7px] dark:decoration-textOffDark\/30 dark:hover:text-superDark dark:hover:decoration-superDark\/80 transition-all first:mt-3 motion-reduce:transition-none\" data-state=\"closed\">Hauptmerkmale<\/h2>\n<ul class=\"marker:text-textOff list-disc pl-8\">\n<li><span class=\"hover:duration-80 duration-800 cursor-pointer underline decoration-textOff\/25 decoration-1 underline-offset-[4px] hover:text-super hover:decoration-super\/80 hover:underline-offset-[6px] dark:decoration-textOffDark\/30 dark:hover:text-superDark dark:hover:decoration-superDark\/80 transition-all first:mt-3 motion-reduce:transition-none\" data-state=\"closed\"><strong>Zweck<\/strong><\/span><span class=\"\">: Speziell entwickelt, um den Zugang zur unteren Schublade gegen M\u00e4use abzusichern.<\/span><\/li>\n<li><span class=\"hover:duration-80 duration-800 cursor-pointer underline decoration-textOff\/25 decoration-1 underline-offset-[4px] hover:text-super hover:decoration-super\/80 hover:underline-offset-[6px] dark:decoration-textOffDark\/30 dark:hover:text-superDark dark:hover:decoration-superDark\/80 transition-all first:mt-3 motion-reduce:transition-none\" data-state=\"closed\"><strong>Material<\/strong><\/span><span class=\"\">: Robustes Blech f\u00fcr effektiven Schutz.<\/span><\/li>\n<\/ul>\n<h2 class=\"hover:duration-80 duration-800 mb-2 mt-6 w-fit cursor-pointer text-lg underline decoration-textOff\/25 decoration-1 underline-offset-[5px] hover:text-super hover:decoration-super\/80 hover:underline-offset-[7px] dark:decoration-textOffDark\/30 dark:hover:text-superDark dark:hover:decoration-superDark\/80 transition-all first:mt-3 motion-reduce:transition-none\" data-state=\"closed\">Vorteile<\/h2>\n<ul class=\"marker:text-textOff list-disc pl-8\">\n<li><span class=\"hover:duration-80 duration-800 cursor-pointer underline decoration-textOff\/25 decoration-1 underline-offset-[4px] hover:text-super hover:decoration-super\/80 hover:underline-offset-[6px] dark:decoration-textOffDark\/30 dark:hover:text-superDark dark:hover:decoration-superDark\/80 transition-all first:mt-3 motion-reduce:transition-none\" data-state=\"closed\"><strong>Schutz vor Nagetieren<\/strong><\/span><span class=\"\">: Verhindert das Eindringen von M\u00e4usen in die untere Schublade.<\/span><\/li>\n<li><span class=\"hover:duration-80 duration-800 cursor-pointer underline decoration-textOff\/25 decoration-1 underline-offset-[4px] hover:text-super hover:decoration-super\/80 hover:underline-offset-[6px] dark:decoration-textOffDark\/30 dark:hover:text-superDark dark:hover:decoration-superDark\/80 transition-all first:mt-3 motion-reduce:transition-none\" data-state=\"closed\"><strong>Praktische Montage<\/strong><\/span><span class=\"\">: Beim Kauf eines geeigneten Turnierschranks kann das Blech direkt montiert werden. Bei Einzelkauf wird es komplett mit Montageschrauben geliefert.<\/span><\/li>\n<\/ul>\n<h2 class=\"hover:duration-80 duration-800 mb-2 mt-6 w-fit cursor-pointer text-lg underline decoration-textOff\/25 decoration-1 underline-offset-[5px] hover:text-super hover:decoration-super\/80 hover:underline-offset-[7px] dark:decoration-textOffDark\/30 dark:hover:text-superDark dark:hover:decoration-superDark\/80 transition-all first:mt-3 motion-reduce:transition-none\" data-state=\"closed\">Hinweise zur Montage<\/h2>\n<ol class=\"marker:text-textOff list-decimal pl-8\">\n<li><span class=\"\">Setzen Sie das Blech passgenau unter den Turnierschrank.<\/span><\/li>\n<li><span class=\"\">Markieren Sie die Punkt\u00f6ffnungen des Blechs auf dem Unterbau des Turnierschranks mit einem Marker entsprechend den L\u00f6chern im Blech.<\/span><\/li>\n<li><span class=\"\">Bohren Sie L\u00f6cher im Unterbau des Turnierschranks (falls notwendig).<\/span><\/li>\n<li><span class=\"\">Schrauben Sie das Blech fest mit den beiliegenden Schrauben.<\/span><\/li>\n<\/ol>\n<p><span class=\"\">Diese Informationen helfen Ihnen bei der Auswahl eines passenden Ma\u00dfnahmenpakets zum Schutz Ihres Alfako Turnierschranks vor Nagetieren.<\/span> <span class=\"hover:duration-80 duration-800 cursor-pointer underline decoration-textOff\/25 decoration-1 underline-offset-[4px] hover:text-super hover:decoration-super\/80 hover:underline-offset-[6px] dark:decoration-textOffDark\/30 dark:hover:text-superDark dark:hover:decoration-superDark\/80 transition-all first:mt-3 motion-reduce:transition-none\" data-state=\"closed\"><strong>Hinweis:<\/strong><\/span><span class=\"\"> Die genauen Ma\u00dfe und Anforderungen k\u00f6nnen je nach Modelltyp variieren; daher sollten Sie sicherstellen, dass das Produkt zu Ihrem bestehenden Sattelschrank passt und alle notwendigen Materialien enthalten sind.<\/span><\/div>\n<\/div>\n<\/div>\n<\/div>\n<\/div>\n","protected":false},"excerpt":{"rendered":"<p>Practical solution to keep mice away.<\/p>","protected":false},"featured_media":16935,"template":"","meta":{"_seopress_robots_primary_cat":"none","_seopress_titles_title":"","_seopress_titles_desc":"","_seopress_robots_index":""},"product_brand":[],"product_cat":[17],"product_tag":[],"class_list":{"0":"post-16906","1":"product","2":"type-product","3":"status-publish","4":"has-post-thumbnail","6":"product_cat-turnierschrank","8":"first","9":"instock","10":"taxable","11":"shipping-taxable","12":"purchasable","13":"product-type-simple"},"_links":{"self":[{"href":"https:\/\/alfako-stallausstattung.de\/en\/wp-json\/wp\/v2\/product\/16906","targetHints":{"allow":["GET"]}}],"collection":[{"href":"https:\/\/alfako-stallausstattung.de\/en\/wp-json\/wp\/v2\/product"}],"about":[{"href":"https:\/\/alfako-stallausstattung.de\/en\/wp-json\/wp\/v2\/types\/product"}],"wp:featuredmedia":[{"embeddable":true,"href":"https:\/\/alfako-stallausstattung.de\/en\/wp-json\/wp\/v2\/media\/16935"}],"wp:attachment":[{"href":"https:\/\/alfako-stallausstattung.de\/en\/wp-json\/wp\/v2\/media?parent=16906"}],"wp:term":[{"taxonomy":"product_brand","embeddable":true,"href":"https:\/\/alfako-stallausstattung.de\/en\/wp-json\/wp\/v2\/product_brand?post=16906"},{"taxonomy":"product_cat","embeddable":true,"href":"https:\/\/alfako-stallausstattung.de\/en\/wp-json\/wp\/v2\/product_cat?post=16906"},{"taxonomy":"product_tag","embeddable":true,"href":"https:\/\/alfako-stallausstattung.de\/en\/wp-json\/wp\/v2\/product_tag?post=16906"}],"curies":[{"name":"wp","href":"https:\/\/api.w.org\/{rel}","templated":true}]}}