{"id":16892,"date":"2022-12-06T08:15:29","date_gmt":"2022-12-06T07:15:29","guid":{"rendered":"https:\/\/alfako-stallausstattung.de\/?post_type=product&#038;p=16892"},"modified":"2025-02-10T10:22:13","modified_gmt":"2025-02-10T09:22:13","slug":"schutzplanen-midi","status":"publish","type":"product","link":"https:\/\/alfako-stallausstattung.de\/en\/schutzplanen-midi\/","title":{"rendered":"Protective tarpaulins Midi"},"content":{"rendered":"<p><strong>Passende Schutzplanen f\u00fcr unsere Midi Schr\u00e4nke (au\u00dfer den Midi Economy.)<\/strong><\/p>\n<div class=\"mb-md\">\n<div class=\"relative default font-sans text-base text-textMain dark:text-textMainDark selection:bg-super\/50 selection:text-textMain dark:selection:bg-superDuper\/10 dark:selection:text-superDark\">\n<div class=\"min-w-0 break-words [word-break:break-word]\">\n<div dir=\"auto\">\n<div class=\"prose text-pretty dark:prose-invert inline leading-normal break-words min-w-0 [word-break:break-word]\"><span class=\"\">F\u00fcr Ihre Alfako Midi Turnierschr\u00e4nke (au\u00dfer den Midi Economy) gibt es passende Schutzplanen, die speziell entwickelt wurden, um Ihren wertvollen Reitausr\u00fcstungsschrank vor den Elementen zu sch\u00fctzen und ihn stilvoll zu pr\u00e4sentieren. Hier sind einige Details zu solchen Schutzplanen:<\/span><\/p>\n<h2 class=\"hover:duration-80 duration-800 mb-2 mt-6 w-fit cursor-pointer text-lg underline decoration-textOff\/25 decoration-1 underline-offset-[5px] hover:text-super hover:decoration-super\/80 hover:underline-offset-[7px] dark:decoration-textOffDark\/30 dark:hover:text-superDark dark:hover:decoration-superDark\/80 transition-all first:mt-3 motion-reduce:transition-none\" data-state=\"closed\">Hauptmerkmale<\/h2>\n<ul class=\"marker:text-textOff list-disc pl-8\">\n<li><span class=\"hover:duration-80 duration-800 cursor-pointer underline decoration-textOff\/25 decoration-1 underline-offset-[4px] hover:text-super hover:decoration-super\/80 hover:underline-offset-[6px] dark:decoration-textOffDark\/30 dark:hover:text-superDark dark:hover:decoration-superDark\/80 transition-all first:mt-3 motion-reduce:transition-none\" data-state=\"closed\"><strong>Robustes Material<\/strong><\/span><span class=\"\">: Die Schutzplanen sind aus dickem, hochwertigem Material gefertigt und bieten effektiven Schutz vor Unwettern und Schmutz.<\/span><\/li>\n<li><span class=\"hover:duration-80 duration-800 cursor-pointer underline decoration-textOff\/25 decoration-1 underline-offset-[4px] hover:text-super hover:decoration-super\/80 hover:underline-offset-[6px] dark:decoration-textOffDark\/30 dark:hover:text-superDark dark:hover:decoration-superDark\/80 transition-all first:mt-3 motion-reduce:transition-none\" data-state=\"closed\"><strong>Praktische Handhabung<\/strong><\/span><span class=\"\">: Sie verf\u00fcgen oft \u00fcber einfache Verschl\u00fcsse oder Klettverschl\u00fcsse, die das \u00d6ffnen und Schlie\u00dfen erleichtern.<\/span><\/li>\n<li><span class=\"hover:duration-80 duration-800 cursor-pointer underline decoration-textOff\/25 decoration-1 underline-offset-[4px] hover:text-super hover:decoration-super\/80 hover:underline-offset-[6px] dark:decoration-textOffDark\/30 dark:hover:text-superDark dark:hover:decoration-superDark\/80 transition-all first:mt-3 motion-reduce:transition-none\" data-state=\"closed\"><strong>Farbgebung<\/strong><\/span><span class=\"\">: Erh\u00e4ltlich sind diese Planen in verschiedenen Farben.<\/span><\/li>\n<\/ul>\n<h2 class=\"hover:duration-80 duration-800 mb-2 mt-6 w-fit cursor-pointer text-lg underline decoration-textOff\/25 decoration-1 underline-offset-[5px] hover:text-super hover:decoration-super\/80 hover:underline-offset-[7px] dark:decoration-textOffDark\/30 dark:hover:text-superDark dark:hover:decoration-superDark\/80 transition-all first:mt-3 motion-reduce:transition-none\" data-state=\"closed\">Vorteile<\/h2>\n<ul class=\"marker:text-textOff list-disc pl-8\">\n<li><span class=\"hover:duration-80 duration-800 cursor-pointer underline decoration-textOff\/25 decoration-1 underline-offset-[4px] hover:text-super hover:decoration-super\/80 hover:underline-offset-[6px] dark:decoration-textOffDark\/30 dark:hover:text-superDark dark:hover:decoration-superDark\/80 transition-all first:mt-3 motion-reduce:transition-none\" data-state=\"closed\"><strong>Witterungsschutz<\/strong><\/span><span class=\"\">: Bieten effektiven Schutz vor Regen, Sonne und Staub.<\/span><\/li>\n<li><span class=\"hover:duration-80 duration-800 cursor-pointer underline decoration-textOff\/25 decoration-1 underline-offset-[4px] hover:text-super hover:decoration-super\/80 hover:underline-offset-[6px] dark:decoration-textOffDark\/30 dark:hover:text-superDark dark:hover:decoration-superDark\/80 transition-all first:mt-3 motion-reduce:transition-none\" data-state=\"closed\"><strong>Langlebigkeit<\/strong><\/span><span class=\"\">: Das robuste Material gew\u00e4hrleistet eine lange Lebensdauer der Plane.<\/span><\/li>\n<li><span class=\"hover:duration-80 duration-800 cursor-pointer underline decoration-textOff\/25 decoration-1 underline-offset-[4px] hover:text-super hover:decoration-super\/80 hover:underline-offset-[6px] dark:decoration-textOffDark\/30 dark:hover:text-superDark dark:hover:decoration-superDark\/80 transition-all first:mt-3 motion-reduce:transition-none\" data-state=\"closed\"><strong>Stilvolles Design<\/strong><\/span><span class=\"\">: Passend zur Farbe Ihres Turnierschranks sorgen sie f\u00fcr ein harmonisches Erscheinungsbild.<\/span><\/li>\n<\/ul>\n<h2 class=\"hover:duration-80 duration-800 mb-2 mt-6 w-fit cursor-pointer text-lg underline decoration-textOff\/25 decoration-1 underline-offset-[5px] hover:text-super hover:decoration-super\/80 hover:underline-offset-[7px] dark:decoration-textOffDark\/30 dark:hover:text-superDark dark:hover:decoration-superDark\/80 transition-all first:mt-3 motion-reduce:transition-none\" data-state=\"closed\">Kaufinformationen<\/h2>\n<p><span class=\"\">Beim Kauf \u00fcber verschiedene Internetportale sollten Sie den Kundenservice kontaktieren. Die Lieferzeit kann je nach Lagerverf\u00fcgbarkeit variieren.<\/span> <span class=\"\">Diese Informationen helfen Ihnen bei der Auswahl einer passenden Schutzplane f\u00fcr Ihren Alfako Midi Turnierschrank (au\u00dfer Midi Economy). Beachten Sie jedoch m\u00f6glicherweise geringe Unterschiede in den Preisen je nach Modelltyp (z.B. Prestige).<\/span><\/div>\n<\/div>\n<\/div>\n<\/div>\n<\/div>\n<p>&nbsp;<\/p>\n","protected":false},"excerpt":{"rendered":"<p>Passende Schutzplanen f\u00fcr unsere Midi Schr\u00e4nke (au\u00dfer den Midi Economy.) F\u00fcr Ihre Alfako Midi Turnierschr\u00e4nke (au\u00dfer den Midi Economy) gibt es passende Schutzplanen, die speziell entwickelt wurden, um Ihren wertvollen Reitausr\u00fcstungsschrank vor den Elementen zu sch\u00fctzen und ihn stilvoll zu pr\u00e4sentieren. Hier sind einige Details zu solchen Schutzplanen: Hauptmerkmale Robustes Material: Die Schutzplanen sind aus [&hellip;]<\/p>\n","protected":false},"featured_media":153,"template":"","meta":{"_seopress_robots_primary_cat":"none","_seopress_titles_title":"","_seopress_titles_desc":"","_seopress_robots_index":""},"product_brand":[],"product_cat":[22,16],"product_tag":[],"class_list":{"0":"post-16892","1":"product","2":"type-product","3":"status-publish","4":"has-post-thumbnail","6":"product_cat-schutzplane","7":"product_cat-stall","9":"first","10":"instock","11":"taxable","12":"shipping-taxable","13":"purchasable","14":"product-type-variable"},"_links":{"self":[{"href":"https:\/\/alfako-stallausstattung.de\/en\/wp-json\/wp\/v2\/product\/16892","targetHints":{"allow":["GET"]}}],"collection":[{"href":"https:\/\/alfako-stallausstattung.de\/en\/wp-json\/wp\/v2\/product"}],"about":[{"href":"https:\/\/alfako-stallausstattung.de\/en\/wp-json\/wp\/v2\/types\/product"}],"wp:featuredmedia":[{"embeddable":true,"href":"https:\/\/alfako-stallausstattung.de\/en\/wp-json\/wp\/v2\/media\/153"}],"wp:attachment":[{"href":"https:\/\/alfako-stallausstattung.de\/en\/wp-json\/wp\/v2\/media?parent=16892"}],"wp:term":[{"taxonomy":"product_brand","embeddable":true,"href":"https:\/\/alfako-stallausstattung.de\/en\/wp-json\/wp\/v2\/product_brand?post=16892"},{"taxonomy":"product_cat","embeddable":true,"href":"https:\/\/alfako-stallausstattung.de\/en\/wp-json\/wp\/v2\/product_cat?post=16892"},{"taxonomy":"product_tag","embeddable":true,"href":"https:\/\/alfako-stallausstattung.de\/en\/wp-json\/wp\/v2\/product_tag?post=16892"}],"curies":[{"name":"wp","href":"https:\/\/api.w.org\/{rel}","templated":true}]}}