{"id":12928,"date":"2022-12-02T11:57:57","date_gmt":"2022-12-02T10:57:57","guid":{"rendered":"https:\/\/alfako-stallausstattung.de\/?post_type=product&#038;p=12928"},"modified":"2025-02-07T09:34:37","modified_gmt":"2025-02-07T08:34:37","slug":"turnierschrank-midi-economy-aus-aluminium","status":"publish","type":"product","link":"https:\/\/alfako-stallausstattung.de\/en\/turnierschrank-midi-economy-aus-aluminium\/","title":{"rendered":"Tournament cabinet Midi Economy made of aluminium"},"content":{"rendered":"<p><span class=\"hover:duration-80 duration-800 cursor-pointer underline decoration-textOff\/25 decoration-1 underline-offset-[4px] hover:text-super hover:decoration-super\/80 hover:underline-offset-[6px] dark:decoration-textOffDark\/30 dark:hover:text-superDark dark:hover:decoration-superDark\/80 transition-all first:mt-3 motion-reduce:transition-none\" data-state=\"closed\"><strong>Entdecken Sie den TURNIERSCHRANK MIDI ECONOMY AUS ALUMINIUM: Funktionalit\u00e4t und Sicherheit f\u00fcr anspruchsvolle Reiter<\/strong><\/span> <span class=\"\">Der TURNIERSCHRANK MIDI ECONOMY AUS ALUMINIUM ist ein echter Hingucker in der Welt der Reitausr\u00fcstung. Mit seiner umfangreichen Ausstattung bietet er Platz f\u00fcr zwei S\u00e4ttel und viel weitere Ausr\u00fcstung, ideal f\u00fcr anspruchsvolle Reiter.<\/span><\/p>\n<h2 class=\"hover:duration-80 duration-800 mb-2 mt-6 w-fit cursor-pointer text-lg underline decoration-textOff\/25 decoration-1 underline-offset-[5px] hover:text-super hover:decoration-super\/80 hover:underline-offset-[7px] dark:decoration-textOffDark\/30 dark:hover:text-superDark dark:hover:decoration-superDark\/80 transition-all first:mt-3 motion-reduce:transition-none\" data-state=\"closed\"><strong>Gut durchdachte Ausstattung<\/strong><\/h2>\n<ul class=\"marker:text-textOff list-disc pl-8\">\n<li><span class=\"hover:duration-80 duration-800 cursor-pointer underline decoration-textOff\/25 decoration-1 underline-offset-[4px] hover:text-super hover:decoration-super\/80 hover:underline-offset-[6px] dark:decoration-textOffDark\/30 dark:hover:text-superDark dark:hover:decoration-superDark\/80 transition-all first:mt-3 motion-reduce:transition-none\" data-state=\"closed\"><strong>Drei ger\u00e4umige vertikale Schubladen<\/strong><\/span><span class=\"\"> bieten reichlich Platz f\u00fcr Ihre Ausr\u00fcstung.<\/span><\/li>\n<li><span class=\"\">Zwei herausziehbare Leisten mit 6 Kunststoff-Trennsehaltern erleichtern den Zugriff auf wichtige Utensilien.<\/span><\/li>\n<li><span class=\"\">Zwei praktische Griffe sorgen f\u00fcr gutes Handling.<\/span><\/li>\n<\/ul>\n<h2 class=\"hover:duration-80 duration-800 mb-2 mt-6 w-fit cursor-pointer text-lg underline decoration-textOff\/25 decoration-1 underline-offset-[5px] hover:text-super hover:decoration-super\/80 hover:underline-offset-[7px] dark:decoration-textOffDark\/30 dark:hover:text-superDark dark:hover:decoration-superDark\/80 transition-all first:mt-3 motion-reduce:transition-none\" data-state=\"closed\"><strong>Komfort und Sicherheit<\/strong><\/h2>\n<p><span class=\"\">Der Turnierschrank ist aus Aluminium gefertigt, was ihn leicht macht, und pulverbeschichtet, was ihn langlebig h\u00e4lt. Der gesamte Schrank kann abgeschlossen werden, um Ihre wertvollen Gegenst\u00e4nde zu sch\u00fctzen.<\/span><\/p>\n<h2 class=\"hover:duration-80 duration-800 mb-2 mt-6 w-fit cursor-pointer text-lg underline decoration-textOff\/25 decoration-1 underline-offset-[5px] hover:text-super hover:decoration-super\/80 hover:underline-offset-[7px] dark:decoration-textOffDark\/30 dark:hover:text-superDark dark:hover:decoration-superDark\/80 transition-all first:mt-3 motion-reduce:transition-none\" data-state=\"closed\"><strong>Mobilit\u00e4t ohne Grenzen<\/strong><\/h2>\n<p><span class=\"\">Vier Vollgummir\u00e4der (zwei Lenkr\u00e4der mit Feststellbremse) im Durchmesser von 160 mm sorgen daf\u00fcr, dass der Schrank auch bei voller Beladung leicht beweglich bleibt. Optional sind verschiedene R\u00e4der sowie ein Aufsatzschrank Midi und eine passende Schutzplane erh\u00e4ltlich.<\/span> <span class=\"hover:duration-80 duration-800 cursor-pointer underline decoration-textOff\/25 decoration-1 underline-offset-[4px] hover:text-super hover:decoration-super\/80 hover:underline-offset-[6px] dark:decoration-textOffDark\/30 dark:hover:text-superDark dark:hover:decoration-superDark\/80 transition-all first:mt-3 motion-reduce:transition-none\" data-state=\"closed\"><strong>Technische Details:<\/strong><\/span><\/p>\n<div class=\"w-full overflow-x-auto md:max-w-[90vw] border-borderMain\/50 ring-borderMain\/50 divide-borderMain\/50 dark:divide-borderMainDark\/50  dark:ring-borderMainDark\/50 dark:border-borderMainDark\/50 bg-transparent\">\n<table class=\"border-borderMain dark:border-borderMainDark my-[1em] w-full table-auto border\">\n<thead class=\"bg-offset dark:bg-offsetDark\">\n<tr>\n<th class=\"px-sm py-sm break-normal align-top\">Merkmale<\/th>\n<th class=\"px-sm py-sm break-normal align-top\">Details<\/th>\n<\/tr>\n<\/thead>\n<tbody>\n<tr>\n<td class=\"border-borderMain px-sm dark:border-borderMainDark min-w-[48px] break-normal border\">H\u00f6he<\/td>\n<td class=\"border-borderMain px-sm dark:border-borderMainDark min-w-[48px] break-normal border\">1085 mm (mit R\u00e4dern), 895 mm (ohne R\u00e4der)<\/td>\n<\/tr>\n<tr>\n<td class=\"border-borderMain px-sm dark:border-borderMainDark min-w-[48px] break-normal border\">Breite<\/td>\n<td class=\"border-borderMain px-sm dark:border-borderMainDark min-w-[48px] break-normal border\">1175 mm (mit Griffen), 1005 mm (ohne Griffe)<\/td>\n<\/tr>\n<tr>\n<td class=\"border-borderMain px-sm dark:border-borderMainDark min-w-[48px] break-normal border\">Tiefe<\/td>\n<td class=\"border-borderMain px-sm dark:border-borderMainDark min-w-[48px] break-normal border\">600 mm<\/td>\n<\/tr>\n<tr>\n<td class=\"border-borderMain px-sm dark:border-borderMainDark min-w-[48px] break-normal border\">Gewicht Stahlversion*<\/td>\n<td class=\"border-borderMain px-sm dark:border-borderMainDark min-w-[48px] break-normal border\">ca. *54 kg Aluminiumversion<\/td>\n<\/tr>\n<\/tbody>\n<\/table>\n<div class=\"py-xs -mt-[0.5em] flex justify-end\">\n<div><\/div>\n<\/div>\n<\/div>\n<p><span class=\"\">*Hinweis: Das Gewicht bezieht sich auf die Aluminiumversion; die Stahlversion wiegt etwa doppelt so viel wie angegeben.<\/span> <span class=\"hover:duration-80 duration-800 cursor-pointer underline decoration-textOff\/25 decoration-1 underline-offset-[4px] hover:text-super hover:decoration-super\/80 hover:underline-offset-[6px] dark:decoration-textOffDark\/30 dark:hover:text-superDark dark:hover:decoration-superDark\/80 transition-all first:mt-3 motion-reduce:transition-none\" data-state=\"closed\"><strong>Farbe:<\/strong><\/span><span class=\"\"> Erh\u00e4ltlich in silberner Farbe - RAL -9006.<\/span> <span class=\"hover:duration-80 duration-800 cursor-pointer underline decoration-textOff\/25 decoration-1 underline-offset-[4px] hover:text-super hover:decoration-super\/80 hover:underline-offset-[6px] dark:decoration-textOffDark\/30 dark:hover:text-superDark dark:hover:decoration-superDark\/80 transition-all first:mt-3 motion-reduce:transition-none\" data-state=\"closed\"><strong>Investition in Zufriedenheit:<\/strong><\/span><span class=\"\"> Der TURNIERSCHRANK MIDI ECONOMY AUS ALUMINIUM ist eine Garantie f\u00fcr alle anspruchsvollen Reiter \u2013 ohne Kompromisse bei Stil oder Haltbarkeit einzugehen. Optional k\u00f6nnen ein Aufsatzschrank Midi und eine passende Schutzplane erworben werden.<\/span><\/p>\n","protected":false},"excerpt":{"rendered":"<p><em>Small but spacious and very light tournament cabinet made of aluminium.<\/em><\/p>","protected":false},"featured_media":852,"template":"","meta":{"_seopress_robots_primary_cat":"none","_seopress_titles_title":"","_seopress_titles_desc":"","_seopress_robots_index":""},"product_brand":[],"product_cat":[16,17],"product_tag":[],"class_list":{"0":"post-12928","1":"product","2":"type-product","3":"status-publish","4":"has-post-thumbnail","6":"product_cat-stall","7":"product_cat-turnierschrank","9":"first","10":"instock","11":"taxable","12":"shipping-taxable","13":"purchasable","14":"product-type-variable"},"_links":{"self":[{"href":"https:\/\/alfako-stallausstattung.de\/en\/wp-json\/wp\/v2\/product\/12928","targetHints":{"allow":["GET"]}}],"collection":[{"href":"https:\/\/alfako-stallausstattung.de\/en\/wp-json\/wp\/v2\/product"}],"about":[{"href":"https:\/\/alfako-stallausstattung.de\/en\/wp-json\/wp\/v2\/types\/product"}],"wp:featuredmedia":[{"embeddable":true,"href":"https:\/\/alfako-stallausstattung.de\/en\/wp-json\/wp\/v2\/media\/852"}],"wp:attachment":[{"href":"https:\/\/alfako-stallausstattung.de\/en\/wp-json\/wp\/v2\/media?parent=12928"}],"wp:term":[{"taxonomy":"product_brand","embeddable":true,"href":"https:\/\/alfako-stallausstattung.de\/en\/wp-json\/wp\/v2\/product_brand?post=12928"},{"taxonomy":"product_cat","embeddable":true,"href":"https:\/\/alfako-stallausstattung.de\/en\/wp-json\/wp\/v2\/product_cat?post=12928"},{"taxonomy":"product_tag","embeddable":true,"href":"https:\/\/alfako-stallausstattung.de\/en\/wp-json\/wp\/v2\/product_tag?post=12928"}],"curies":[{"name":"wp","href":"https:\/\/api.w.org\/{rel}","templated":true}]}}