{"id":11711,"date":"2022-12-01T10:01:49","date_gmt":"2022-12-01T09:01:49","guid":{"rendered":"https:\/\/alfako-stallausstattung.de\/?post_type=product&#038;p=11711"},"modified":"2025-02-07T09:35:26","modified_gmt":"2025-02-07T08:35:26","slug":"turnierschrank-mini-aluminium","status":"publish","type":"product","link":"https:\/\/alfako-stallausstattung.de\/en\/turnierschrank-mini-aluminium\/","title":{"rendered":"Tournament cabinet Mini Aluminium"},"content":{"rendered":"<p><span class=\"hover:duration-80 duration-800 cursor-pointer underline decoration-textOff\/25 decoration-1 underline-offset-[4px] hover:text-super hover:decoration-super\/80 hover:underline-offset-[6px] dark:decoration-textOffDark\/30 dark:hover:text-superDark dark:hover:decoration-superDark\/80 transition-all first:mt-3 motion-reduce:transition-none\" data-state=\"closed\"><strong>Entdecken Sie den TURNIERSCHRANK MINI: Eleganz und Funktionalit\u00e4t f\u00fcr anspruchsvolle Reiter<\/strong><\/span> <span class=\"\">Der TURNIERSCHRANK MINI ist ein echter Hingucker in der Welt der Reitausr\u00fcstung. Mit seiner umfangreichen Ausstattung bietet er Platz f\u00fcr zwei S\u00e4ttel und viel weitere Ausr\u00fcstung, ideal f\u00fcr anspruchsvolle Reiter.<\/span><\/p>\n<h2 class=\"hover:duration-80 duration-800 mb-2 mt-6 w-fit cursor-pointer text-lg underline decoration-textOff\/25 decoration-1 underline-offset-[5px] hover:text-super hover:decoration-super\/80 hover:underline-offset-[7px] dark:decoration-textOffDark\/30 dark:hover:text-superDark dark:hover:decoration-superDark\/80 transition-all first:mt-3 motion-reduce:transition-none\" data-state=\"closed\"><strong>Gut durchdachte Ausstattung<\/strong><\/h2>\n<ul class=\"marker:text-textOff list-disc pl-8\">\n<li><span class=\"hover:duration-80 duration-800 cursor-pointer underline decoration-textOff\/25 decoration-1 underline-offset-[4px] hover:text-super hover:decoration-super\/80 hover:underline-offset-[6px] dark:decoration-textOffDark\/30 dark:hover:text-superDark dark:hover:decoration-superDark\/80 transition-all first:mt-3 motion-reduce:transition-none\" data-state=\"closed\"><strong>Eine ausziehbare Leiste<\/strong><\/span><span class=\"\"> mit 3 Kunststoff-Trensenhaltern erleichtert den Zugriff auf wichtige Utensilien.<\/span><\/li>\n<li><span class=\"\">Eine ger\u00e4umige Schublade bietet reichlich Platz zur Organisation Ihrer Ausr\u00fcstung.<\/span><\/li>\n<li><span class=\"\">Ein praktischer Transportgriff sorgt f\u00fcr gutes Handling.<\/span><\/li>\n<\/ul>\n<h2 class=\"hover:duration-80 duration-800 mb-2 mt-6 w-fit cursor-pointer text-lg underline decoration-textOff\/25 decoration-1 underline-offset-[5px] hover:text-super hover:decoration-super\/80 hover:underline-offset-[7px] dark:decoration-textOffDark\/30 dark:hover:text-superDark dark:hover:decoration-superDark\/80 transition-all first:mt-3 motion-reduce:transition-none\" data-state=\"closed\"><strong>Komfort und Sicherheit<\/strong><\/h2>\n<p><span class=\"\">Der Turnierschrank ist aus hochwertigem Stahl gefertigt und pulverbeschichtet, was ihn langlebig macht. Der gesamte Schrank kann abgeschlossen werden, um Ihre wertvollen Gegenst\u00e4nde zu sch\u00fctzen.<\/span><\/p>\n<h2 class=\"hover:duration-80 duration-800 mb-2 mt-6 w-fit cursor-pointer text-lg underline decoration-textOff\/25 decoration-1 underline-offset-[5px] hover:text-super hover:decoration-super\/80 hover:underline-offset-[7px] dark:decoration-textOffDark\/30 dark:hover:text-superDark dark:hover:decoration-superDark\/80 transition-all first:mt-3 motion-reduce:transition-none\" data-state=\"closed\"><strong>Mobilit\u00e4t ohne Grenzen<\/strong><\/h2>\n<p><span class=\"\">Zwei Vollgummir\u00e4der im Durchmesser von 160 mm sorgen daf\u00fcr, dass der Schrank auch bei voller Beladung leicht beweglich bleibt. Optional sind pneumatische R\u00e4der mit einem Durchmesser von 180 mm erh\u00e4ltlich.<\/span> <span class=\"hover:duration-80 duration-800 cursor-pointer underline decoration-textOff\/25 decoration-1 underline-offset-[4px] hover:text-super hover:decoration-super\/80 hover:underline-offset-[6px] dark:decoration-textOffDark\/30 dark:hover:text-superDark dark:hover:decoration-superDark\/80 transition-all first:mt-3 motion-reduce:transition-none\" data-state=\"closed\"><strong>Technische Details:<\/strong><\/span><\/p>\n<div class=\"w-full overflow-x-auto md:max-w-[90vw] border-borderMain\/50 ring-borderMain\/50 divide-borderMain\/50 dark:divide-borderMainDark\/50  dark:ring-borderMainDark\/50 dark:border-borderMainDark\/50 bg-transparent\">\n<table class=\"border-borderMain dark:border-borderMainDark my-[1em] w-full table-auto border\">\n<thead class=\"bg-offset dark:bg-offsetDark\">\n<tr>\n<th class=\"px-sm py-sm break-normal align-top\">Merkmale<\/th>\n<th class=\"px-sm py-sm break-normal align-top\">Details<\/th>\n<\/tr>\n<\/thead>\n<tbody>\n<tr>\n<td class=\"border-borderMain px-sm dark:border-borderMainDark min-w-[48px] break-normal border\">H\u00f6he<\/td>\n<td class=\"border-borderMain px-sm dark:border-borderMainDark min-w-[48px] break-normal border\">1240 mm (mit Griff), 1160 mm (ohne Griff)<\/td>\n<\/tr>\n<tr>\n<td class=\"border-borderMain px-sm dark:border-borderMainDark min-w-[48px] break-normal border\">Gewicht Aluminiumversion*<\/td>\n<td class=\"border-borderMain px-sm dark:border-borderMainDark min-w-[48px] break-normal border\">ca. *36 kg<\/td>\n<\/tr>\n<\/tbody>\n<\/table>\n<div class=\"py-xs -mt-[0.5em] flex justify-end\">\n<div><\/div>\n<\/div>\n<\/div>\n<p><span class=\"\">*Hinweis: Das Gewicht bezieht sich auf die Aluminiumversion; die Stahlversion wiegt etwa doppelt so viel wie angegeben<\/span><span class=\"\"><span class=\"whitespace-nowrap\"><a class=\" mr-[2px] citation ml-xs inline\" href=\"https:\/\/www.ps-pferdesport.at\/Turnierbedarf\/Sattelschraenke\/Alfako-Turnierschrank-MINI.html\" target=\"_blank\" rel=\"nofollow noopener\" data-state=\"closed\" aria-label=\"Alfako Turnierschrank \u201eMINI\u201c | online kaufen\"><span class=\"relative align-middle undefined -top-px default font-sans text-base text-textMain dark:text-textMainDark selection:bg-super\/50 selection:text-textMain dark:selection:bg-superDuper\/10 dark:selection:text-superDark\"><span class=\"hover:bg-super dark:hover:bg-superDark dark:hover:text-backgroundDark min-w-[1rem] rounded-[0.3125rem] px-[0.3rem] text-center align-middle font-mono text-[0.6rem] tabular-nums hover:text-white py-[0.1875rem] border-borderMain\/50 ring-borderMain\/50 divide-borderMain\/50 dark:divide-borderMainDark\/50  dark:ring-borderMainDark\/50 dark:border-borderMainDark\/50 bg-offsetPlus dark:bg-offsetPlusDark\">2<\/span><\/span><\/a>.<\/span><\/span> <span class=\"hover:duration-80 duration-800 cursor-pointer underline decoration-textOff\/25 decoration-1 underline-offset-[4px] hover:text-super hover:decoration-super\/80 hover:underline-offset-[6px] dark:decoration-textOffDark\/30 dark:hover:text-superDark dark:hover:decoration-superDark\/80 transition-all first:mt-3 motion-reduce:transition-none\" data-state=\"closed\"><strong>Farbe:<\/strong><\/span><span class=\"\"> Erh\u00e4ltlich in silberner Farbe - RAL -9006.<\/span> <span class=\"hover:duration-80 duration-800 cursor-pointer underline decoration-textOff\/25 decoration-1 underline-offset-[4px] hover:text-super hover:decoration-super\/80 hover:underline-offset-[6px] dark:decoration-textOffDark\/30 dark:hover:text-superDark dark:hover:decoration-superDark\/80 transition-all first:mt-3 motion-reduce:transition-none\" data-state=\"closed\"><strong>Investition in Zufriedenheit:<\/strong><\/span><span class=\"\"> Der TURNIERSCHRANK MINI ist eine Garantie f\u00fcr alle anspruchsvollen Reiter \u2013 ohne Kompromisse bei Stil oder Haltbarkeit einzugehen. Optional k\u00f6nnen ein Top-Schrank Mini und eine passende Schutzplane erworben werden<\/span><\/p>\n","protected":false},"excerpt":{"rendered":"<p><em>Small but spacious and very light tournament cabinet made of aluminium.<br \/>\n<\/em><\/p>","protected":false},"featured_media":124,"template":"","meta":{"_seopress_robots_primary_cat":"none","_seopress_titles_title":"","_seopress_titles_desc":"","_seopress_robots_index":""},"product_brand":[],"product_cat":[16,17],"product_tag":[],"class_list":{"0":"post-11711","1":"product","2":"type-product","3":"status-publish","4":"has-post-thumbnail","6":"product_cat-stall","7":"product_cat-turnierschrank","9":"first","10":"instock","11":"taxable","12":"shipping-taxable","13":"purchasable","14":"product-type-variable"},"_links":{"self":[{"href":"https:\/\/alfako-stallausstattung.de\/en\/wp-json\/wp\/v2\/product\/11711","targetHints":{"allow":["GET"]}}],"collection":[{"href":"https:\/\/alfako-stallausstattung.de\/en\/wp-json\/wp\/v2\/product"}],"about":[{"href":"https:\/\/alfako-stallausstattung.de\/en\/wp-json\/wp\/v2\/types\/product"}],"wp:featuredmedia":[{"embeddable":true,"href":"https:\/\/alfako-stallausstattung.de\/en\/wp-json\/wp\/v2\/media\/124"}],"wp:attachment":[{"href":"https:\/\/alfako-stallausstattung.de\/en\/wp-json\/wp\/v2\/media?parent=11711"}],"wp:term":[{"taxonomy":"product_brand","embeddable":true,"href":"https:\/\/alfako-stallausstattung.de\/en\/wp-json\/wp\/v2\/product_brand?post=11711"},{"taxonomy":"product_cat","embeddable":true,"href":"https:\/\/alfako-stallausstattung.de\/en\/wp-json\/wp\/v2\/product_cat?post=11711"},{"taxonomy":"product_tag","embeddable":true,"href":"https:\/\/alfako-stallausstattung.de\/en\/wp-json\/wp\/v2\/product_tag?post=11711"}],"curies":[{"name":"wp","href":"https:\/\/api.w.org\/{rel}","templated":true}]}}